{"id":744742,"date":"2025-08-28T02:03:51","date_gmt":"2025-08-27T23:03:51","guid":{"rendered":"https:\/\/roveyayinevi.com.tr\/index.php\/urun\/bir-aihm-yargicinin-not-defteri\/"},"modified":"2026-04-16T02:56:40","modified_gmt":"2026-04-15T23:56:40","slug":"bir-aihm-yargicinin-not-defteri","status":"publish","type":"product","link":"https:\/\/roveyayinevi.com.tr\/index.php\/urun\/bir-aihm-yargicinin-not-defteri\/","title":{"rendered":"Bir AI\u0307HM Yarg\u0131c\u0131n\u0131n Not Defteri"},"content":{"rendered":"<p>Biri Avrupa I\u0307nsan Haklar\u0131 Mahkemesi eski yarg\u0131c\u0131, dig\u0306eri insan haklar\u0131 hukuku aras\u0327t\u0131rmac\u0131s\u0131 iki hukukc\u0327u, R\u0131za Tu\u0308rmen ve Is\u0327\u0131l Kurnaz Avrupa I\u0307nsan Haklar\u0131 Mahkemesi\u2019ni (AI\u0307HM) ve Avrupa I\u0307nsan Haklar\u0131 So\u0308zles\u0327mesi\u2019ni (AI\u0307HS) masaya yat\u0131r\u0131yorlar. Mahkemenin kurulus\u0327 amac\u0131n\u0131, ilkelerini, is\u0327leyis\u0327ini, bugu\u0308nku\u0308 konumunu tart\u0131s\u0327\u0131rlarken, AI\u0307HS\u2019nin maddelerini ayr\u0131nt\u0131lar\u0131yla ele alarak bir insan haklar\u0131 hukuku c\u0327erc\u0327evesi c\u0327iziyorlar. AI\u0307HM\u2019de go\u0308ru\u0308lmu\u0308s\u0327 Tu\u0308rkiye ve so\u0308zles\u0327meye taraf dig\u0306er devletlerin dava ve karar o\u0308rnekleriyle, so\u0308zles\u0327meyle tan\u0131nan haklar\u0131n ve bu haklar\u0131n ihlallerinin derinine iniyorlar. Soyut bir tart\u0131s\u0327ma izlemektense, o\u0308zellikle Tu\u0308rkiye\u2019deki demokrasi ve insan haklar\u0131 sorunlar\u0131n\u0131 irdeliyorlar, demokrasi ve insan haklar\u0131n\u0131n vazgec\u0327ilemeyecek ilkeler oldug\u0306u fikrinden s\u0327as\u0327mayarak bu sorunlar\u0131n c\u0327o\u0308zu\u0308mlerine \u0131s\u0327\u0131k tutuyorlar. Bir AI\u0307HM Yarg\u0131c\u0131n\u0131n Not Defteri hem hukuk o\u0308g\u0306rencilerine ve profesyonellerine bir rehber hem de insan haklar\u0131 hukukunu daha yak\u0131ndan o\u0308g\u0306renmek isteyenlere bir kaynak nitelig\u0306inde.<\/p>\n","protected":false},"excerpt":{"rendered":"<p>Biri Avrupa I\u0307nsan Haklar\u0131 Mahkemesi eski yarg\u0131c\u0131, dig\u0306eri insan haklar\u0131 hukuku aras\u0327t\u0131rmac\u0131s\u0131 iki hukukc\u0327u, R\u0131za Tu\u0308rmen ve Is\u0327\u0131l Kurnaz Avrupa I\u0307nsan Haklar\u0131 Mahkemesi\u2019ni (AI\u0307HM) ve Avrupa<span class=\"excerpt-hellip\"> [\u2026]<\/span><\/p>\n","protected":false},"featured_media":0,"template":"","meta":{"_monsterinsights_skip_tracking":false,"_monsterinsights_sitenote_active":false,"_monsterinsights_sitenote_note":"","_monsterinsights_sitenote_category":0},"product_brand":[],"product_cat":[15350,17602],"product_tag":[],"class_list":{"0":"post-744742","1":"product","2":"type-product","3":"status-publish","5":"product_cat-hukuk","6":"product_cat-hukuk-uzerine","7":"pa_cilt-ciltsiz","8":"pa_tur-kitap","9":"pa_yayinevi-iletisim-yayinlari","10":"pa_yazar-riza-turmen","12":"first","13":"instock","14":"sale","15":"shipping-taxable","16":"purchasable","17":"product-type-simple"},"_links":{"self":[{"href":"https:\/\/roveyayinevi.com.tr\/index.php\/wp-json\/wp\/v2\/product\/744742","targetHints":{"allow":["GET"]}}],"collection":[{"href":"https:\/\/roveyayinevi.com.tr\/index.php\/wp-json\/wp\/v2\/product"}],"about":[{"href":"https:\/\/roveyayinevi.com.tr\/index.php\/wp-json\/wp\/v2\/types\/product"}],"wp:attachment":[{"href":"https:\/\/roveyayinevi.com.tr\/index.php\/wp-json\/wp\/v2\/media?parent=744742"}],"wp:term":[{"taxonomy":"product_brand","embeddable":true,"href":"https:\/\/roveyayinevi.com.tr\/index.php\/wp-json\/wp\/v2\/product_brand?post=744742"},{"taxonomy":"product_cat","embeddable":true,"href":"https:\/\/roveyayinevi.com.tr\/index.php\/wp-json\/wp\/v2\/product_cat?post=744742"},{"taxonomy":"product_tag","embeddable":true,"href":"https:\/\/roveyayinevi.com.tr\/index.php\/wp-json\/wp\/v2\/product_tag?post=744742"}],"curies":[{"name":"wp","href":"https:\/\/api.w.org\/{rel}","templated":true}]}}