{"id":744739,"date":"2025-08-28T02:03:48","date_gmt":"2025-08-27T23:03:48","guid":{"rendered":"https:\/\/roveyayinevi.com.tr\/index.php\/urun\/salgin-dongusu\/"},"modified":"2026-04-16T02:56:40","modified_gmt":"2026-04-15T23:56:40","slug":"salgin-dongusu","status":"publish","type":"product","link":"https:\/\/roveyayinevi.com.tr\/index.php\/urun\/salgin-dongusu\/","title":{"rendered":"Salg\u0131n Do\u0308ngu\u0308s\u00fc"},"content":{"rendered":"<p>Salg\u0131n hastal\u0131klar tarih boyunca sadece milyonlarca insan\u0131n kaderini belirlemekle kalmad\u0131 uygarl\u0131klar\u0131n, imparatorluklar\u0131n, devletlerin, s\u0327ehirlerin gelis\u0327im c\u0327izgilerine de olumlu ya da olumsuz s\u0327ekil verdi. Gerek hayat kos\u0327ullar\u0131n\u0131n, gerek hijyen yaklas\u0327\u0131mlar\u0131n\u0131n iyiles\u0327tirilmesiyle ve t\u0131p alan\u0131ndaki devrimlerle salg\u0131nlarla mu\u0308cadelede yu\u0308zy\u0131llar ic\u0327inde o\u0308nemli yol al\u0131nd\u0131. Ancak, COVID-19 pandemisinin de go\u0308sterdig\u0306i gibi, her zaman bir tehdit olan salg\u0131nlar insanl\u0131g\u0306\u0131n gu\u0308ndeminden hic\u0327bir zaman tam olarak da du\u0308s\u0327mu\u0308yor. Charles Kenny, gu\u0308nu\u0308mu\u0308ze dek getirdig\u0306i Salg\u0131n Do\u0308ngu\u0308su\u0308\u2019nde insanl\u0131g\u0306\u0131n bulas\u0327\u0131c\u0131 hastal\u0131klarla, salg\u0131nlarla mu\u0308cadelesinin canl\u0131, kapsaml\u0131, o\u0308zlu\u0308 ve kolayl\u0131kla anlas\u0327\u0131l\u0131r bir do\u0308ku\u0308mu\u0308nu\u0308 sunuyor. Tarihsel ilerlemeler, ekonomi, ku\u0308reselles\u0327me, ku\u0308ltu\u0308r, halk sag\u0306l\u0131g\u0306\u0131 ve bulas\u0327\u0131c\u0131 hastal\u0131klar aras\u0131ndaki ilis\u0327kinin haritas\u0131n\u0131 c\u0327\u0131karan Kenny, al\u0131nacak derslerle dolu oldug\u0306u kadar gelecek ic\u0327in o\u0308nerileri de ic\u0327eren bir bak\u0131s\u0327 sunuyor. \u201cMuhtes\u0327em&#8230; Salg\u0131n Do\u0308ngu\u0308su\u0308\u2019nu\u0308n entelektu\u0308el gu\u0308cu\u0308, kapsaml\u0131 bir tarihsel analiz yapmas\u0131ndan geliyor. (&#8230;) Bu gerc\u0327ekten birinci s\u0131n\u0131f bir is\u0327!\u201d DOROTHY PORTER, T\u0131p tarihc\u0327isi \u201c&#8230; politika belirleyiciler, bilim insanlar\u0131 ve ilgilenen herkes ic\u0327in o\u0308nemli bir tarihsel ve analitik bak\u0131s\u0327 ac\u0327\u0131s\u0131 sag\u0306l\u0131yor.\u201d MICHAEL KREMER, Harvard U\u0308niversitesi profeso\u0308ru\u0308 ve Nobel Ekonomi O\u0308du\u0308lu\u0308 sahibi <\/p>\n","protected":false},"excerpt":{"rendered":"<p>Salg\u0131n hastal\u0131klar tarih boyunca sadece milyonlarca insan\u0131n kaderini belirlemekle kalmad\u0131 uygarl\u0131klar\u0131n, imparatorluklar\u0131n, devletlerin, s\u0327ehirlerin gelis\u0327im c\u0327izgilerine de olumlu ya da olumsuz s\u0327ekil verdi. Gerek hayat kos\u0327ullar\u0131n\u0131n,<span class=\"excerpt-hellip\"> [\u2026]<\/span><\/p>\n","protected":false},"featured_media":0,"template":"","meta":{"_monsterinsights_skip_tracking":false,"_monsterinsights_sitenote_active":false,"_monsterinsights_sitenote_note":"","_monsterinsights_sitenote_category":0},"product_brand":[],"product_cat":[12325,12324],"product_tag":[],"class_list":{"0":"post-744739","1":"product","2":"type-product","3":"status-publish","5":"product_cat-diger-sosyoloji","6":"product_cat-sosyoloji","7":"pa_cilt-ciltsiz","8":"pa_tur-kitap","9":"pa_yayinevi-iletisim-yayinlari","10":"pa_yazar-charles-kenny","12":"first","13":"instock","14":"sale","15":"shipping-taxable","16":"purchasable","17":"product-type-simple"},"_links":{"self":[{"href":"https:\/\/roveyayinevi.com.tr\/index.php\/wp-json\/wp\/v2\/product\/744739","targetHints":{"allow":["GET"]}}],"collection":[{"href":"https:\/\/roveyayinevi.com.tr\/index.php\/wp-json\/wp\/v2\/product"}],"about":[{"href":"https:\/\/roveyayinevi.com.tr\/index.php\/wp-json\/wp\/v2\/types\/product"}],"wp:attachment":[{"href":"https:\/\/roveyayinevi.com.tr\/index.php\/wp-json\/wp\/v2\/media?parent=744739"}],"wp:term":[{"taxonomy":"product_brand","embeddable":true,"href":"https:\/\/roveyayinevi.com.tr\/index.php\/wp-json\/wp\/v2\/product_brand?post=744739"},{"taxonomy":"product_cat","embeddable":true,"href":"https:\/\/roveyayinevi.com.tr\/index.php\/wp-json\/wp\/v2\/product_cat?post=744739"},{"taxonomy":"product_tag","embeddable":true,"href":"https:\/\/roveyayinevi.com.tr\/index.php\/wp-json\/wp\/v2\/product_tag?post=744739"}],"curies":[{"name":"wp","href":"https:\/\/api.w.org\/{rel}","templated":true}]}}