{"id":744738,"date":"2025-08-28T02:03:47","date_gmt":"2025-08-27T23:03:47","guid":{"rendered":"https:\/\/roveyayinevi.com.tr\/index.php\/urun\/armoni-ve-eslikleme\/"},"modified":"2026-04-16T02:56:40","modified_gmt":"2026-04-15T23:56:40","slug":"armoni-ve-eslikleme","status":"publish","type":"product","link":"https:\/\/roveyayinevi.com.tr\/index.php\/urun\/armoni-ve-eslikleme\/","title":{"rendered":"Armoni ve E\u015flikleme"},"content":{"rendered":"<p>Literat\u00fcrdeki \u00e7al\u0131\u015fmalar incelendi\u011finde \u00f6\u011frencilerin verilen bir ezgiye kar\u015f\u0131 akor dizisi olu\u015fturma \u00e7al\u0131\u015fmalar\u0131nda en temel yakla\u015f\u0131m olan kadans olu\u015fturma fikrinden \u00e7o\u011funlukla uzak kald\u0131klar\u0131 g\u00f6r\u00fclmektedir. Bu eksikli\u011fin giderilmesine yard\u0131mc\u0131 olmak amac\u0131yla haz\u0131rlanan bu kitapta \u00f6ncelikte armoni ve \u00e7okseslilik ile ilgili temel bilgilere yer verilmi\u015ftir. Daha sonra temel kadans \u00e7al\u0131\u015fmalar\u0131ndan ba\u015flayarak verilen ezgiye kar\u015f\u0131 akor dizisi olu\u015fturma \u00e7al\u0131\u015fmalar\u0131na yer verilmi\u015ftir. Geni\u015f serim armonileme \u00e7al\u0131\u015fmalar\u0131 kitaba d\u00e2hil edilmeyerek kitab\u0131n as\u0131l amac\u0131 olan, ezgilere akor dizileri olu\u015fturma \u00e7al\u0131\u015fmalar\u0131na a\u011f\u0131rl\u0131k verilmi\u015ftir. Akor dizileri olu\u015fturulurken armonik kadanslar kullan\u0131lmas\u0131 gereklili\u011fine dikkat \u00e7ekilmi\u015ftir.   E\u015flikleme \u00e7al\u0131\u015fmalar\u0131 e\u011fitim m\u00fczi\u011fi kapsam\u0131nda s\u0131n\u0131rl\u0131 tutularak \u00f6rnek \u015fark\u0131lar belirlenirken cumhuriyet tarihi boyunca eserleriyle m\u00fczik e\u011fitimine y\u00f6n veren \u00f6nemli bestecilerinin eserlerinden faydalan\u0131lm\u0131\u015ft\u0131r. Bu \u015fekilde kitapta yer alan repertuvar\u0131n m\u00fczik \u00f6\u011fretmenleri i\u00e7in de kullan\u0131\u015fl\u0131 bir kaynak olmas\u0131 ama\u00e7lanm\u0131\u015ft\u0131r. Ayr\u0131ca kitab\u0131n son b\u00f6l\u00fcm\u00fcnde bulunan Modal Tonalitede E\u015flikleme \u00e7al\u0131\u015fmalar\u0131nda Kemal \u0130lerici\u2019nin \u00f6nerdi\u011fi d\u00f6rtl\u00fc armoni sistemi kullan\u0131lmadan sadece \u00fc\u00e7l\u00fc armoni sisteminde dominant akoru farkl\u0131 basamaklara ta\u015f\u0131narak olu\u015fturulabilecek akor dizileri \u00f6nerilmi\u015ftir. Bu ba\u011flamda e\u011fitim m\u00fczi\u011finde yer alan makamsal eserlerin e\u015fliklenmesinde farkl\u0131 bir bak\u0131\u015f a\u00e7\u0131s\u0131n\u0131 literat\u00fcre kazand\u0131r\u0131lmak hedeflenmi\u015ftir. M\u00dcZ\u0130K E\u011e\u0130T\u0130M\u0130 YAYINLARI \u00dclkemizde mesleki m\u00fczik e\u011fitimi verilen kurumlarda armoni dersi i\u00e7in yaz\u0131lan bir\u00e7ok kaynak bulunmaktad\u0131r. Bu kitaplardaki metodolojik e\u011fitimin \u00e7o\u011fu teori gere\u011fi geni\u015f serim armonileme \u00e7al\u0131\u015fmalar\u0131 \u00fczerine odaklanm\u0131\u015ft\u0131r. Elinizdeki bu kitap ise geni\u015f serim \u00e7al\u0131\u015fmalar\u0131na de\u011finmeyip \u00f6\u011frencilerin tek sesli bir ezgiye kar\u015f\u0131 akor dizisi olu\u015fturma d\u00fc\u015f\u00fcncesine dayanmaktad\u0131r. Bu metodoloji kitaptaki bir\u00e7ok \u00f6rnek \u015fark\u0131 ile desteklenmi\u015ftir. Kitaptaki temel yakla\u015f\u0131m \u00f6zellikle m\u00fczik \u00f6\u011fretmeni yeti\u015ftiren kurumlardaki \u00f6\u011frencilerin tek sesli bir okul \u015fark\u0131s\u0131na pratik e\u015flik yapabilme becerisine \u00f6nemli katk\u0131 sa\u011flayacakt\u0131r. Kitab\u0131 \u00f6zg\u00fcn ve \u00f6nemli k\u0131lan bir di\u011fer husus ise makamsal e\u015fliklemeyi farkl\u0131 bir bak\u0131\u015f a\u00e7\u0131s\u0131 ile ele almas\u0131d\u0131r. \u00d6\u011frenciler bu yakla\u015f\u0131mla, e\u011fitim m\u00fczi\u011fi repertuvar\u0131nda yer alan makamsal \u015fark\u0131lara k\u0131sa s\u00fcrede e\u015flik yapabilme yetisi kazanabilecektir.   Kitap, t\u00fcm bu \u00f6zellikleriyle \u00f6\u011frenciler ve \u00f6\u011fretenler i\u00e7in gerekli, yararl\u0131 ve \u00e7ekici bir kaynak olup, e\u015flikleme e\u011fitiminde ya\u015fanan materyal eksikli\u011fini gidermeye katk\u0131 sa\u011flamaktad\u0131r. Bu nedenle kitab\u0131 haz\u0131rlayan G\u00f6khan \u00d6zdemir\u2019i y\u00fcrekten kutlar\u0131m. Kitab\u0131n kullananlara yararl\u0131 olmas\u0131 dile\u011fiyle\u2026                                                                                                           Prof. Dr. Zeki NACAKCI <\/p>\n","protected":false},"excerpt":{"rendered":"<p>Literat\u00fcrdeki \u00e7al\u0131\u015fmalar incelendi\u011finde \u00f6\u011frencilerin verilen bir ezgiye kar\u015f\u0131 akor dizisi olu\u015fturma \u00e7al\u0131\u015fmalar\u0131nda en temel yakla\u015f\u0131m olan kadans olu\u015fturma fikrinden \u00e7o\u011funlukla uzak kald\u0131klar\u0131 g\u00f6r\u00fclmektedir. Bu eksikli\u011fin giderilmesine<span class=\"excerpt-hellip\"> [\u2026]<\/span><\/p>\n","protected":false},"featured_media":0,"template":"","meta":{"_monsterinsights_skip_tracking":false,"_monsterinsights_sitenote_active":false,"_monsterinsights_sitenote_note":"","_monsterinsights_sitenote_category":0},"product_brand":[],"product_cat":[12573,12566],"product_tag":[],"class_list":{"0":"post-744738","1":"product","2":"type-product","3":"status-publish","5":"product_cat-akademik-kitaplar","6":"product_cat-egitim","7":"pa_cilt-ciltsiz","8":"pa_tur-kitap","9":"pa_yayinevi-muzik-egitimi-yayinlari","10":"pa_yazar-gokhan-ozdemir","12":"first","13":"instock","14":"sale","15":"shipping-taxable","16":"purchasable","17":"product-type-simple"},"_links":{"self":[{"href":"https:\/\/roveyayinevi.com.tr\/index.php\/wp-json\/wp\/v2\/product\/744738","targetHints":{"allow":["GET"]}}],"collection":[{"href":"https:\/\/roveyayinevi.com.tr\/index.php\/wp-json\/wp\/v2\/product"}],"about":[{"href":"https:\/\/roveyayinevi.com.tr\/index.php\/wp-json\/wp\/v2\/types\/product"}],"wp:attachment":[{"href":"https:\/\/roveyayinevi.com.tr\/index.php\/wp-json\/wp\/v2\/media?parent=744738"}],"wp:term":[{"taxonomy":"product_brand","embeddable":true,"href":"https:\/\/roveyayinevi.com.tr\/index.php\/wp-json\/wp\/v2\/product_brand?post=744738"},{"taxonomy":"product_cat","embeddable":true,"href":"https:\/\/roveyayinevi.com.tr\/index.php\/wp-json\/wp\/v2\/product_cat?post=744738"},{"taxonomy":"product_tag","embeddable":true,"href":"https:\/\/roveyayinevi.com.tr\/index.php\/wp-json\/wp\/v2\/product_tag?post=744738"}],"curies":[{"name":"wp","href":"https:\/\/api.w.org\/{rel}","templated":true}]}}