{"id":744731,"date":"2025-08-28T02:03:39","date_gmt":"2025-08-27T23:03:39","guid":{"rendered":"https:\/\/roveyayinevi.com.tr\/index.php\/urun\/epigram\/"},"modified":"2026-04-16T02:56:40","modified_gmt":"2026-04-15T23:56:40","slug":"epigram","status":"publish","type":"product","link":"https:\/\/roveyayinevi.com.tr\/index.php\/urun\/epigram\/","title":{"rendered":"Epigram"},"content":{"rendered":"<p>Cemil Meri\u00e7\u2019in \u201cBu \u00dclke\u201dsinin ilham\u0131yla yaz\u0131lan Epigram, temelde insan anlay\u0131\u015f\u0131 \u00fcst\u00fcne k\u0131sa notlar i\u00e7eriyor. Felsefe ve edebiyatla harmanl\u0131 bu metinler, insan\u0131 konu ald\u0131\u011f\u0131 i\u00e7in antropolojiye tutunuyor. Baz\u0131lar\u0131 psikolojik kadraja al\u0131nm\u0131\u015f notlar. S\u00f6zgelimi Hayatiyet\u2019te \u201csevgi\u201d, \u201ca\u015fk\u201d, \u201citibar\u201da; H\u00fcviyet\u2019te \u201c\u00f6teki\u201d, \u201cmillet\u201d, \u201chamaset\u201de; Akademya\u2019da \u201cindeks\u201d, \u201cat\u0131f\u201d, \u201cintihal\u201de ba\u015fl\u0131k a\u00e7\u0131l\u0131yor. Kitaplardan, ki\u015fisel tecr\u00fcbelerden s\u00f6k\u00fclen ve oradan oraya ge\u00e7en notlar sizi d\u00fc\u015f\u00fcnmelere sevk edecek.   Epigram, S\u00fcleyman \u0130nan\u2019\u0131n \u00e7e\u015fitli bilim alanlar\u0131ndaki kitaplar\u0131ndan sonra ya\u015fad\u0131klar\u0131 ve birikiminden \u00e7\u0131kan t\u00fcr d\u0131\u015f\u0131 bir kitap. Epigram\u2019\u0131, \u00f6zellikle antropoloji, edebiyat ve felsefeye ilgi duyan okurlar\u0131m\u0131n\u0131 zevkle okuyaca\u011f\u0131na inan\u0131yoruz. <\/p>\n","protected":false},"excerpt":{"rendered":"<p>Cemil Meri\u00e7\u2019in \u201cBu \u00dclke\u201dsinin ilham\u0131yla yaz\u0131lan Epigram, temelde insan anlay\u0131\u015f\u0131 \u00fcst\u00fcne k\u0131sa notlar i\u00e7eriyor. Felsefe ve edebiyatla harmanl\u0131 bu metinler, insan\u0131 konu ald\u0131\u011f\u0131 i\u00e7in antropolojiye tutunuyor.<span class=\"excerpt-hellip\"> [\u2026]<\/span><\/p>\n","protected":false},"featured_media":0,"template":"","meta":{"_monsterinsights_skip_tracking":false,"_monsterinsights_sitenote_active":false,"_monsterinsights_sitenote_note":"","_monsterinsights_sitenote_category":0},"product_brand":[],"product_cat":[12777,12291],"product_tag":[],"class_list":{"0":"post-744731","1":"product","2":"type-product","3":"status-publish","5":"product_cat-deneme","6":"product_cat-edebiyat","7":"pa_cilt-ciltsiz","8":"pa_tur-kitap","9":"pa_yayinevi-liman-kitaplar","10":"pa_yazar-suleyman-inan","12":"first","13":"instock","14":"sale","15":"shipping-taxable","16":"purchasable","17":"product-type-simple"},"_links":{"self":[{"href":"https:\/\/roveyayinevi.com.tr\/index.php\/wp-json\/wp\/v2\/product\/744731","targetHints":{"allow":["GET"]}}],"collection":[{"href":"https:\/\/roveyayinevi.com.tr\/index.php\/wp-json\/wp\/v2\/product"}],"about":[{"href":"https:\/\/roveyayinevi.com.tr\/index.php\/wp-json\/wp\/v2\/types\/product"}],"wp:attachment":[{"href":"https:\/\/roveyayinevi.com.tr\/index.php\/wp-json\/wp\/v2\/media?parent=744731"}],"wp:term":[{"taxonomy":"product_brand","embeddable":true,"href":"https:\/\/roveyayinevi.com.tr\/index.php\/wp-json\/wp\/v2\/product_brand?post=744731"},{"taxonomy":"product_cat","embeddable":true,"href":"https:\/\/roveyayinevi.com.tr\/index.php\/wp-json\/wp\/v2\/product_cat?post=744731"},{"taxonomy":"product_tag","embeddable":true,"href":"https:\/\/roveyayinevi.com.tr\/index.php\/wp-json\/wp\/v2\/product_tag?post=744731"}],"curies":[{"name":"wp","href":"https:\/\/api.w.org\/{rel}","templated":true}]}}