{"id":744729,"date":"2025-08-28T02:03:37","date_gmt":"2025-08-27T23:03:37","guid":{"rendered":"https:\/\/roveyayinevi.com.tr\/index.php\/urun\/alttakiler-bilim-kadinlari-nasil-yanlis-anladi\/"},"modified":"2026-04-16T02:56:40","modified_gmt":"2026-04-15T23:56:40","slug":"alttakiler-bilim-kadinlari-nasil-yanlis-anladi","status":"publish","type":"product","link":"https:\/\/roveyayinevi.com.tr\/index.php\/urun\/alttakiler-bilim-kadinlari-nasil-yanlis-anladi\/","title":{"rendered":"Alttakiler: Bilim, Kad\u0131nlar\u0131 Nas\u0131l Yanl\u0131\u015f Anlad\u0131?"},"content":{"rendered":"<p>Toplumsal cinsiyetimiz asl\u0131nda ister istemez biyolojimizin belirledi\u011fi bir \u015fey midir? Kad\u0131nlar\u0131n en \u00f6nemli kariyeri \u00e7ocuk do\u011furmak m\u0131d\u0131r \u00f6rne\u011fin? Ya da teke\u015flilik kad\u0131n\u0131n do\u011fas\u0131 gere\u011fiyken, \u00e7oke\u015flilik erke\u011fin elinin kiri midir?Y\u00fczlerce hatta binlerce y\u0131l boyunca toplum ve k\u00fclt\u00fcr bize kad\u0131nlar\u0131n ikinci cinsiyet oldu\u011funu, erkekten a\u015fa\u011f\u0131da yer ald\u0131\u011f\u0131n\u0131 s\u00f6yledi. Kad\u0131nlar\u0131n bedenleri g\u00fc\u00e7s\u00fcz, zihinsel kapasiteleri yetersizdi, toplumda oynayacaklar\u0131 roller de hizmetk\u00e2rl\u0131k ve itaatk\u00e2rl\u0131kla s\u0131n\u0131rl\u0131yd\u0131. Hatta Charles Darwin gibi bir bilim insan\u0131 bile kad\u0131nlar\u0131n, evrim s\u00fcrecinin alt seviyelerinde oldu\u011funu iddia edecekti.Bilim bize \u00f6teden beri erkeklerle kad\u0131nlar\u0131n temel olarak birbirlerinden farkl\u0131 oldu\u011funu s\u00f6ylemeye devam ediyor. Biyologlar kad\u0131nlar\u0131n \u00e7ocuk b\u00fcy\u00fctme, evi \u00e7ekip \u00e7evirme gibi aile i\u00e7i g\u00f6revlere daha uygun oldu\u011funu veya daha kibar bir dille, daha \u201cempatik\u201d oldu\u011funu iddia ediyorlar. Erkeklerinse mant\u0131k, uzamsal ak\u0131l y\u00fcr\u00fctme ve motor beceri gerektiren i\u015flerde \u00fcst\u00fcn yeteneklere sahip olduklar\u0131 s\u00f6yleniyor h\u00e2l\u00e2.Bilim gazetecili\u011finin \u00f6nemli isimlerinden Saini i\u015fte elinizdeki kitapta biyoloji, psikoloji ve antropolojideki toplumsal cinsiyet sava\u015flar\u0131n\u0131 inceleyerek, hem toplumsal stereotipleri destekleyen eski \u00e7al\u0131\u015fmalar\u0131 hem de kad\u0131nlar\u0131n beyinlerine, bedenlerine ve insan evrimindeki rollerine dair b\u00fcy\u00fcleyici bir portre \u00e7izen yak\u0131n tarihli bilimsel ara\u015ft\u0131rmalar\u0131 g\u00f6zler \u00f6n\u00fcne seriyor. En son bilimsel verilerden, di\u011fer herkes kadar g\u00fc\u00e7l\u00fc, stratejik ve ak\u0131ll\u0131 bir kad\u0131n ortaya \u00e7\u0131k\u0131yor\u2026<\/p>\n","protected":false},"excerpt":{"rendered":"<p>Toplumsal cinsiyetimiz asl\u0131nda ister istemez biyolojimizin belirledi\u011fi bir \u015fey midir? Kad\u0131nlar\u0131n en \u00f6nemli kariyeri \u00e7ocuk do\u011furmak m\u0131d\u0131r \u00f6rne\u011fin? Ya da teke\u015flilik kad\u0131n\u0131n do\u011fas\u0131 gere\u011fiyken, \u00e7oke\u015flilik erke\u011fin<span class=\"excerpt-hellip\"> [\u2026]<\/span><\/p>\n","protected":false},"featured_media":0,"template":"","meta":{"_monsterinsights_skip_tracking":false,"_monsterinsights_sitenote_active":false,"_monsterinsights_sitenote_note":"","_monsterinsights_sitenote_category":0},"product_brand":[],"product_cat":[13005,13006],"product_tag":[],"class_list":{"0":"post-744729","1":"product","2":"type-product","3":"status-publish","5":"product_cat-bilim-muhendislik","6":"product_cat-populer-bilim","7":"pa_cilt-ciltsiz","8":"pa_tur-kitap","9":"pa_yayinevi-minotor-kitap","10":"pa_yazar-angela-saini","12":"first","13":"instock","14":"sale","15":"shipping-taxable","16":"purchasable","17":"product-type-simple"},"_links":{"self":[{"href":"https:\/\/roveyayinevi.com.tr\/index.php\/wp-json\/wp\/v2\/product\/744729","targetHints":{"allow":["GET"]}}],"collection":[{"href":"https:\/\/roveyayinevi.com.tr\/index.php\/wp-json\/wp\/v2\/product"}],"about":[{"href":"https:\/\/roveyayinevi.com.tr\/index.php\/wp-json\/wp\/v2\/types\/product"}],"wp:attachment":[{"href":"https:\/\/roveyayinevi.com.tr\/index.php\/wp-json\/wp\/v2\/media?parent=744729"}],"wp:term":[{"taxonomy":"product_brand","embeddable":true,"href":"https:\/\/roveyayinevi.com.tr\/index.php\/wp-json\/wp\/v2\/product_brand?post=744729"},{"taxonomy":"product_cat","embeddable":true,"href":"https:\/\/roveyayinevi.com.tr\/index.php\/wp-json\/wp\/v2\/product_cat?post=744729"},{"taxonomy":"product_tag","embeddable":true,"href":"https:\/\/roveyayinevi.com.tr\/index.php\/wp-json\/wp\/v2\/product_tag?post=744729"}],"curies":[{"name":"wp","href":"https:\/\/api.w.org\/{rel}","templated":true}]}}