{"id":744728,"date":"2025-08-28T02:03:36","date_gmt":"2025-08-27T23:03:36","guid":{"rendered":"https:\/\/roveyayinevi.com.tr\/index.php\/urun\/ejderha-dagi-ejderha-diyari-serisi-1-kitap\/"},"modified":"2026-04-16T02:56:40","modified_gmt":"2026-04-15T23:56:40","slug":"ejderha-dagi-ejderha-diyari-serisi-1-kitap","status":"publish","type":"product","link":"https:\/\/roveyayinevi.com.tr\/index.php\/urun\/ejderha-dagi-ejderha-diyari-serisi-1-kitap\/","title":{"rendered":"Ejderha Da\u011f\u0131 -Ejderha Diyar\u0131 Serisi 1. Kitap"},"content":{"rendered":"<p>EJDERHA DA\u011eI\u2019NA G\u0130RMEYE HAZIR MISIN?On iki ya\u015f\u0131ndaki Billy Chan\u2019i ailesi, yaz tatili i\u00e7in \u00c7in da\u011flar\u0131n\u0131n ortas\u0131ndaki bir yaz kamp\u0131na g\u00f6ndermeye karar verir. \u0130steksizce gitti\u011fi bu kampta Billy, yeni arkada\u015flar\u0131 Dylan, Charlotte ve Ling-Fei ile birlikte \u00e7ok eski bir s\u0131rla kar\u015f\u0131la\u015f\u0131r: Kamp\u0131n arkas\u0131ndaki gizemli da\u011f\u0131n derinliklerinde d\u00f6rt sava\u015f\u00e7\u0131 ejderha hapsolmu\u015ftur. Hem Ejderha hem de \u0130nsan Diyar\u0131\u2019n\u0131 ku\u015fatmak \u00fczere olan b\u00fcy\u00fck bir tehlike yakla\u015f\u0131rken, kudretli ejderhalar\u0131n k\u00f6t\u00fcl\u00fckle sava\u015fmak i\u00e7in bu d\u00f6rt \u00e7ocu\u011fun yard\u0131m\u0131na ihtiyac\u0131 vard\u0131r. Ejderha Diyar\u0131\u2019n\u0131n merkezine tehlikeli bir yolculuk ba\u015flamak \u00fczeredir.Ejderha Diyar\u0131 serisinin ilk kitab\u0131 Ejderha Da\u011f\u0131, fantastik ser\u00fcvenlerin i\u00e7inde kaybolmay\u0131 seven t\u00fcm okurlar\u0131n kalpleriyle g\u00fc\u00e7l\u00fc bir ba\u011f kuracak\u2026<\/p>\n","protected":false},"excerpt":{"rendered":"<p>EJDERHA DA\u011eI\u2019NA G\u0130RMEYE HAZIR MISIN?On iki ya\u015f\u0131ndaki Billy Chan\u2019i ailesi, yaz tatili i\u00e7in \u00c7in da\u011flar\u0131n\u0131n ortas\u0131ndaki bir yaz kamp\u0131na g\u00f6ndermeye karar verir. \u0130steksizce gitti\u011fi bu kampta<span class=\"excerpt-hellip\"> [\u2026]<\/span><\/p>\n","protected":false},"featured_media":0,"template":"","meta":{"_monsterinsights_skip_tracking":false,"_monsterinsights_sitenote_active":false,"_monsterinsights_sitenote_note":"","_monsterinsights_sitenote_category":0},"product_brand":[],"product_cat":[12274,12284],"product_tag":[],"class_list":{"0":"post-744728","1":"product","2":"type-product","3":"status-publish","5":"product_cat-cocuk-ve-genclik-kitaplari","6":"product_cat-hikayeler","7":"pa_cilt-ciltsiz","8":"pa_tur-kitap","9":"pa_yayinevi-ithaki-yayinlari","10":"pa_yazar-katie-kevin-tsang","12":"first","13":"instock","14":"sale","15":"shipping-taxable","16":"purchasable","17":"product-type-simple"},"_links":{"self":[{"href":"https:\/\/roveyayinevi.com.tr\/index.php\/wp-json\/wp\/v2\/product\/744728","targetHints":{"allow":["GET"]}}],"collection":[{"href":"https:\/\/roveyayinevi.com.tr\/index.php\/wp-json\/wp\/v2\/product"}],"about":[{"href":"https:\/\/roveyayinevi.com.tr\/index.php\/wp-json\/wp\/v2\/types\/product"}],"wp:attachment":[{"href":"https:\/\/roveyayinevi.com.tr\/index.php\/wp-json\/wp\/v2\/media?parent=744728"}],"wp:term":[{"taxonomy":"product_brand","embeddable":true,"href":"https:\/\/roveyayinevi.com.tr\/index.php\/wp-json\/wp\/v2\/product_brand?post=744728"},{"taxonomy":"product_cat","embeddable":true,"href":"https:\/\/roveyayinevi.com.tr\/index.php\/wp-json\/wp\/v2\/product_cat?post=744728"},{"taxonomy":"product_tag","embeddable":true,"href":"https:\/\/roveyayinevi.com.tr\/index.php\/wp-json\/wp\/v2\/product_tag?post=744728"}],"curies":[{"name":"wp","href":"https:\/\/api.w.org\/{rel}","templated":true}]}}