{"id":744724,"date":"2025-08-28T02:03:30","date_gmt":"2025-08-27T23:03:30","guid":{"rendered":"https:\/\/roveyayinevi.com.tr\/index.php\/urun\/karamazov-kardesler-2-cilt-2\/"},"modified":"2026-04-16T02:56:39","modified_gmt":"2026-04-15T23:56:39","slug":"karamazov-kardesler-2-cilt-2","status":"publish","type":"product","link":"https:\/\/roveyayinevi.com.tr\/index.php\/urun\/karamazov-kardesler-2-cilt-2\/","title":{"rendered":"Karamazov Karde\u015fler (2 Cilt)"},"content":{"rendered":"<p>\u201cYaz\u0131lm\u0131\u015f en muhte\u015fem roman.\u201d \u2013Sigmund Freud\u0130lk olarak 1879-80 y\u0131llar\u0131nda tefrika edilen Karamazov Karde\u015fler, Dostoyevski\u2019nin kaleme ald\u0131\u011f\u0131 son roman\u0131 olmas\u0131n\u0131n yan\u0131nda, pek \u00e7ok ele\u015ftirmen ve okurca teslim edildi\u011fi \u00fczere ba\u015fyap\u0131t\u0131d\u0131r. Esasen inan\u00e7 ve ak\u0131l \u00e7eli\u015fkisi \u00fczerinden geli\u015fen bu eserde yazar yakla\u015f\u0131k altm\u0131\u015f y\u0131ll\u0131k \u00f6mr\u00fc boyunca akl\u0131nda yer tutmu\u015f hemen her b\u00fcy\u00fck soruya cevap aram\u0131\u015f, baba katlinden toplumsal ve bireysel aray\u0131\u015flara de\u011fin \u00e7a\u011f\u0131na dair her \u015feyi eserine dahil etmi\u015ftir.D\u00fcnya edebiyat\u0131nda bir kilometre ta\u015f\u0131 kabul edilen Karamazov Karde\u015fler\u2019de en b\u00fcy\u00fck miras\u0131 gaddarl\u0131\u011f\u0131 ve k\u00f6t\u00fcl\u00fc\u011f\u00fc olan baba Aleksey Fyodorovi\u00e7\u2019in katli \u00fclke \u00e7ap\u0131nda merak uyand\u0131ran bir soru\u015fturmaya evrilirken birbirlerine mesafeli ve apayr\u0131 karakterdeki \u00fc\u00e7 erkek karde\u015f Dmitriy, \u0130van ve Aleksey, pe\u015flerinde temsil ettikleri hayat g\u00f6r\u00fc\u015fleriyle muazzam bir \u00e7at\u0131\u015fmaya girer. H\u00fcr irade ve ilahi m\u00fcdahalenin de dahil oldu\u011fu bu adalet aray\u0131\u015f\u0131 u\u011framad\u0131k kap\u0131 b\u0131rakmaks\u0131z\u0131n devam eder.<\/p>\n","protected":false},"excerpt":{"rendered":"<p>\u201cYaz\u0131lm\u0131\u015f en muhte\u015fem roman.\u201d \u2013Sigmund Freud\u0130lk olarak 1879-80 y\u0131llar\u0131nda tefrika edilen Karamazov Karde\u015fler, Dostoyevski\u2019nin kaleme ald\u0131\u011f\u0131 son roman\u0131 olmas\u0131n\u0131n yan\u0131nda, pek \u00e7ok ele\u015ftirmen ve okurca teslim<span class=\"excerpt-hellip\"> [\u2026]<\/span><\/p>\n","protected":false},"featured_media":0,"template":"","meta":{"_monsterinsights_skip_tracking":false,"_monsterinsights_sitenote_active":false,"_monsterinsights_sitenote_note":"","_monsterinsights_sitenote_category":0},"product_brand":[],"product_cat":[12291,12711],"product_tag":[],"class_list":{"0":"post-744724","1":"product","2":"type-product","3":"status-publish","5":"product_cat-edebiyat","6":"product_cat-roman-oyku","7":"pa_cilt-set","8":"pa_tur-kitap","9":"pa_yayinevi-ithaki-yayinlari","10":"pa_yazar-fyodor-mihaylovic-dostoyevski","12":"first","13":"instock","14":"sale","15":"shipping-taxable","16":"purchasable","17":"product-type-simple"},"_links":{"self":[{"href":"https:\/\/roveyayinevi.com.tr\/index.php\/wp-json\/wp\/v2\/product\/744724","targetHints":{"allow":["GET"]}}],"collection":[{"href":"https:\/\/roveyayinevi.com.tr\/index.php\/wp-json\/wp\/v2\/product"}],"about":[{"href":"https:\/\/roveyayinevi.com.tr\/index.php\/wp-json\/wp\/v2\/types\/product"}],"wp:attachment":[{"href":"https:\/\/roveyayinevi.com.tr\/index.php\/wp-json\/wp\/v2\/media?parent=744724"}],"wp:term":[{"taxonomy":"product_brand","embeddable":true,"href":"https:\/\/roveyayinevi.com.tr\/index.php\/wp-json\/wp\/v2\/product_brand?post=744724"},{"taxonomy":"product_cat","embeddable":true,"href":"https:\/\/roveyayinevi.com.tr\/index.php\/wp-json\/wp\/v2\/product_cat?post=744724"},{"taxonomy":"product_tag","embeddable":true,"href":"https:\/\/roveyayinevi.com.tr\/index.php\/wp-json\/wp\/v2\/product_tag?post=744724"}],"curies":[{"name":"wp","href":"https:\/\/api.w.org\/{rel}","templated":true}]}}