{"id":744721,"date":"2025-08-28T02:03:27","date_gmt":"2025-08-27T23:03:27","guid":{"rendered":"https:\/\/roveyayinevi.com.tr\/index.php\/urun\/aci-para-istiklal-harbinde-iki-sehidin-bilinmeyen-hikayesi\/"},"modified":"2026-04-16T02:56:39","modified_gmt":"2026-04-15T23:56:39","slug":"aci-para-istiklal-harbinde-iki-sehidin-bilinmeyen-hikayesi","status":"publish","type":"product","link":"https:\/\/roveyayinevi.com.tr\/index.php\/urun\/aci-para-istiklal-harbinde-iki-sehidin-bilinmeyen-hikayesi\/","title":{"rendered":"Ac\u0131 Para- \u0130stiklal Harbi\u2019nde \u0130ki \u015eehidin Bilinmeyen Hikayesi"},"content":{"rendered":"<p>Ac\u0131 Para- \u0130stiklal Harbi\u2019nde \u0130ki \u015eehidin Bilinmeyen Hikayesi<\/p>\n","protected":false},"excerpt":{"rendered":"<p>Ac\u0131 Para- \u0130stiklal Harbi\u2019nde \u0130ki \u015eehidin Bilinmeyen Hikayesi<\/p>\n","protected":false},"featured_media":0,"template":"","meta":{"_monsterinsights_skip_tracking":false,"_monsterinsights_sitenote_active":false,"_monsterinsights_sitenote_note":"","_monsterinsights_sitenote_category":0},"product_brand":[],"product_cat":[12573,12566],"product_tag":[],"class_list":{"0":"post-744721","1":"product","2":"type-product","3":"status-publish","5":"product_cat-akademik-kitaplar","6":"product_cat-egitim","7":"pa_cilt-ciltsiz","8":"pa_tur-kitap","9":"pa_yayinevi-yeniyuz-yayinlari","10":"pa_yazar-burhanettin-senli","12":"first","13":"instock","14":"sale","15":"shipping-taxable","16":"purchasable","17":"product-type-simple"},"_links":{"self":[{"href":"https:\/\/roveyayinevi.com.tr\/index.php\/wp-json\/wp\/v2\/product\/744721","targetHints":{"allow":["GET"]}}],"collection":[{"href":"https:\/\/roveyayinevi.com.tr\/index.php\/wp-json\/wp\/v2\/product"}],"about":[{"href":"https:\/\/roveyayinevi.com.tr\/index.php\/wp-json\/wp\/v2\/types\/product"}],"wp:attachment":[{"href":"https:\/\/roveyayinevi.com.tr\/index.php\/wp-json\/wp\/v2\/media?parent=744721"}],"wp:term":[{"taxonomy":"product_brand","embeddable":true,"href":"https:\/\/roveyayinevi.com.tr\/index.php\/wp-json\/wp\/v2\/product_brand?post=744721"},{"taxonomy":"product_cat","embeddable":true,"href":"https:\/\/roveyayinevi.com.tr\/index.php\/wp-json\/wp\/v2\/product_cat?post=744721"},{"taxonomy":"product_tag","embeddable":true,"href":"https:\/\/roveyayinevi.com.tr\/index.php\/wp-json\/wp\/v2\/product_tag?post=744721"}],"curies":[{"name":"wp","href":"https:\/\/api.w.org\/{rel}","templated":true}]}}