{"id":744720,"date":"2025-08-28T02:03:26","date_gmt":"2025-08-27T23:03:26","guid":{"rendered":"https:\/\/roveyayinevi.com.tr\/index.php\/urun\/isitme-engellilik-ve-maneviyat\/"},"modified":"2026-04-16T02:56:39","modified_gmt":"2026-04-15T23:56:39","slug":"isitme-engellilik-ve-maneviyat","status":"publish","type":"product","link":"https:\/\/roveyayinevi.com.tr\/index.php\/urun\/isitme-engellilik-ve-maneviyat\/","title":{"rendered":"\u0130\u015fitme Engellilik ve Maneviyat"},"content":{"rendered":"<p>Ara\u015ft\u0131rmada, i\u015fitme engelli bireylerin manevi ihtiya\u00e7lar\u0131n\u0131n belirlenerek ebeveynlere y\u00f6nelik uygulanan De\u011fer Odakl\u0131 Manevi G\u00fc\u00e7lenme ve Bak\u0131m program\u0131n\u0131n ailelerin Yaradan alg\u0131s\u0131 ve psikolojik iyi olu\u015f d\u00fczeyleri \u00fczerindeki etkisinin incelenmesi ama\u00e7lanm\u0131\u015ft\u0131r. Ara\u015ft\u0131rmada nitel verilerin analizi sonucunda; i\u015fitme engelli bireylerin duygu durumu, \u00e7evre, Yaradan ve de\u011ferlere y\u00f6nelik olmak \u00fczere d\u00f6rt ana temaya ve bu temalara ait 22 kategoriye ula\u015f\u0131lm\u0131\u015ft\u0131r. Ara\u015ft\u0131rmada nicel verilerin analizi sonucunda; program\u0131n uyguland\u0131\u011f\u0131 deney grubundaki i\u015fitme engelli bireylerin ailelerinin psikolojik iyi olu\u015f ve sevgi y\u00f6nelimli Yaradan alg\u0131s\u0131 d\u00fczeylerinin artt\u0131\u011f\u0131 sonucuna ula\u015f\u0131lm\u0131\u015ft\u0131r. Ger\u00e7ekle\u015ftirilen g\u00f6r\u00fc\u015fmeler do\u011frultusunda i\u015fitme engelli bireylerin anlama ve anla\u015f\u0131lma, d\u0131\u015flanmama, hayata olumlu bak\u0131\u015f a\u00e7\u0131s\u0131 geli\u015ftirme, \u00f6zg\u00fcrl\u00fck, aile i\u00e7i ileti\u015fim kurabilme, g\u00fc\u00e7l\u00fcklerle ba\u015fa \u00e7\u0131kabilme, kabullenme, sab\u0131r, \u015f\u00fck\u00fcr, azim\/ba\u015far\u0131, empati, sosyalle\u015fme, Yaradan sevgisi ve Yaradan\u2019la g\u00fcvenli ba\u011f kurabilme ihtiya\u00e7lar\u0131n\u0131n oldu\u011fu belirlenmi\u015ftir. \u0130\u015fitme engelli bireylerin manevi ihtiya\u00e7lar\u0131n\u0131n kar\u015f\u0131lanmas\u0131 amac\u0131yla ebeveynlere y\u00f6nelik ger\u00e7ekle\u015ftirilen tema odakl\u0131 grup toplant\u0131lar\u0131 sonucunda bireylerin psikolojik iyi olu\u015f, sevgi y\u00f6nelimli Yaradan alg\u0131s\u0131n\u0131n geli\u015fmesine katk\u0131 sa\u011flanm\u0131\u015ft\u0131r. Buna kar\u015f\u0131l\u0131k cezaland\u0131ran Yarat\u0131c\u0131 alg\u0131s\u0131 ve Yarat\u0131c\u0131\u2019ya y\u00f6nelik olumsuz duygularda azalma meydana gelmi\u015ftir. Sonu\u00e7 olarak uygulanan program, deney grubundaki ebeveynlerde psikolojik iyi olu\u015f ve Yaradan alg\u0131s\u0131n\u0131n olumlu y\u00f6nde geli\u015fmesine katk\u0131 sa\u011flam\u0131\u015ft\u0131r. Kal\u0131c\u0131l\u0131k testleri sonucunda elde edilen sonu\u00e7lar\u0131n kal\u0131c\u0131 oldu\u011fu; Psikolojik \u0130yi Olu\u015f ve Yaradan Alg\u0131s\u0131 \u00d6l\u00e7e\u011fi puanlar\u0131n\u0131n, son testteki puanlarla benzerlik g\u00f6sterdi\u011fi belirlenmi\u015ftir.<\/p>\n","protected":false},"excerpt":{"rendered":"<p>Ara\u015ft\u0131rmada, i\u015fitme engelli bireylerin manevi ihtiya\u00e7lar\u0131n\u0131n belirlenerek ebeveynlere y\u00f6nelik uygulanan De\u011fer Odakl\u0131 Manevi G\u00fc\u00e7lenme ve Bak\u0131m program\u0131n\u0131n ailelerin Yaradan alg\u0131s\u0131 ve psikolojik iyi olu\u015f d\u00fczeyleri \u00fczerindeki<span class=\"excerpt-hellip\"> [\u2026]<\/span><\/p>\n","protected":false},"featured_media":0,"template":"","meta":{"_monsterinsights_skip_tracking":false,"_monsterinsights_sitenote_active":false,"_monsterinsights_sitenote_note":"","_monsterinsights_sitenote_category":0},"product_brand":[],"product_cat":[12573,12566],"product_tag":[],"class_list":{"0":"post-744720","1":"product","2":"type-product","3":"status-publish","5":"product_cat-akademik-kitaplar","6":"product_cat-egitim","7":"pa_cilt-ciltsiz","8":"pa_tur-kitap","9":"pa_yayinevi-soncag-akademik-kitaplar","10":"pa_yazar-fatma-ulu","12":"first","13":"instock","14":"sale","15":"shipping-taxable","16":"purchasable","17":"product-type-simple"},"_links":{"self":[{"href":"https:\/\/roveyayinevi.com.tr\/index.php\/wp-json\/wp\/v2\/product\/744720","targetHints":{"allow":["GET"]}}],"collection":[{"href":"https:\/\/roveyayinevi.com.tr\/index.php\/wp-json\/wp\/v2\/product"}],"about":[{"href":"https:\/\/roveyayinevi.com.tr\/index.php\/wp-json\/wp\/v2\/types\/product"}],"wp:attachment":[{"href":"https:\/\/roveyayinevi.com.tr\/index.php\/wp-json\/wp\/v2\/media?parent=744720"}],"wp:term":[{"taxonomy":"product_brand","embeddable":true,"href":"https:\/\/roveyayinevi.com.tr\/index.php\/wp-json\/wp\/v2\/product_brand?post=744720"},{"taxonomy":"product_cat","embeddable":true,"href":"https:\/\/roveyayinevi.com.tr\/index.php\/wp-json\/wp\/v2\/product_cat?post=744720"},{"taxonomy":"product_tag","embeddable":true,"href":"https:\/\/roveyayinevi.com.tr\/index.php\/wp-json\/wp\/v2\/product_tag?post=744720"}],"curies":[{"name":"wp","href":"https:\/\/api.w.org\/{rel}","templated":true}]}}