{"id":744716,"date":"2025-08-28T02:03:21","date_gmt":"2025-08-27T23:03:21","guid":{"rendered":"https:\/\/roveyayinevi.com.tr\/index.php\/urun\/politik-iktisadin-klasik-teorileri-korkut-boratavin-sunusuyla\/"},"modified":"2026-04-16T02:56:39","modified_gmt":"2026-04-15T23:56:39","slug":"politik-iktisadin-klasik-teorileri-korkut-boratavin-sunusuyla","status":"publish","type":"product","link":"https:\/\/roveyayinevi.com.tr\/index.php\/urun\/politik-iktisadin-klasik-teorileri-korkut-boratavin-sunusuyla\/","title":{"rendered":"Politik \u0130ktisad\u0131n Klasik Teorileri Korkut Boratav\u2019\u0131n Sunu\u015fuyla"},"content":{"rendered":"<p>H. \u00dcnal Nalbanto\u011flu\u2019nun Politik \u0130ktisad\u0131n Klasik Teorileri ba\u015fl\u0131kl\u0131 kitab\u0131, yazar\u0131n Berkeley\u2019de 1990 Bahar d\u00f6neminde verdi\u011fi ders notlar\u0131ndan olu\u015fuyor. Kitap on iki b\u00f6l\u00fcm i\u00e7eriyor. Zaman i\u00e7inde \u201cekonomi politik\u201d ad\u0131n\u0131 alan disiplinin k\u00f6kenlerini antik\u00e7a\u011fa uzanarak g\u00f6zden ge\u00e7iriyor, yirminci y\u00fczy\u0131l\u0131n ba\u015flar\u0131nda noktal\u0131yor. Nalbanto\u011flu\u2019nun analizi, bug\u00fcn\u00fcn politik iktisat anlay\u0131\u015f\u0131 \u00fczerinde baz\u0131 tespitler yapmam\u0131za imk\u00e2n veriyor. Klasik politik iktisat alan\u0131na \u0131\u015f\u0131k tutan bu \u00f6nemli yap\u0131t sayesinde sevgili \u00dcnal\u2019la tekrar bulu\u015ftuk. Korkut Boratav Ak\u0131l bo\u015fluktan gelip bo\u015flu\u011fa gitmiyor. Hele akademik ak\u0131l&#8230; Geli\u015fim s\u00fcrecinde hocalar\u0131n a\u00e7t\u0131\u011f\u0131 \u201cpatikalar\u201ddan y\u00fcr\u00fcmek zorunda. \u00dczerine birka\u00e7 ad\u0131m da kendisi atabilirse ne mutlu ona! Akademisyenlik mesle\u011fi h\u00e2l\u00e2 b\u00fcy\u00fck oranda bir zanaat. Usta-\u00e7\u0131rak ili\u015fkisiyle geli\u015fiyor. Bu kitap da bir ustan\u0131n eseri. \u00d6\u011frencileri \u00fczerinde \u00e7ok ciddi etki yaratm\u0131\u015f bir ustan\u0131n, H. \u00dcnal Nalbanto\u011flu\u2019nun Berkeley\u2019de verdi\u011fi ders notlar\u0131n\u0131n \u00e7evirisini i\u00e7eriyor. Benim gibi ekonomi politik \u00e7al\u0131\u015fan ve ekonomi politik dersi verenler i\u00e7in \u00e7ok k\u0131ymetli. Ana-ak\u0131m iktisat teorisine felsefe, tarih ve toplum bilimden ta\u015f\u0131nan solukla sadece bir a\u00e7\u0131l\u0131m sa\u011flamakla kalm\u0131yor, ba\u015fka tarz bir bak\u0131\u015f\u0131n mevcudiyetini bizlere g\u00f6steriyor ki, Nalbanto\u011flu\u2019nu t\u00fcm \u00f6\u011frencileri i\u00e7in de\u011ferli k\u0131lan da bu y\u00f6n\u00fcd\u00fcr. \u00dcnal Hoca\u2019n\u0131n dersleri bende bir imgelem olarak reng\u00e2renk bir g\u00f6ky\u00fcz\u00fcne denk gelmektedir. Hoca kuca\u011f\u0131nda derse \u00e2deta reng\u00e2renk bir balon k\u00fcmesi ile girer, onlar\u0131 s\u0131n\u0131f\u0131n tavan\u0131na asar, bir s\u00fcre o g\u00fczelli\u011fi bizim seyretmemize izin verir, sonra da tek tek o balonlar\u0131 iplerinden tutup a\u015fa\u011f\u0131 \u00e7eker ve her biri hakk\u0131nda uzun uzun konu\u015furdu. \u00d6ylesine hayranl\u0131kla ve kendimden ge\u00e7erek dinlerdim derslerini! Ahmet Alpay Dikmen<\/p>\n","protected":false},"excerpt":{"rendered":"<p>H. \u00dcnal Nalbanto\u011flu\u2019nun Politik \u0130ktisad\u0131n Klasik Teorileri ba\u015fl\u0131kl\u0131 kitab\u0131, yazar\u0131n Berkeley\u2019de 1990 Bahar d\u00f6neminde verdi\u011fi ders notlar\u0131ndan olu\u015fuyor. Kitap on iki b\u00f6l\u00fcm i\u00e7eriyor. Zaman i\u00e7inde \u201cekonomi<span class=\"excerpt-hellip\"> [\u2026]<\/span><\/p>\n","protected":false},"featured_media":0,"template":"","meta":{"_monsterinsights_skip_tracking":false,"_monsterinsights_sitenote_active":false,"_monsterinsights_sitenote_note":"","_monsterinsights_sitenote_category":0},"product_brand":[],"product_cat":[12337,14706],"product_tag":[],"class_list":{"0":"post-744716","1":"product","2":"type-product","3":"status-publish","5":"product_cat-politika-siyaset","6":"product_cat-siyaset-bilimi","7":"pa_cilt-ciltsiz","8":"pa_tur-kitap","9":"pa_yayinevi-ayrinti-yayinlari","10":"pa_yazar-hasan-unal-nalbantoglu","12":"first","13":"instock","14":"sale","15":"shipping-taxable","16":"purchasable","17":"product-type-simple"},"_links":{"self":[{"href":"https:\/\/roveyayinevi.com.tr\/index.php\/wp-json\/wp\/v2\/product\/744716","targetHints":{"allow":["GET"]}}],"collection":[{"href":"https:\/\/roveyayinevi.com.tr\/index.php\/wp-json\/wp\/v2\/product"}],"about":[{"href":"https:\/\/roveyayinevi.com.tr\/index.php\/wp-json\/wp\/v2\/types\/product"}],"wp:attachment":[{"href":"https:\/\/roveyayinevi.com.tr\/index.php\/wp-json\/wp\/v2\/media?parent=744716"}],"wp:term":[{"taxonomy":"product_brand","embeddable":true,"href":"https:\/\/roveyayinevi.com.tr\/index.php\/wp-json\/wp\/v2\/product_brand?post=744716"},{"taxonomy":"product_cat","embeddable":true,"href":"https:\/\/roveyayinevi.com.tr\/index.php\/wp-json\/wp\/v2\/product_cat?post=744716"},{"taxonomy":"product_tag","embeddable":true,"href":"https:\/\/roveyayinevi.com.tr\/index.php\/wp-json\/wp\/v2\/product_tag?post=744716"}],"curies":[{"name":"wp","href":"https:\/\/api.w.org\/{rel}","templated":true}]}}