{"id":744715,"date":"2025-08-28T02:03:20","date_gmt":"2025-08-27T23:03:20","guid":{"rendered":"https:\/\/roveyayinevi.com.tr\/index.php\/urun\/adorno-ve-teoloji\/"},"modified":"2026-04-16T02:56:39","modified_gmt":"2026-04-15T23:56:39","slug":"adorno-ve-teoloji","status":"publish","type":"product","link":"https:\/\/roveyayinevi.com.tr\/index.php\/urun\/adorno-ve-teoloji\/","title":{"rendered":"Adorno ve Teoloji"},"content":{"rendered":"<p>Alman sosyolog ve filozof Theodor Wiesengrund Adorno (1903-1969), sava\u015f sonras\u0131 Frankfurt Okulu\u2019nun entelekt\u00fcel liderlerinden biriydi. Bu kitap, Adorno\u2019nun teoloji ve din \u00fczerine yaz\u0131lar\u0131n\u0131 a\u00e7\u0131k ve eri\u015filebilir bir \u015fekilde sunmakta ve analiz etmektedir. Adorno\u2019ya herhangi bir a\u015final\u0131k gerektirmez. Kitap, Adorno\u2019nun d\u00fc\u015f\u00fcncesine genel bir giri\u015f i\u00e7erir ve onun Walter Benjamin\u2019in \u00e7al\u0131\u015fmalar\u0131 ve Yahudi teolojisiyle ili\u015fkisini, bilimsel pozitivizmle (Karl Popper) y\u00fczle\u015fmesini, \u201cK\u00fclt\u00fcr End\u00fcstrisi\u201d ve ideolojiye y\u00f6nelik ele\u015ftirilerini inceler. Bu konular\u0131n t\u00fcm\u00fc, teoloji i\u00e7erisindeki \u00e7a\u011fda\u015f tart\u0131\u015fmalarla nas\u0131l ba\u011flant\u0131lar kurduklar\u0131na dikkat edilerek incelenmi\u015ftir. Bu da, Adorno\u2019nun \u00e7al\u0131\u015fmalar\u0131n\u0131n \u00f6nemli mesele ve yazarlarla diyalo\u011fa sokulmas\u0131yla ger\u00e7ekle\u015ftirilmi\u015ftir. Kitap, Adorno\u2019nun yaz\u0131lar\u0131n\u0131n s\u0131kl\u0131kla ihmal edilen bir y\u00f6n\u00fcn\u00fc \u2013m\u00fczik felsefesini\u2013 ve y\u00fcce olan\u0131n bu estetik takdirinin \u00e7a\u011fda\u015f teolojik d\u00fc\u015f\u00fcnceyi nas\u0131l etkiledi\u011fini vurgulayarak sona erer.<\/p>\n","protected":false},"excerpt":{"rendered":"<p>Alman sosyolog ve filozof Theodor Wiesengrund Adorno (1903-1969), sava\u015f sonras\u0131 Frankfurt Okulu\u2019nun entelekt\u00fcel liderlerinden biriydi. Bu kitap, Adorno\u2019nun teoloji ve din \u00fczerine yaz\u0131lar\u0131n\u0131 a\u00e7\u0131k ve eri\u015filebilir<span class=\"excerpt-hellip\"> [\u2026]<\/span><\/p>\n","protected":false},"featured_media":0,"template":"","meta":{"_monsterinsights_skip_tracking":false,"_monsterinsights_sitenote_active":false,"_monsterinsights_sitenote_note":"","_monsterinsights_sitenote_category":0},"product_brand":[],"product_cat":[20351,12388],"product_tag":[],"class_list":{"0":"post-744715","1":"product","2":"type-product","3":"status-publish","5":"product_cat-dusunce","6":"product_cat-felsefe","7":"pa_cilt-ciltsiz","8":"pa_tur-kitap","9":"pa_yayinevi-ayrinti-yayinlari","10":"pa_yazar-christopher-craig-brittain","12":"first","13":"instock","14":"sale","15":"shipping-taxable","16":"purchasable","17":"product-type-simple"},"_links":{"self":[{"href":"https:\/\/roveyayinevi.com.tr\/index.php\/wp-json\/wp\/v2\/product\/744715","targetHints":{"allow":["GET"]}}],"collection":[{"href":"https:\/\/roveyayinevi.com.tr\/index.php\/wp-json\/wp\/v2\/product"}],"about":[{"href":"https:\/\/roveyayinevi.com.tr\/index.php\/wp-json\/wp\/v2\/types\/product"}],"wp:attachment":[{"href":"https:\/\/roveyayinevi.com.tr\/index.php\/wp-json\/wp\/v2\/media?parent=744715"}],"wp:term":[{"taxonomy":"product_brand","embeddable":true,"href":"https:\/\/roveyayinevi.com.tr\/index.php\/wp-json\/wp\/v2\/product_brand?post=744715"},{"taxonomy":"product_cat","embeddable":true,"href":"https:\/\/roveyayinevi.com.tr\/index.php\/wp-json\/wp\/v2\/product_cat?post=744715"},{"taxonomy":"product_tag","embeddable":true,"href":"https:\/\/roveyayinevi.com.tr\/index.php\/wp-json\/wp\/v2\/product_tag?post=744715"}],"curies":[{"name":"wp","href":"https:\/\/api.w.org\/{rel}","templated":true}]}}