{"id":744713,"date":"2025-08-28T02:03:17","date_gmt":"2025-08-27T23:03:17","guid":{"rendered":"https:\/\/roveyayinevi.com.tr\/index.php\/urun\/kronik-hastaliklara-cozum-var\/"},"modified":"2026-04-16T02:56:39","modified_gmt":"2026-04-15T23:56:39","slug":"kronik-hastaliklara-cozum-var","status":"publish","type":"product","link":"https:\/\/roveyayinevi.com.tr\/index.php\/urun\/kronik-hastaliklara-cozum-var\/","title":{"rendered":"Kronik Hastal\u0131klara \u00c7\u00f6z\u00fcm Var"},"content":{"rendered":"<p>Bu kitap ger\u00e7ekten iyile\u015fmek isteyen, v\u00fccudun anlatt\u0131klar\u0131n\u0131 duymak i\u00e7in onu dinleyen, s\u00fcrekli ara\u015ft\u0131ran, okuyan, bedeninin sorumlulu\u011funu kendi \u00fczerine alm\u0131\u015f, ya\u015fam tarz\u0131nda de\u011fi\u015fiklikler yaparak daha sa\u011fl\u0131kl\u0131, daha zinde kalmak ve sa\u011fl\u0131kl\u0131 ya\u015f almak isteyenler i\u00e7in yaz\u0131ld\u0131. Kronik hastal\u0131klar bir g\u00fcnde olu\u015fmaz. K\u00f6kleri derindedir. B\u00fct\u00fcnc\u00fcl t\u0131p yakla\u015f\u0131m\u0131yla herhangi bir organ\u0131n tedavi edilmesi ama\u00e7lanmaz, organizman\u0131n kendisini tedavi i\u00e7in \u00e7aba g\u00f6sterilir. Beden, zihin ve ruh a\u00e7\u0131s\u0131ndan organizmay\u0131 sa\u011fl\u0131kl\u0131 bir hale getirmek as\u0131l hedeftir. B\u00fct\u00fcnc\u00fcl t\u0131p tedavilerini kullanmak demek modern t\u0131ptan uzakla\u015fmak demek de de\u011fildir. Aksine modern t\u0131bb\u0131n t\u00fcm teknolojik imk\u00e2nlar\u0131yla bilimsel olarak etkinli\u011fi kan\u0131tlanm\u0131\u015f, geleneksel ve tamamlay\u0131c\u0131 tedavileri beraber kullanabilmektir. Dr. Levent Sepit\u2019in kaleme ald\u0131\u011f\u0131 ve kronik hastal\u0131klar\u0131n bir \u00e7\u00f6z\u00fcm\u00fc oldu\u011fu iddias\u0131yla yola \u00e7\u0131kan eser, hipertansiyonla, depresyonla, diyabetle, kalp hastal\u0131klar\u0131, ast\u0131m ve artritle,bel f\u0131t\u0131\u011f\u0131yla, refl\u00fc, fibromiyalji, ha\u015fimato, obeziteyle, alerji, romatizma, sedef ve egzamayla hatta kronik yorgunlukla y\u0131llard\u0131r m\u00fccadele edenler i\u00e7in bir k\u0131lavuz niteli\u011finde.<\/p>\n","protected":false},"excerpt":{"rendered":"<p>Bu kitap ger\u00e7ekten iyile\u015fmek isteyen, v\u00fccudun anlatt\u0131klar\u0131n\u0131 duymak i\u00e7in onu dinleyen, s\u00fcrekli ara\u015ft\u0131ran, okuyan, bedeninin sorumlulu\u011funu kendi \u00fczerine alm\u0131\u015f, ya\u015fam tarz\u0131nda de\u011fi\u015fiklikler yaparak daha sa\u011fl\u0131kl\u0131, daha<span class=\"excerpt-hellip\"> [\u2026]<\/span><\/p>\n","protected":false},"featured_media":0,"template":"","meta":{"_monsterinsights_skip_tracking":false,"_monsterinsights_sitenote_active":false,"_monsterinsights_sitenote_note":"","_monsterinsights_sitenote_category":0},"product_brand":[],"product_cat":[20313,13365],"product_tag":[],"class_list":{"0":"post-744713","1":"product","2":"type-product","3":"status-publish","5":"product_cat-basvuru-kitaplari-saglik","6":"product_cat-saglik","7":"pa_cilt-ciltsiz","8":"pa_tur-kitap","9":"pa_yayinevi-nemesis-kitap","10":"pa_yazar-levent-sepit","12":"first","13":"instock","14":"sale","15":"shipping-taxable","16":"purchasable","17":"product-type-simple"},"_links":{"self":[{"href":"https:\/\/roveyayinevi.com.tr\/index.php\/wp-json\/wp\/v2\/product\/744713","targetHints":{"allow":["GET"]}}],"collection":[{"href":"https:\/\/roveyayinevi.com.tr\/index.php\/wp-json\/wp\/v2\/product"}],"about":[{"href":"https:\/\/roveyayinevi.com.tr\/index.php\/wp-json\/wp\/v2\/types\/product"}],"wp:attachment":[{"href":"https:\/\/roveyayinevi.com.tr\/index.php\/wp-json\/wp\/v2\/media?parent=744713"}],"wp:term":[{"taxonomy":"product_brand","embeddable":true,"href":"https:\/\/roveyayinevi.com.tr\/index.php\/wp-json\/wp\/v2\/product_brand?post=744713"},{"taxonomy":"product_cat","embeddable":true,"href":"https:\/\/roveyayinevi.com.tr\/index.php\/wp-json\/wp\/v2\/product_cat?post=744713"},{"taxonomy":"product_tag","embeddable":true,"href":"https:\/\/roveyayinevi.com.tr\/index.php\/wp-json\/wp\/v2\/product_tag?post=744713"}],"curies":[{"name":"wp","href":"https:\/\/api.w.org\/{rel}","templated":true}]}}