{"id":744712,"date":"2025-08-28T02:03:16","date_gmt":"2025-08-27T23:03:16","guid":{"rendered":"https:\/\/roveyayinevi.com.tr\/index.php\/urun\/dijital-ekosistemin-yukselen-degeri-blockchain-teknolojisi-ve-kripto-varliklar\/"},"modified":"2026-04-16T02:56:39","modified_gmt":"2026-04-15T23:56:39","slug":"dijital-ekosistemin-yukselen-degeri-blockchain-teknolojisi-ve-kripto-varliklar","status":"publish","type":"product","link":"https:\/\/roveyayinevi.com.tr\/index.php\/urun\/dijital-ekosistemin-yukselen-degeri-blockchain-teknolojisi-ve-kripto-varliklar\/","title":{"rendered":"Dijital Ekosistemin Y\u00fckselen De\u011feri Blockchain Teknolojisi ve Kripto Varl\u0131klar"},"content":{"rendered":"<p>1. B\u00d6L\u00dcM BLOCKCHA\u0130N A\u011e TEKNOLOJ\u0130S\u0130   2. B\u00d6L\u00dcM KR\u0130PTO VARLIKLAR   3. B\u00d6L\u00dcM KR\u0130PTO PARA P\u0130YASASINDA \u0130\u015eLEM YAPMANIN R\u0130SKLER\u0130 VE KR\u0130PTO PARA YATIRIM KARARINA ETK\u0130 EDEN FAKT\u00d6RLER<\/p>\n","protected":false},"excerpt":{"rendered":"<p>1. B\u00d6L\u00dcM BLOCKCHA\u0130N A\u011e TEKNOLOJ\u0130S\u0130 2. B\u00d6L\u00dcM KR\u0130PTO VARLIKLAR 3. B\u00d6L\u00dcM KR\u0130PTO PARA P\u0130YASASINDA \u0130\u015eLEM YAPMANIN R\u0130SKLER\u0130 VE KR\u0130PTO PARA YATIRIM KARARINA ETK\u0130 EDEN FAKT\u00d6RLER<\/p>\n","protected":false},"featured_media":0,"template":"","meta":{"_monsterinsights_skip_tracking":false,"_monsterinsights_sitenote_active":false,"_monsterinsights_sitenote_note":"","_monsterinsights_sitenote_category":0},"product_brand":[],"product_cat":[20333,13043],"product_tag":[],"class_list":{"0":"post-744712","1":"product","2":"type-product","3":"status-publish","5":"product_cat-diger-ekonomi","6":"product_cat-ekonomi","7":"pa_cilt-ciltsiz","8":"pa_tur-kitap","9":"pa_yayinevi-gazi-kitabevi","10":"pa_yazar-seda-yavuzaslan-soylemez-halis-kalmis","12":"first","13":"instock","14":"sale","15":"shipping-taxable","16":"purchasable","17":"product-type-simple"},"_links":{"self":[{"href":"https:\/\/roveyayinevi.com.tr\/index.php\/wp-json\/wp\/v2\/product\/744712","targetHints":{"allow":["GET"]}}],"collection":[{"href":"https:\/\/roveyayinevi.com.tr\/index.php\/wp-json\/wp\/v2\/product"}],"about":[{"href":"https:\/\/roveyayinevi.com.tr\/index.php\/wp-json\/wp\/v2\/types\/product"}],"wp:attachment":[{"href":"https:\/\/roveyayinevi.com.tr\/index.php\/wp-json\/wp\/v2\/media?parent=744712"}],"wp:term":[{"taxonomy":"product_brand","embeddable":true,"href":"https:\/\/roveyayinevi.com.tr\/index.php\/wp-json\/wp\/v2\/product_brand?post=744712"},{"taxonomy":"product_cat","embeddable":true,"href":"https:\/\/roveyayinevi.com.tr\/index.php\/wp-json\/wp\/v2\/product_cat?post=744712"},{"taxonomy":"product_tag","embeddable":true,"href":"https:\/\/roveyayinevi.com.tr\/index.php\/wp-json\/wp\/v2\/product_tag?post=744712"}],"curies":[{"name":"wp","href":"https:\/\/api.w.org\/{rel}","templated":true}]}}