{"id":744708,"date":"2025-08-28T02:03:12","date_gmt":"2025-08-27T23:03:12","guid":{"rendered":"https:\/\/roveyayinevi.com.tr\/index.php\/urun\/denemeler-9\/"},"modified":"2026-04-08T03:04:34","modified_gmt":"2026-04-08T00:04:34","slug":"denemeler-9","status":"publish","type":"product","link":"https:\/\/roveyayinevi.com.tr\/index.php\/urun\/denemeler-9\/","title":{"rendered":"Denemeler"},"content":{"rendered":"<p>Hat\u0131ralar\u0131n ele ge\u00e7irdi\u011fi bir ev, ge\u00e7mi\u015f her yere sinmi\u015f&#8230; Karanl\u0131k \u00e7\u00f6k\u00fcnce kar f\u0131rt\u0131nas\u0131na yakalanm\u0131\u015f biri, tuhaf velo\u015f bir eve s\u0131\u011f\u0131nmak zorunda kal\u0131r: U\u011fultulu Tepeler. Buras\u0131 asla unutamayaca\u011f\u0131 bir yerdir ve Cathy\u2019nin hik\u00e2yesini \u00f6\u011frenir. \u0130yi bir kocayla \u00e7ocuklu\u011fundan beri sevdi\u011fi tehlikeli bir erkek aras\u0131nda yapmak zorunda kald\u0131\u011f\u0131 se\u00e7imi\u2026 Yapt\u0131\u011f\u0131 se\u00e7imin onu nas\u0131l ihanet ve intikama s\u00fcr\u00fckledi\u011fi ve bug\u00fcn bile ac\u0131lar\u0131n\u0131n devam etti\u011fini\u2026 A\u015fk\u0131n; otoriteyi, gelenekleri ve hatta \u00f6l\u00fcm\u00fc bile nas\u0131l yok sayd\u0131\u011f\u0131n\u0131\u2026 Ve tutkunun nas\u0131l da \u00f6l\u00fcmc\u00fcl olabilece\u011fini\u2026 Montaigne,k\u00fct\u00fcphanesinde buldu\u011fu kitaplar ve kendi ki\u015fisel deneyimlerinden yola \u00e7\u0131karak edindi\u011fi d\u00fc\u015f\u00fcnceler \u00fczerine 1572 y\u0131l\u0131nda denemelerini yazmaya koyulur. Sava\u015f ve atlardan yamyamlara, \u015fiirden siyasete, cinsellikten dine, a\u015ftan arkada\u015fl\u0131\u011fa \u00e7ok geni\u015f bir yelpazede konular\u0131 ele alm\u0131\u015ft\u0131r. Ancak t\u00fcm bunlar\u0131n \u00f6tesinde Montaigne, kendi i\u00e7 d\u00fcnyas\u0131 ve do\u011fas\u0131 \u00fczerinden genel olarak kad\u0131n ve erke\u011fi anlamaya adam\u0131\u015ft\u0131r kendisini. Denemeler, edebiyat d\u00fcnyas\u0131n\u0131n en kendine \u00f6zg\u00fc ve ki\u015fisel yap\u0131tlar\u0131ndan biridir ve modern okuru ayd\u0131nlatmay\u0131 s\u00fcrd\u00fcren bir R\u00f6nesans akl\u0131yla kaleme al\u0131nm\u0131\u015flard\u0131r. <\/p>\n","protected":false},"excerpt":{"rendered":"<p>Hat\u0131ralar\u0131n ele ge\u00e7irdi\u011fi bir ev, ge\u00e7mi\u015f her yere sinmi\u015f&#8230; Karanl\u0131k \u00e7\u00f6k\u00fcnce kar f\u0131rt\u0131nas\u0131na yakalanm\u0131\u015f biri, tuhaf velo\u015f bir eve s\u0131\u011f\u0131nmak zorunda kal\u0131r: U\u011fultulu Tepeler. Buras\u0131 asla<span class=\"excerpt-hellip\"> [\u2026]<\/span><\/p>\n","protected":false},"featured_media":0,"template":"","meta":{"_monsterinsights_skip_tracking":false,"_monsterinsights_sitenote_active":false,"_monsterinsights_sitenote_note":"","_monsterinsights_sitenote_category":0},"product_brand":[],"product_cat":[12291,12711],"product_tag":[],"class_list":{"0":"post-744708","1":"product","2":"type-product","3":"status-publish","5":"product_cat-edebiyat","6":"product_cat-roman-oyku","7":"pa_cilt-ciltsiz","8":"pa_tur-kitap","9":"pa_yayinevi-fark-yayinlari","10":"pa_yazar-michel-de-montaigne","12":"first","13":"instock","14":"sale","15":"shipping-taxable","16":"purchasable","17":"product-type-simple"},"_links":{"self":[{"href":"https:\/\/roveyayinevi.com.tr\/index.php\/wp-json\/wp\/v2\/product\/744708","targetHints":{"allow":["GET"]}}],"collection":[{"href":"https:\/\/roveyayinevi.com.tr\/index.php\/wp-json\/wp\/v2\/product"}],"about":[{"href":"https:\/\/roveyayinevi.com.tr\/index.php\/wp-json\/wp\/v2\/types\/product"}],"wp:attachment":[{"href":"https:\/\/roveyayinevi.com.tr\/index.php\/wp-json\/wp\/v2\/media?parent=744708"}],"wp:term":[{"taxonomy":"product_brand","embeddable":true,"href":"https:\/\/roveyayinevi.com.tr\/index.php\/wp-json\/wp\/v2\/product_brand?post=744708"},{"taxonomy":"product_cat","embeddable":true,"href":"https:\/\/roveyayinevi.com.tr\/index.php\/wp-json\/wp\/v2\/product_cat?post=744708"},{"taxonomy":"product_tag","embeddable":true,"href":"https:\/\/roveyayinevi.com.tr\/index.php\/wp-json\/wp\/v2\/product_tag?post=744708"}],"curies":[{"name":"wp","href":"https:\/\/api.w.org\/{rel}","templated":true}]}}