{"id":744703,"date":"2025-08-28T02:03:04","date_gmt":"2025-08-27T23:03:04","guid":{"rendered":"https:\/\/roveyayinevi.com.tr\/index.php\/urun\/fire-force-alev-gucu-1-cilt\/"},"modified":"2026-04-16T02:56:39","modified_gmt":"2026-04-15T23:56:39","slug":"fire-force-alev-gucu-1-cilt","status":"publish","type":"product","link":"https:\/\/roveyayinevi.com.tr\/index.php\/urun\/fire-force-alev-gucu-1-cilt\/","title":{"rendered":"Fire Force Alev G\u00fcc\u00fc 1. Cilt"},"content":{"rendered":"<p>Alevli bir maceraya haz\u0131r m\u0131s\u0131n\u0131z?   G\u00fcne\u015f Takvimi, y\u0131l 198\u2026  Tokyo halk\u0131 b\u00fcy\u00fck bir tehdit alt\u0131nda. Ruhlar\u0131 \u015feytanlar taraf\u0131ndan ele ge\u00e7irilen insanlar aniden alev al\u0131p yanmaya ba\u015flayarak etrafa korku sa\u00e7\u0131yorlar. Alev G\u00fcc\u00fc bu tehlikeli durumla m\u00fccadele etmek i\u00e7in i\u015f ba\u015f\u0131nda. Hem \u201calev insanlar\u0131n\u201d ate\u015fini s\u00f6nd\u00fcr\u00fcp ruhlar\u0131n\u0131 kurtarmak hem de bu tuhaf vakalar\u0131n gizemini \u00e7\u00f6zmek onlar\u0131n g\u00f6revi.    Tam da vakalar\u0131n iyice yo\u011funla\u015ft\u0131\u011f\u0131 bir zamanda tak\u0131ma yeni bir \u00fcye kat\u0131l\u0131yor. Ard\u0131nda \u00fcnl\u00fc, \u015feytan\u0131n ayak izlerini b\u0131rakarak roket h\u0131z\u0131nda ko\u015fmak gibi e\u015fsiz bir yetene\u011fe sahip olan ve kahraman olma iste\u011fiyle yan\u0131p tutu\u015fan itfaiyeci \u015einra\u2026    T\u00fcm \u015fehir yan\u0131p k\u00fcle d\u00f6nmeden \u00f6nce, Alev G\u00fcc\u00fc gizemli vakalar\u0131n kayna\u011f\u0131n\u0131 ke\u015ffedip insanl\u0131\u011f\u0131 bu \u00f6l\u00fcmc\u00fcl tehditten kurtarabilecek mi? <\/p>\n","protected":false},"excerpt":{"rendered":"<p>Alevli bir maceraya haz\u0131r m\u0131s\u0131n\u0131z? G\u00fcne\u015f Takvimi, y\u0131l 198\u2026 Tokyo halk\u0131 b\u00fcy\u00fck bir tehdit alt\u0131nda. Ruhlar\u0131 \u015feytanlar taraf\u0131ndan ele ge\u00e7irilen insanlar aniden alev al\u0131p yanmaya ba\u015flayarak<span class=\"excerpt-hellip\"> [\u2026]<\/span><\/p>\n","protected":false},"featured_media":0,"template":"","meta":{"_monsterinsights_skip_tracking":false,"_monsterinsights_sitenote_active":false,"_monsterinsights_sitenote_note":"","_monsterinsights_sitenote_category":0},"product_brand":[],"product_cat":[12416,12291],"product_tag":[],"class_list":{"0":"post-744703","1":"product","2":"type-product","3":"status-publish","5":"product_cat-cizgi-roman","6":"product_cat-edebiyat","7":"pa_cilt-ciltsiz","8":"pa_tur-kitap","9":"pa_yayinevi-akil-celen-kitaplar","10":"pa_yazar-atsushi-ohkubo","12":"first","13":"instock","14":"sale","15":"shipping-taxable","16":"purchasable","17":"product-type-simple"},"_links":{"self":[{"href":"https:\/\/roveyayinevi.com.tr\/index.php\/wp-json\/wp\/v2\/product\/744703","targetHints":{"allow":["GET"]}}],"collection":[{"href":"https:\/\/roveyayinevi.com.tr\/index.php\/wp-json\/wp\/v2\/product"}],"about":[{"href":"https:\/\/roveyayinevi.com.tr\/index.php\/wp-json\/wp\/v2\/types\/product"}],"wp:attachment":[{"href":"https:\/\/roveyayinevi.com.tr\/index.php\/wp-json\/wp\/v2\/media?parent=744703"}],"wp:term":[{"taxonomy":"product_brand","embeddable":true,"href":"https:\/\/roveyayinevi.com.tr\/index.php\/wp-json\/wp\/v2\/product_brand?post=744703"},{"taxonomy":"product_cat","embeddable":true,"href":"https:\/\/roveyayinevi.com.tr\/index.php\/wp-json\/wp\/v2\/product_cat?post=744703"},{"taxonomy":"product_tag","embeddable":true,"href":"https:\/\/roveyayinevi.com.tr\/index.php\/wp-json\/wp\/v2\/product_tag?post=744703"}],"curies":[{"name":"wp","href":"https:\/\/api.w.org\/{rel}","templated":true}]}}