{"id":744702,"date":"2025-08-28T02:03:02","date_gmt":"2025-08-27T23:03:02","guid":{"rendered":"https:\/\/roveyayinevi.com.tr\/index.php\/urun\/dil-gercegi\/"},"modified":"2026-04-16T02:56:39","modified_gmt":"2026-04-15T23:56:39","slug":"dil-gercegi","status":"publish","type":"product","link":"https:\/\/roveyayinevi.com.tr\/index.php\/urun\/dil-gercegi\/","title":{"rendered":"Dil Ger\u00e7e\u011fi"},"content":{"rendered":"<p>1941\u2019de ad\u0131m att\u0131\u011f\u0131 T\u00fcrk Dil Kurumu\u2019na otuz y\u0131ldan daha uzun bir s\u00fcre, y\u00f6netim kurulu ba\u015fkanl\u0131\u011f\u0131 da dahil olmak \u00fczere \u00f6nemli hizmetler sunmu\u015f olan \u00d6mer As\u0131m Aksoy, \u00f6mr\u00fcn\u00fc T\u00fcrk\u00e7enin geli\u015fmesine ve Dil Devrimi\u2019nin sa\u011flamla\u015fmas\u0131na adam\u0131\u015f bir fikir insan\u0131d\u0131r. Dil Ger\u00e7e\u011fi ise Aksoy\u2019un, \u201cDilini yitiren ulus, bir s\u00fcre sonra ba\u015fka bir ulus i\u00e7inde erir, gider\u201d anlay\u0131\u015f\u0131yla T\u00fcrk\u00e7enin yabanc\u0131 k\u00fclt\u00fcrlerden ar\u0131nmas\u0131, \u00f6zle\u015fmesi, zenginle\u015fmesi ve en do\u011fru \u015fekilde kullan\u0131labilmesi i\u00e7in T\u00fcrk milletine adad\u0131\u011f\u0131 k\u0131ymetli eserlerden biridir. \u0130lk bask\u0131s\u0131 1982\u2019de Dil Derne\u011fi taraf\u0131ndan yap\u0131lan Dil Ger\u00e7e\u011fi, 1932\u2019den beri s\u00fcregelen Dil Devrimi\u2019nin gerekli olup olmad\u0131\u011f\u0131 tart\u0131\u015fmalar\u0131na kan\u0131tlar\u0131yla a\u00e7\u0131kl\u0131k getiriyor, tart\u0131\u015fmalar\u0131n hakl\u0131 veya haks\u0131z taraflar\u0131n\u0131 t\u00fcm y\u00f6nleriyle okuyucusuna sunuyor. Bu k\u0131ymetli eserin yay\u0131nevimizce g\u00f6zden ge\u00e7irilmi\u015f yeni bask\u0131s\u0131; akademisyenler, dilbilimciler ve k\u00fclt\u00fcr bilincine sahip okurlar i\u00e7in de\u011feri yads\u0131namaz bir ba\u015fucu kitab\u0131 olacakt\u0131r.<\/p>\n","protected":false},"excerpt":{"rendered":"<p>1941\u2019de ad\u0131m att\u0131\u011f\u0131 T\u00fcrk Dil Kurumu\u2019na otuz y\u0131ldan daha uzun bir s\u00fcre, y\u00f6netim kurulu ba\u015fkanl\u0131\u011f\u0131 da dahil olmak \u00fczere \u00f6nemli hizmetler sunmu\u015f olan \u00d6mer As\u0131m Aksoy,<span class=\"excerpt-hellip\"> [\u2026]<\/span><\/p>\n","protected":false},"featured_media":0,"template":"","meta":{"_monsterinsights_skip_tracking":false,"_monsterinsights_sitenote_active":false,"_monsterinsights_sitenote_note":"","_monsterinsights_sitenote_category":0},"product_brand":[],"product_cat":[20225,12291],"product_tag":[],"class_list":{"0":"post-744702","1":"product","2":"type-product","3":"status-publish","5":"product_cat-dil-bilim","6":"product_cat-edebiyat","7":"pa_cilt-ciltsiz","8":"pa_tur-kitap","9":"pa_yayinevi-inkilap-kitabevi","10":"pa_yazar-omer-asim-aksoy","12":"first","13":"instock","14":"sale","15":"shipping-taxable","16":"purchasable","17":"product-type-simple"},"_links":{"self":[{"href":"https:\/\/roveyayinevi.com.tr\/index.php\/wp-json\/wp\/v2\/product\/744702","targetHints":{"allow":["GET"]}}],"collection":[{"href":"https:\/\/roveyayinevi.com.tr\/index.php\/wp-json\/wp\/v2\/product"}],"about":[{"href":"https:\/\/roveyayinevi.com.tr\/index.php\/wp-json\/wp\/v2\/types\/product"}],"wp:attachment":[{"href":"https:\/\/roveyayinevi.com.tr\/index.php\/wp-json\/wp\/v2\/media?parent=744702"}],"wp:term":[{"taxonomy":"product_brand","embeddable":true,"href":"https:\/\/roveyayinevi.com.tr\/index.php\/wp-json\/wp\/v2\/product_brand?post=744702"},{"taxonomy":"product_cat","embeddable":true,"href":"https:\/\/roveyayinevi.com.tr\/index.php\/wp-json\/wp\/v2\/product_cat?post=744702"},{"taxonomy":"product_tag","embeddable":true,"href":"https:\/\/roveyayinevi.com.tr\/index.php\/wp-json\/wp\/v2\/product_tag?post=744702"}],"curies":[{"name":"wp","href":"https:\/\/api.w.org\/{rel}","templated":true}]}}