{"id":744701,"date":"2025-08-28T02:03:01","date_gmt":"2025-08-27T23:03:01","guid":{"rendered":"https:\/\/roveyayinevi.com.tr\/index.php\/urun\/ozlestirme-durdurulamaz\/"},"modified":"2026-04-16T02:56:39","modified_gmt":"2026-04-15T23:56:39","slug":"ozlestirme-durdurulamaz","status":"publish","type":"product","link":"https:\/\/roveyayinevi.com.tr\/index.php\/urun\/ozlestirme-durdurulamaz\/","title":{"rendered":"\u00d6zle\u015ftirme Durdurulamaz"},"content":{"rendered":"<p>1941\u2019de ad\u0131m att\u0131\u011f\u0131 T\u00fcrk Dil Kurumu\u2019na otuz y\u0131ldan daha uzun bir s\u00fcre, y\u00f6netim kurulu ba\u015fkanl\u0131\u011f\u0131 da dahil olmak \u00fczere \u00f6nemli hizmetler sunmu\u015f olan \u00d6mer As\u0131m Aksoy, \u00f6mr\u00fcn\u00fc T\u00fcrk\u00e7enin geli\u015fmesine ve Dil Devrimi\u2019nin sa\u011flamla\u015fmas\u0131na adam\u0131\u015f bir fikir insan\u0131d\u0131r. \u00d6zle\u015ftirme Durdurulamaz, \u00d6mer As\u0131m Aksoy\u2019un 1965 ila 1973 y\u0131llar\u0131 aras\u0131nda T\u00fcrk Dili dergisinde yay\u0131mlanm\u0131\u015f otuz d\u00f6rt yaz\u0131s\u0131n\u0131 bir araya getiriyor. Yazar, bu metinlerle Dil Devrimi\u2019ne ve onun temel yap\u0131ta\u015flar\u0131ndan olan T\u00fcrk Dil Kurumu\u2019na y\u00f6nelik sald\u0131r\u0131lara fikri d\u00fczeyde cevaplar vermi\u015f, \u00e7etin bir kalem m\u00fccadelesi sergilemi\u015ftir. \u201cGer\u00e7ek Atat\u00fcrk\u00e7\u00fc, dilde de Atat\u00fcrk\u00e7\u00fc olur\u201d \u00fclk\u00fcs\u00fcyle hareket eden Aksoy, Dil Devrimi\u2019nin temel ilkelerinden asla taviz vermemi\u015ftir. Bununla birlikte bu eserde bir araya getirilen metinlerde, bu \u00e7etin m\u00fccadelelerin entelekt\u00fcel d\u00fczeyde ger\u00e7ekle\u015ftirildi\u011fi ve okura bir dil lezzeti sundu\u011fu da g\u00f6zlenmektedir. Bu k\u0131ymetli eserin yay\u0131nevimizce g\u00f6zden ge\u00e7irilmi\u015f yeni bask\u0131s\u0131; akademisyenler, dilbilimciler ve k\u00fclt\u00fcr bilincine sahip okurlar i\u00e7in de\u011feri yads\u0131namaz bir ba\u015fucu kitab\u0131 olacakt\u0131r.<\/p>\n","protected":false},"excerpt":{"rendered":"<p>1941\u2019de ad\u0131m att\u0131\u011f\u0131 T\u00fcrk Dil Kurumu\u2019na otuz y\u0131ldan daha uzun bir s\u00fcre, y\u00f6netim kurulu ba\u015fkanl\u0131\u011f\u0131 da dahil olmak \u00fczere \u00f6nemli hizmetler sunmu\u015f olan \u00d6mer As\u0131m Aksoy,<span class=\"excerpt-hellip\"> [\u2026]<\/span><\/p>\n","protected":false},"featured_media":0,"template":"","meta":{"_monsterinsights_skip_tracking":false,"_monsterinsights_sitenote_active":false,"_monsterinsights_sitenote_note":"","_monsterinsights_sitenote_category":0},"product_brand":[],"product_cat":[20225,12291],"product_tag":[],"class_list":{"0":"post-744701","1":"product","2":"type-product","3":"status-publish","5":"product_cat-dil-bilim","6":"product_cat-edebiyat","7":"pa_cilt-ciltsiz","8":"pa_tur-kitap","9":"pa_yayinevi-inkilap-kitabevi","10":"pa_yazar-omer-asim-aksoy","12":"first","13":"instock","14":"sale","15":"shipping-taxable","16":"purchasable","17":"product-type-simple"},"_links":{"self":[{"href":"https:\/\/roveyayinevi.com.tr\/index.php\/wp-json\/wp\/v2\/product\/744701","targetHints":{"allow":["GET"]}}],"collection":[{"href":"https:\/\/roveyayinevi.com.tr\/index.php\/wp-json\/wp\/v2\/product"}],"about":[{"href":"https:\/\/roveyayinevi.com.tr\/index.php\/wp-json\/wp\/v2\/types\/product"}],"wp:attachment":[{"href":"https:\/\/roveyayinevi.com.tr\/index.php\/wp-json\/wp\/v2\/media?parent=744701"}],"wp:term":[{"taxonomy":"product_brand","embeddable":true,"href":"https:\/\/roveyayinevi.com.tr\/index.php\/wp-json\/wp\/v2\/product_brand?post=744701"},{"taxonomy":"product_cat","embeddable":true,"href":"https:\/\/roveyayinevi.com.tr\/index.php\/wp-json\/wp\/v2\/product_cat?post=744701"},{"taxonomy":"product_tag","embeddable":true,"href":"https:\/\/roveyayinevi.com.tr\/index.php\/wp-json\/wp\/v2\/product_tag?post=744701"}],"curies":[{"name":"wp","href":"https:\/\/api.w.org\/{rel}","templated":true}]}}