{"id":744700,"date":"2025-08-28T02:03:00","date_gmt":"2025-08-27T23:03:00","guid":{"rendered":"https:\/\/roveyayinevi.com.tr\/index.php\/urun\/gocun-tarihi\/"},"modified":"2026-04-16T02:56:39","modified_gmt":"2026-04-15T23:56:39","slug":"gocun-tarihi","status":"publish","type":"product","link":"https:\/\/roveyayinevi.com.tr\/index.php\/urun\/gocun-tarihi\/","title":{"rendered":"G\u00f6\u00e7\u00fcn Tarihi"},"content":{"rendered":"<p>G\u00f6\u00e7 tarihi, d\u00fcnya tarihini anlamak i\u00e7in k\u00f6\u015fe ta\u015f\u0131d\u0131r. \u0130lk g\u00f6\u00e7ler insanlar\u0131 Afrika, Asya ve Avrupa\u2019ya savurdu. Erken modern d\u00f6nemde g\u00f6\u00e7, s\u00f6m\u00fcrgele\u015ftirme ve k\u00f6le ticareti yoluyla k\u0131talar\u0131 yeniden birbirine ba\u011flad\u0131. Yak\u0131n tarihte, ulus devletler ve ulus \u00f6tesi cemiyetler, s\u0131n\u0131rlar\u0131n\u0131 a\u015fan hareketleri kontrol etmenin yeni yollar\u0131n\u0131 arad\u0131lar. G\u00f6\u00e7\u00fcn Tarihi, ilgi \u00e7ekici ve detayl\u0131 bir anlat\u0131mla heyecan verici yeni ara\u015ft\u0131rmalar\u0131 bir araya getiriyor. K\u00fclt\u00fcrler, toplumlar ve teknolojiler geli\u015ftik\u00e7e, g\u00f6\u00e7 farkl\u0131 d\u00fcnyalardan insanlar\u0131 temas ve \u00e7at\u0131\u015fma i\u00e7ine sokuyor. Michael Fisher, bireysel topluluk \u00f6rnekleri, etnik gruplar\u0131n toplu hareketinin geni\u015f kal\u0131plar\u0131, i\u00e7e ve d\u0131\u015fa g\u00f6\u00e7\u00fcn soyut \u00e7al\u0131\u015fmas\u0131 arac\u0131l\u0131\u011f\u0131yla g\u00f6\u00e7menlerin nas\u0131l birle\u015fti\u011fini ve birlikte ya\u015fad\u0131\u011f\u0131n\u0131 ara\u015ft\u0131r\u0131yor. Teknoloji, \u00e7evre ve siyasetin, Buz Adam Otzi\u2019den Atlantik k\u00f6le ticaretinin orta ge\u00e7idine ve k\u00fcresel sava\u015f\u0131n gerektirdi\u011fi m\u00fclteci hareketine kadar t\u00fcrl\u00fc t\u00fcrl\u00fc insan g\u00f6\u00e7\u00fc hik\u00e2yelerini nas\u0131l \u015fekillendirdi\u011fini tart\u0131\u015f\u0131yor.<\/p>\n","protected":false},"excerpt":{"rendered":"<p>G\u00f6\u00e7 tarihi, d\u00fcnya tarihini anlamak i\u00e7in k\u00f6\u015fe ta\u015f\u0131d\u0131r. \u0130lk g\u00f6\u00e7ler insanlar\u0131 Afrika, Asya ve Avrupa\u2019ya savurdu. Erken modern d\u00f6nemde g\u00f6\u00e7, s\u00f6m\u00fcrgele\u015ftirme ve k\u00f6le ticareti yoluyla k\u0131talar\u0131<span class=\"excerpt-hellip\"> [\u2026]<\/span><\/p>\n","protected":false},"featured_media":0,"template":"","meta":{"_monsterinsights_skip_tracking":false,"_monsterinsights_sitenote_active":false,"_monsterinsights_sitenote_note":"","_monsterinsights_sitenote_category":0},"product_brand":[],"product_cat":[12312,12304],"product_tag":[],"class_list":{"0":"post-744700","1":"product","2":"type-product","3":"status-publish","5":"product_cat-diger","6":"product_cat-tarih","7":"pa_cilt-ciltsiz","8":"pa_tur-kitap","9":"pa_yayinevi-inkilap-kitabevi","10":"pa_yazar-michael-h-fisher","12":"first","13":"instock","14":"sale","15":"shipping-taxable","16":"purchasable","17":"product-type-simple"},"_links":{"self":[{"href":"https:\/\/roveyayinevi.com.tr\/index.php\/wp-json\/wp\/v2\/product\/744700","targetHints":{"allow":["GET"]}}],"collection":[{"href":"https:\/\/roveyayinevi.com.tr\/index.php\/wp-json\/wp\/v2\/product"}],"about":[{"href":"https:\/\/roveyayinevi.com.tr\/index.php\/wp-json\/wp\/v2\/types\/product"}],"wp:attachment":[{"href":"https:\/\/roveyayinevi.com.tr\/index.php\/wp-json\/wp\/v2\/media?parent=744700"}],"wp:term":[{"taxonomy":"product_brand","embeddable":true,"href":"https:\/\/roveyayinevi.com.tr\/index.php\/wp-json\/wp\/v2\/product_brand?post=744700"},{"taxonomy":"product_cat","embeddable":true,"href":"https:\/\/roveyayinevi.com.tr\/index.php\/wp-json\/wp\/v2\/product_cat?post=744700"},{"taxonomy":"product_tag","embeddable":true,"href":"https:\/\/roveyayinevi.com.tr\/index.php\/wp-json\/wp\/v2\/product_tag?post=744700"}],"curies":[{"name":"wp","href":"https:\/\/api.w.org\/{rel}","templated":true}]}}