{"id":744698,"date":"2025-08-28T02:02:57","date_gmt":"2025-08-27T23:02:57","guid":{"rendered":"https:\/\/roveyayinevi.com.tr\/index.php\/urun\/derinlerin-kadini\/"},"modified":"2026-04-08T03:04:34","modified_gmt":"2026-04-08T00:04:34","slug":"derinlerin-kadini","status":"publish","type":"product","link":"https:\/\/roveyayinevi.com.tr\/index.php\/urun\/derinlerin-kadini\/","title":{"rendered":"Derinlerin Kad\u0131n\u0131"},"content":{"rendered":"<p>\u015eiddet ve kefarete de\u011fgin bir ba\u015fyap\u0131t.\u2019                                                      Guardian Belfast: 1985. \u2018Sorunlu D\u00f6nem\u2019in tam ortas\u0131nda Protestan polis te\u015fkilat\u0131 RUC\u2019ta Katolik bir polis olarak \u00e7al\u0131\u015fan Dedektif Sean Duffy profesyonelce i\u015flenmi\u015f bir \u00e7ifte cinayet ile bu olay\u0131n ard\u0131ndan ger\u00e7ekle\u015fen intihar\u0131 soru\u015fturmaktad\u0131r. G\u00f6r\u00fcn\u00fc\u015fe g\u00f6re Michael Kelly anne babas\u0131n\u0131 vurmu\u015f, sonra da u\u00e7urumdan atlayarak hayat\u0131na son vermi\u015ftir. Ama Duffy bir s\u00fcre sonra Kelly\u2019nin ge\u00e7mi\u015fte Oxford\u2019da girdi\u011fi ili\u015fkileri, kat\u0131lm\u0131\u015f oldu\u011fu bir partide bir bakan k\u0131z\u0131n\u0131n a\u015f\u0131r\u0131 doz eroinden dolay\u0131 \u00f6ld\u00fc\u011f\u00fcn\u00fc ke\u015ffeder. Yeni bulgular onu silah ka\u00e7ak\u00e7\u0131lar\u0131n\u0131n, silah t\u00fcccarlar\u0131n\u0131n, Britanya h\u00fck\u00fcmetinin ve sahte kimlikli bir Amerikan ajan\u0131n\u0131n da i\u00e7erisinde oldu\u011fu b\u00fcy\u00fck bir \u015febekeye g\u00f6t\u00fcrecektir. Bu arada \u0130ngiliz Gizli Servisi gelip onun kap\u0131s\u0131n\u0131 \u00e7alar\u2026 <\/p>\n","protected":false},"excerpt":{"rendered":"<p>\u015eiddet ve kefarete de\u011fgin bir ba\u015fyap\u0131t.\u2019 Guardian Belfast: 1985. \u2018Sorunlu D\u00f6nem\u2019in tam ortas\u0131nda Protestan polis te\u015fkilat\u0131 RUC\u2019ta Katolik bir polis olarak \u00e7al\u0131\u015fan Dedektif Sean Duffy profesyonelce<span class=\"excerpt-hellip\"> [\u2026]<\/span><\/p>\n","protected":false},"featured_media":0,"template":"","meta":{"_monsterinsights_skip_tracking":false,"_monsterinsights_sitenote_active":false,"_monsterinsights_sitenote_note":"","_monsterinsights_sitenote_category":0},"product_brand":[],"product_cat":[12291,12711],"product_tag":[],"class_list":{"0":"post-744698","1":"product","2":"type-product","3":"status-publish","5":"product_cat-edebiyat","6":"product_cat-roman-oyku","7":"pa_cilt-ciltsiz","8":"pa_tur-kitap","9":"pa_yayinevi-dipnot-yayinlari","10":"pa_yazar-adrian-mckinty","12":"first","13":"instock","14":"sale","15":"shipping-taxable","16":"purchasable","17":"product-type-simple"},"_links":{"self":[{"href":"https:\/\/roveyayinevi.com.tr\/index.php\/wp-json\/wp\/v2\/product\/744698","targetHints":{"allow":["GET"]}}],"collection":[{"href":"https:\/\/roveyayinevi.com.tr\/index.php\/wp-json\/wp\/v2\/product"}],"about":[{"href":"https:\/\/roveyayinevi.com.tr\/index.php\/wp-json\/wp\/v2\/types\/product"}],"wp:attachment":[{"href":"https:\/\/roveyayinevi.com.tr\/index.php\/wp-json\/wp\/v2\/media?parent=744698"}],"wp:term":[{"taxonomy":"product_brand","embeddable":true,"href":"https:\/\/roveyayinevi.com.tr\/index.php\/wp-json\/wp\/v2\/product_brand?post=744698"},{"taxonomy":"product_cat","embeddable":true,"href":"https:\/\/roveyayinevi.com.tr\/index.php\/wp-json\/wp\/v2\/product_cat?post=744698"},{"taxonomy":"product_tag","embeddable":true,"href":"https:\/\/roveyayinevi.com.tr\/index.php\/wp-json\/wp\/v2\/product_tag?post=744698"}],"curies":[{"name":"wp","href":"https:\/\/api.w.org\/{rel}","templated":true}]}}