{"id":744694,"date":"2025-08-28T02:02:53","date_gmt":"2025-08-27T23:02:53","guid":{"rendered":"https:\/\/roveyayinevi.com.tr\/index.php\/urun\/kalori-alacaksan-buna-degecek\/"},"modified":"2026-04-16T02:56:38","modified_gmt":"2026-04-15T23:56:38","slug":"kalori-alacaksan-buna-degecek","status":"publish","type":"product","link":"https:\/\/roveyayinevi.com.tr\/index.php\/urun\/kalori-alacaksan-buna-degecek\/","title":{"rendered":"Kalori Alacaksan Buna De\u011fecek"},"content":{"rendered":"<p>Mutfak Sanatlar\u0131 Akademisi\u2019nde pastac\u0131l\u0131k e\u011fitimi ald\u0131ktan sonra Tam Karar\u0131nda tarifler vermek amac\u0131yla a\u00e7t\u0131\u011f\u0131 Instagram hesab\u0131yla ad\u0131n\u0131 duyuran, ayn\u0131 zamanda Milliyet gazetesinde haftal\u0131k tarifleriyle okurlarla lezzet \u00f6nerileri sunan Kaan Yarman, samimi ki\u015fili\u011fi, dilbaz kimli\u011fi ve yarat\u0131c\u0131 \u00fcslubuyla kendisini ama en \u00e7ok da yemek yemeyi sevdiriyor. Takip\u00e7ileriyle kurdu\u011fu \u201ckalori tarikat\u0131\u201dn\u0131n kutsal kitab\u0131 say\u0131lacak olan Kalori Alacaksan Buna De\u011fecek, okurlar\u0131 birbirinden lezzetli ve bol kalorili 100 tatl\u0131 tarifiyle bulu\u015fturuyor. Kaan Yarman, tariflerin yan\u0131nda mutfak dedikodular\u0131yla, yemek an\u0131lar\u0131yla ve her tatl\u0131 i\u00e7in 100 farkl\u0131 kad\u0131n isminden ilham alarak yazd\u0131\u011f\u0131 \u015fiirleriyle bir yemek kitab\u0131ndan daha fazlas\u0131n\u0131 sunuyor.  Kalori Alacaksan Buna De\u011fecek, Kaan Yarman\u2019\u0131n ilk kitab\u0131, inan\u0131n ald\u0131\u011f\u0131n\u0131za ve bu tarifleri yapt\u0131\u011f\u0131n\u0131za \u00e7ok\u00e7a de\u011fecek&#8230;   KAAN YARMAN: Mutfak Sanatlar\u0131 Akademisi\u2019nde pastac\u0131l\u0131k e\u011fitimi ald\u0131ktan sonra Tam Karar\u0131nda tarifler vermek amac\u0131yla a\u00e7t\u0131\u011f\u0131 Instagram hesab\u0131yla ad\u0131n\u0131 duyuran, ayn\u0131 zamanda Milliyet gazetesinde haftal\u0131k tarifleriyle okurlarla lezzet \u00f6nerileri sunan Kaan Yarman, samimi ki\u015fili\u011fi, dilbaz kimli\u011fi ve yarat\u0131c\u0131 \u00fcslubuyla kendisini ama en \u00e7ok da yemek yemeyi sevdiriyor.  <\/p>\n","protected":false},"excerpt":{"rendered":"<p>Mutfak Sanatlar\u0131 Akademisi\u2019nde pastac\u0131l\u0131k e\u011fitimi ald\u0131ktan sonra Tam Karar\u0131nda tarifler vermek amac\u0131yla a\u00e7t\u0131\u011f\u0131 Instagram hesab\u0131yla ad\u0131n\u0131 duyuran, ayn\u0131 zamanda Milliyet gazetesinde haftal\u0131k tarifleriyle okurlarla lezzet \u00f6nerileri<span class=\"excerpt-hellip\"> [\u2026]<\/span><\/p>\n","protected":false},"featured_media":0,"template":"","meta":{"_monsterinsights_skip_tracking":false,"_monsterinsights_sitenote_active":false,"_monsterinsights_sitenote_note":"","_monsterinsights_sitenote_category":0},"product_brand":[],"product_cat":[12458,12457],"product_tag":[],"class_list":{"0":"post-744694","1":"product","2":"type-product","3":"status-publish","5":"product_cat-turk-mutfagi","6":"product_cat-yemek-kitaplari","7":"pa_cilt-ciltsiz","8":"pa_tur-kitap","9":"pa_yayinevi-dusbaz-kitaplar","10":"pa_yazar-kaan-yarman","12":"first","13":"instock","14":"sale","15":"shipping-taxable","16":"purchasable","17":"product-type-simple"},"_links":{"self":[{"href":"https:\/\/roveyayinevi.com.tr\/index.php\/wp-json\/wp\/v2\/product\/744694","targetHints":{"allow":["GET"]}}],"collection":[{"href":"https:\/\/roveyayinevi.com.tr\/index.php\/wp-json\/wp\/v2\/product"}],"about":[{"href":"https:\/\/roveyayinevi.com.tr\/index.php\/wp-json\/wp\/v2\/types\/product"}],"wp:attachment":[{"href":"https:\/\/roveyayinevi.com.tr\/index.php\/wp-json\/wp\/v2\/media?parent=744694"}],"wp:term":[{"taxonomy":"product_brand","embeddable":true,"href":"https:\/\/roveyayinevi.com.tr\/index.php\/wp-json\/wp\/v2\/product_brand?post=744694"},{"taxonomy":"product_cat","embeddable":true,"href":"https:\/\/roveyayinevi.com.tr\/index.php\/wp-json\/wp\/v2\/product_cat?post=744694"},{"taxonomy":"product_tag","embeddable":true,"href":"https:\/\/roveyayinevi.com.tr\/index.php\/wp-json\/wp\/v2\/product_tag?post=744694"}],"curies":[{"name":"wp","href":"https:\/\/api.w.org\/{rel}","templated":true}]}}