{"id":744691,"date":"2025-08-28T02:02:48","date_gmt":"2025-08-27T23:02:48","guid":{"rendered":"https:\/\/roveyayinevi.com.tr\/index.php\/urun\/1-oludeniz-oyku-odulleri-seckisi\/"},"modified":"2026-04-16T02:56:38","modified_gmt":"2026-04-15T23:56:38","slug":"1-oludeniz-oyku-odulleri-seckisi","status":"publish","type":"product","link":"https:\/\/roveyayinevi.com.tr\/index.php\/urun\/1-oludeniz-oyku-odulleri-seckisi\/","title":{"rendered":"1. \u00d6l\u00fcdeniz \u00d6yk\u00fc \u00d6d\u00fclleri Se\u00e7kisi"},"content":{"rendered":"<p>1. \u00d6l\u00fcdeniz \u00d6yk\u00fc \u00d6d\u00fclleri Se\u00e7kisi \u0130lk\u00f6\u011fretim ve Liseler Aras\u0131<\/p>\n","protected":false},"excerpt":{"rendered":"<p>1. \u00d6l\u00fcdeniz \u00d6yk\u00fc \u00d6d\u00fclleri Se\u00e7kisi \u0130lk\u00f6\u011fretim ve Liseler Aras\u0131<\/p>\n","protected":false},"featured_media":0,"template":"","meta":{"_monsterinsights_skip_tracking":false,"_monsterinsights_sitenote_active":false,"_monsterinsights_sitenote_note":"","_monsterinsights_sitenote_category":0},"product_brand":[],"product_cat":[12274,12284],"product_tag":[],"class_list":{"0":"post-744691","1":"product","2":"type-product","3":"status-publish","5":"product_cat-cocuk-ve-genclik-kitaplari","6":"product_cat-hikayeler","7":"pa_cilt-ciltsiz","8":"pa_tur-kitap","9":"pa_yayinevi-bencekitap","10":"pa_yazar-kolektif","12":"first","13":"instock","14":"sale","15":"shipping-taxable","16":"purchasable","17":"product-type-simple"},"_links":{"self":[{"href":"https:\/\/roveyayinevi.com.tr\/index.php\/wp-json\/wp\/v2\/product\/744691","targetHints":{"allow":["GET"]}}],"collection":[{"href":"https:\/\/roveyayinevi.com.tr\/index.php\/wp-json\/wp\/v2\/product"}],"about":[{"href":"https:\/\/roveyayinevi.com.tr\/index.php\/wp-json\/wp\/v2\/types\/product"}],"wp:attachment":[{"href":"https:\/\/roveyayinevi.com.tr\/index.php\/wp-json\/wp\/v2\/media?parent=744691"}],"wp:term":[{"taxonomy":"product_brand","embeddable":true,"href":"https:\/\/roveyayinevi.com.tr\/index.php\/wp-json\/wp\/v2\/product_brand?post=744691"},{"taxonomy":"product_cat","embeddable":true,"href":"https:\/\/roveyayinevi.com.tr\/index.php\/wp-json\/wp\/v2\/product_cat?post=744691"},{"taxonomy":"product_tag","embeddable":true,"href":"https:\/\/roveyayinevi.com.tr\/index.php\/wp-json\/wp\/v2\/product_tag?post=744691"}],"curies":[{"name":"wp","href":"https:\/\/api.w.org\/{rel}","templated":true}]}}