{"id":744690,"date":"2025-08-28T02:02:47","date_gmt":"2025-08-27T23:02:47","guid":{"rendered":"https:\/\/roveyayinevi.com.tr\/index.php\/urun\/turkiyenin-dis-politikasi-nasil-duzeltilebilir\/"},"modified":"2026-04-16T02:56:38","modified_gmt":"2026-04-15T23:56:38","slug":"turkiyenin-dis-politikasi-nasil-duzeltilebilir","status":"publish","type":"product","link":"https:\/\/roveyayinevi.com.tr\/index.php\/urun\/turkiyenin-dis-politikasi-nasil-duzeltilebilir\/","title":{"rendered":"T\u00fcrkiye&#8217;nin D\u0131\u015f Politikas\u0131 Nas\u0131l D\u00fczeltilebilir"},"content":{"rendered":"<p>G\u00fcn\u00fcm\u00fczde k\u00fcreselle\u015fme ayn\u0131 zamanda otoriter ve demokratik olmayan rejimler taraf\u0131ndan y\u00f6netilen halklar\u0131n buna kar\u015f\u0131 verdikleri demokratikle\u015fme m\u00fccadelelerinin de yo\u011funla\u015fmakta oldu\u011fu bir s\u00fcrece d\u00f6n\u00fc\u015fmektedir.Sosyal demokrasi bu m\u00fccadelenin demokratik hak ve \u00f6zg\u00fcrl\u00fcklerin elde edilmesiyle sonu\u00e7lanmas\u0131n\u0131 sa\u011flayacak en g\u00fc\u00e7l\u00fc dayanakt\u0131r.<\/p>\n","protected":false},"excerpt":{"rendered":"<p>G\u00fcn\u00fcm\u00fczde k\u00fcreselle\u015fme ayn\u0131 zamanda otoriter ve demokratik olmayan rejimler taraf\u0131ndan y\u00f6netilen halklar\u0131n buna kar\u015f\u0131 verdikleri demokratikle\u015fme m\u00fccadelelerinin de yo\u011funla\u015fmakta oldu\u011fu bir s\u00fcrece d\u00f6n\u00fc\u015fmektedir.Sosyal demokrasi bu m\u00fccadelenin<span class=\"excerpt-hellip\"> [\u2026]<\/span><\/p>\n","protected":false},"featured_media":0,"template":"","meta":{"_monsterinsights_skip_tracking":false,"_monsterinsights_sitenote_active":false,"_monsterinsights_sitenote_note":"","_monsterinsights_sitenote_category":0},"product_brand":[],"product_cat":[12337,14543],"product_tag":[],"class_list":{"0":"post-744690","1":"product","2":"type-product","3":"status-publish","5":"product_cat-politika-siyaset","6":"product_cat-turkiye-siyaseti-ve-politikasi","7":"pa_cilt-ciltsiz","8":"pa_tur-kitap","9":"pa_yayinevi-alabanda-yayin","10":"pa_yazar-kolektif","12":"first","13":"instock","14":"sale","15":"shipping-taxable","16":"purchasable","17":"product-type-simple"},"_links":{"self":[{"href":"https:\/\/roveyayinevi.com.tr\/index.php\/wp-json\/wp\/v2\/product\/744690","targetHints":{"allow":["GET"]}}],"collection":[{"href":"https:\/\/roveyayinevi.com.tr\/index.php\/wp-json\/wp\/v2\/product"}],"about":[{"href":"https:\/\/roveyayinevi.com.tr\/index.php\/wp-json\/wp\/v2\/types\/product"}],"wp:attachment":[{"href":"https:\/\/roveyayinevi.com.tr\/index.php\/wp-json\/wp\/v2\/media?parent=744690"}],"wp:term":[{"taxonomy":"product_brand","embeddable":true,"href":"https:\/\/roveyayinevi.com.tr\/index.php\/wp-json\/wp\/v2\/product_brand?post=744690"},{"taxonomy":"product_cat","embeddable":true,"href":"https:\/\/roveyayinevi.com.tr\/index.php\/wp-json\/wp\/v2\/product_cat?post=744690"},{"taxonomy":"product_tag","embeddable":true,"href":"https:\/\/roveyayinevi.com.tr\/index.php\/wp-json\/wp\/v2\/product_tag?post=744690"}],"curies":[{"name":"wp","href":"https:\/\/api.w.org\/{rel}","templated":true}]}}