{"id":744687,"date":"2025-08-28T02:02:43","date_gmt":"2025-08-27T23:02:43","guid":{"rendered":"https:\/\/roveyayinevi.com.tr\/index.php\/urun\/ic-savas\/"},"modified":"2026-04-16T02:56:38","modified_gmt":"2026-04-15T23:56:38","slug":"ic-savas","status":"publish","type":"product","link":"https:\/\/roveyayinevi.com.tr\/index.php\/urun\/ic-savas\/","title":{"rendered":"\u0130\u00e7 Sava\u015f"},"content":{"rendered":"<p>Robotla\u015fma,makinele\u015fme,duygular\u0131n olmad\u0131\u011f\u0131 bir ruhsal yoksunluk ku\u015fa\u011f\u0131,bu sava\u015f\u0131 kazansa bile yapt\u0131\u011f\u0131 hatalardan ders \u00e7\u0131kar\u0131p kendi \u00f6z\u00fcne d\u00f6nebilecek miydi? Kendi kendinin fark\u0131na varma yolculu\u011funu kendi i\u00e7inde yapabilecek miydi? Bu i\u00e7sel yolculuk, onu makine olmaktan kurtarabilecek miydi? Sahi insan ne kadar kolay kabullenmi\u015fti makinele\u015fmeyi? Teknoloji onu bu kadar \u2018y\u00fcceltmeseydi\u2019 acaba daha yukar\u0131da m\u0131 daha a\u015fa\u011f\u0131da m\u0131 bulacakt\u0131 kendini?<\/p>\n","protected":false},"excerpt":{"rendered":"<p>Robotla\u015fma,makinele\u015fme,duygular\u0131n olmad\u0131\u011f\u0131 bir ruhsal yoksunluk ku\u015fa\u011f\u0131,bu sava\u015f\u0131 kazansa bile yapt\u0131\u011f\u0131 hatalardan ders \u00e7\u0131kar\u0131p kendi \u00f6z\u00fcne d\u00f6nebilecek miydi? Kendi kendinin fark\u0131na varma yolculu\u011funu kendi i\u00e7inde yapabilecek miydi?<span class=\"excerpt-hellip\"> [\u2026]<\/span><\/p>\n","protected":false},"featured_media":0,"template":"","meta":{"_monsterinsights_skip_tracking":false,"_monsterinsights_sitenote_active":false,"_monsterinsights_sitenote_note":"","_monsterinsights_sitenote_category":0},"product_brand":[],"product_cat":[12291,12509],"product_tag":[],"class_list":{"0":"post-744687","1":"product","2":"type-product","3":"status-publish","5":"product_cat-edebiyat","6":"product_cat-siir","7":"pa_cilt-ciltsiz","8":"pa_tur-kitap","9":"pa_yayinevi-platanus-publishing","10":"pa_yazar-mehmet-arikan","12":"first","13":"instock","14":"sale","15":"shipping-taxable","16":"purchasable","17":"product-type-simple"},"_links":{"self":[{"href":"https:\/\/roveyayinevi.com.tr\/index.php\/wp-json\/wp\/v2\/product\/744687","targetHints":{"allow":["GET"]}}],"collection":[{"href":"https:\/\/roveyayinevi.com.tr\/index.php\/wp-json\/wp\/v2\/product"}],"about":[{"href":"https:\/\/roveyayinevi.com.tr\/index.php\/wp-json\/wp\/v2\/types\/product"}],"wp:attachment":[{"href":"https:\/\/roveyayinevi.com.tr\/index.php\/wp-json\/wp\/v2\/media?parent=744687"}],"wp:term":[{"taxonomy":"product_brand","embeddable":true,"href":"https:\/\/roveyayinevi.com.tr\/index.php\/wp-json\/wp\/v2\/product_brand?post=744687"},{"taxonomy":"product_cat","embeddable":true,"href":"https:\/\/roveyayinevi.com.tr\/index.php\/wp-json\/wp\/v2\/product_cat?post=744687"},{"taxonomy":"product_tag","embeddable":true,"href":"https:\/\/roveyayinevi.com.tr\/index.php\/wp-json\/wp\/v2\/product_tag?post=744687"}],"curies":[{"name":"wp","href":"https:\/\/api.w.org\/{rel}","templated":true}]}}