{"id":744686,"date":"2025-08-28T02:02:41","date_gmt":"2025-08-27T23:02:41","guid":{"rendered":"https:\/\/roveyayinevi.com.tr\/index.php\/urun\/sirat-bu-dunya-cennet-cehennem-nere\/"},"modified":"2026-04-16T02:56:38","modified_gmt":"2026-04-15T23:56:38","slug":"sirat-bu-dunya-cennet-cehennem-nere","status":"publish","type":"product","link":"https:\/\/roveyayinevi.com.tr\/index.php\/urun\/sirat-bu-dunya-cennet-cehennem-nere\/","title":{"rendered":"S\u0131rat Bu D\u00fcnya Cennet Cehennem Nere"},"content":{"rendered":"<p>Sonu\u00e7ta insan, bu d\u00fcnyada bir a\u011fac\u0131n yapra\u011f\u0131, d\u00fcnyan\u0131n \u00fczerindeki ot gibi \u00e7imen gibidir. \u0130nsan hayat\u0131 mevsimlere benzer ilkbahar, yaz, sonbahar, k\u0131\u015f. \u0130nsan do\u011fdu\u011fundan gen\u00e7li\u011fine kadar \u0130lkbahar\u0131, gen\u00e7likten olgunla\u015fana kadar Yaz\u2019\u0131n\u0131, Olgunluktan ihtiyarl\u0131\u011f\u0131na kadar sonbahar\u0131n\u0131, \u0130htiyarl\u0131ktan \u00f6l\u00fcm\u00fcne kadar K\u0131\u015f\u0131n\u0131 ya\u015far. Ne zaman a\u011fa\u00e7ta tutunamazsa yaprak d\u00fc\u015fer. D\u00fcnya da g\u00fcnah i\u015flediniz yanl\u0131\u015f yapt\u0131n\u0131z cezas\u0131 yapt\u0131r\u0131m\u0131 cehennemi, sevap i\u015flediniz do\u011fru ya\u015fad\u0131n\u0131z \u00f6d\u00fcl\u00fc yapt\u0131r\u0131m\u0131 cenneti ya\u015fars\u0131n\u0131z. S\u0131rat bu d\u00fcnya ge\u00e7tin ge\u00e7tin, ge\u00e7emedin \u00f6b\u00fcr tarafta s\u0131rat arama<\/p>\n","protected":false},"excerpt":{"rendered":"<p>Sonu\u00e7ta insan, bu d\u00fcnyada bir a\u011fac\u0131n yapra\u011f\u0131, d\u00fcnyan\u0131n \u00fczerindeki ot gibi \u00e7imen gibidir. \u0130nsan hayat\u0131 mevsimlere benzer ilkbahar, yaz, sonbahar, k\u0131\u015f. \u0130nsan do\u011fdu\u011fundan gen\u00e7li\u011fine kadar \u0130lkbahar\u0131,<span class=\"excerpt-hellip\"> [\u2026]<\/span><\/p>\n","protected":false},"featured_media":0,"template":"","meta":{"_monsterinsights_skip_tracking":false,"_monsterinsights_sitenote_active":false,"_monsterinsights_sitenote_note":"","_monsterinsights_sitenote_category":0},"product_brand":[],"product_cat":[12291,12509],"product_tag":[],"class_list":{"0":"post-744686","1":"product","2":"type-product","3":"status-publish","5":"product_cat-edebiyat","6":"product_cat-siir","7":"pa_cilt-ciltsiz","8":"pa_tur-kitap","9":"pa_yayinevi-platanus-publishing","10":"pa_yazar-refik-pelvan","12":"first","13":"instock","14":"sale","15":"shipping-taxable","16":"purchasable","17":"product-type-simple"},"_links":{"self":[{"href":"https:\/\/roveyayinevi.com.tr\/index.php\/wp-json\/wp\/v2\/product\/744686","targetHints":{"allow":["GET"]}}],"collection":[{"href":"https:\/\/roveyayinevi.com.tr\/index.php\/wp-json\/wp\/v2\/product"}],"about":[{"href":"https:\/\/roveyayinevi.com.tr\/index.php\/wp-json\/wp\/v2\/types\/product"}],"wp:attachment":[{"href":"https:\/\/roveyayinevi.com.tr\/index.php\/wp-json\/wp\/v2\/media?parent=744686"}],"wp:term":[{"taxonomy":"product_brand","embeddable":true,"href":"https:\/\/roveyayinevi.com.tr\/index.php\/wp-json\/wp\/v2\/product_brand?post=744686"},{"taxonomy":"product_cat","embeddable":true,"href":"https:\/\/roveyayinevi.com.tr\/index.php\/wp-json\/wp\/v2\/product_cat?post=744686"},{"taxonomy":"product_tag","embeddable":true,"href":"https:\/\/roveyayinevi.com.tr\/index.php\/wp-json\/wp\/v2\/product_tag?post=744686"}],"curies":[{"name":"wp","href":"https:\/\/api.w.org\/{rel}","templated":true}]}}