{"id":744683,"date":"2025-08-28T02:02:37","date_gmt":"2025-08-27T23:02:37","guid":{"rendered":"https:\/\/roveyayinevi.com.tr\/index.php\/urun\/neler-oldu\/"},"modified":"2026-04-16T02:56:38","modified_gmt":"2026-04-15T23:56:38","slug":"neler-oldu","status":"publish","type":"product","link":"https:\/\/roveyayinevi.com.tr\/index.php\/urun\/neler-oldu\/","title":{"rendered":"Neler Oldu?"},"content":{"rendered":"<p>Em. Hv. Kur. Alb. AL\u0130 \u00c7AMLIBEL, Cumhuriyetin teminat\u0131 olan T\u00fcrk Ordusu&#8217;nun d\u00fcnden bug\u00fcne hangi sald\u0131r\u0131lara maruz b\u0131rak\u0131ld\u0131\u011f\u0131n\u0131, kendi tan\u0131kl\u0131klar\u0131ndan da g\u00fc\u00e7 alarak,  tarihsel bir bak\u0131\u015f a\u00e7\u0131s\u0131 ve yetkin bir anlat\u0131mla okurlara sunuyor&#8230; &#8220;1964 y\u0131l\u0131n\u0131n s\u0131cak bir Eyl\u00fcl g\u00fcn\u00fcnde, \u0130zmir, G\u00fczelyal\u0131\u2019da arkada\u015flar\u0131mla birlikte sa\u011f elimizi \u015fanl\u0131 bayra\u011f\u0131m\u0131za ve silah\u0131m\u0131za koyup, \u00fclkemizi t\u00fcm i\u00e7 ve d\u0131\u015f d\u00fc\u015fmanlardan koruyaca\u011f\u0131m\u0131za yemin ettik. Ben bu yeminime \u00f6lene kadar sad\u0131k kalaca\u011f\u0131m&#8230;&#8221; <\/p>\n","protected":false},"excerpt":{"rendered":"<p>Em. Hv. Kur. Alb. AL\u0130 \u00c7AMLIBEL, Cumhuriyetin teminat\u0131 olan T\u00fcrk Ordusu&#8217;nun d\u00fcnden bug\u00fcne hangi sald\u0131r\u0131lara maruz b\u0131rak\u0131ld\u0131\u011f\u0131n\u0131, kendi tan\u0131kl\u0131klar\u0131ndan da g\u00fc\u00e7 alarak, tarihsel bir bak\u0131\u015f a\u00e7\u0131s\u0131<span class=\"excerpt-hellip\"> [\u2026]<\/span><\/p>\n","protected":false},"featured_media":0,"template":"","meta":{"_monsterinsights_skip_tracking":false,"_monsterinsights_sitenote_active":false,"_monsterinsights_sitenote_note":"","_monsterinsights_sitenote_category":0},"product_brand":[],"product_cat":[12370,12304],"product_tag":[],"class_list":{"0":"post-744683","1":"product","2":"type-product","3":"status-publish","5":"product_cat-arastirma-inceleme","6":"product_cat-tarih","7":"pa_cilt-ciltsiz","8":"pa_tur-kitap","9":"pa_yayinevi-telgrafhane-yayinlari","10":"pa_yazar-ali-camlibel","12":"first","13":"instock","14":"sale","15":"shipping-taxable","16":"purchasable","17":"product-type-simple"},"_links":{"self":[{"href":"https:\/\/roveyayinevi.com.tr\/index.php\/wp-json\/wp\/v2\/product\/744683","targetHints":{"allow":["GET"]}}],"collection":[{"href":"https:\/\/roveyayinevi.com.tr\/index.php\/wp-json\/wp\/v2\/product"}],"about":[{"href":"https:\/\/roveyayinevi.com.tr\/index.php\/wp-json\/wp\/v2\/types\/product"}],"wp:attachment":[{"href":"https:\/\/roveyayinevi.com.tr\/index.php\/wp-json\/wp\/v2\/media?parent=744683"}],"wp:term":[{"taxonomy":"product_brand","embeddable":true,"href":"https:\/\/roveyayinevi.com.tr\/index.php\/wp-json\/wp\/v2\/product_brand?post=744683"},{"taxonomy":"product_cat","embeddable":true,"href":"https:\/\/roveyayinevi.com.tr\/index.php\/wp-json\/wp\/v2\/product_cat?post=744683"},{"taxonomy":"product_tag","embeddable":true,"href":"https:\/\/roveyayinevi.com.tr\/index.php\/wp-json\/wp\/v2\/product_tag?post=744683"}],"curies":[{"name":"wp","href":"https:\/\/api.w.org\/{rel}","templated":true}]}}