{"id":744682,"date":"2025-08-28T02:02:35","date_gmt":"2025-08-27T23:02:35","guid":{"rendered":"https:\/\/roveyayinevi.com.tr\/index.php\/urun\/hayat-bitmeyen-bir-resim\/"},"modified":"2026-04-16T02:56:38","modified_gmt":"2026-04-15T23:56:38","slug":"hayat-bitmeyen-bir-resim","status":"publish","type":"product","link":"https:\/\/roveyayinevi.com.tr\/index.php\/urun\/hayat-bitmeyen-bir-resim\/","title":{"rendered":"Hayat: Bitmeyen Bir Resim"},"content":{"rendered":"<p>\u201cBazen &#8216;i\u00e7imizdeki ben&#8217;, &#8216;hayalimizdeki ben&#8217;le y\u00fczle\u015fir&#8230;\u201d Bu roman, k\u0131rk y\u0131l\u0131 a\u015fk\u0131n evlili\u011finin b\u00fct\u00fcn beklentilerini, kazan\u0131mlar\u0131n\u0131 ve ruhsal birikimlerini tartarak ald\u0131\u011f\u0131 cesur kararla, s\u0131rf resim d\u00fcnyas\u0131na yeniden d\u00f6n\u00fcp, \u00f6zg\u00fcrce resimler yapabilmek i\u00e7in evini, e\u015fini ve k\u0131z\u0131n\u0131 geride b\u0131rak\u0131p, hi\u00e7 tan\u0131mad\u0131\u011f\u0131 bir adaya do\u011fru yola \u00e7\u0131kan Ressam Z&#8217;nin roman\u0131&#8230; Olanla, olmas\u0131 gerekenin; ya\u015fanm\u0131\u015fl\u0131kla, hayal edilenin, ki\u015finin benli\u011findeki meydan sava\u015f\u0131&#8230; <\/p>\n","protected":false},"excerpt":{"rendered":"<p>\u201cBazen &#8216;i\u00e7imizdeki ben&#8217;, &#8216;hayalimizdeki ben&#8217;le y\u00fczle\u015fir&#8230;\u201d Bu roman, k\u0131rk y\u0131l\u0131 a\u015fk\u0131n evlili\u011finin b\u00fct\u00fcn beklentilerini, kazan\u0131mlar\u0131n\u0131 ve ruhsal birikimlerini tartarak ald\u0131\u011f\u0131 cesur kararla, s\u0131rf resim d\u00fcnyas\u0131na yeniden<span class=\"excerpt-hellip\"> [\u2026]<\/span><\/p>\n","protected":false},"featured_media":0,"template":"","meta":{"_monsterinsights_skip_tracking":false,"_monsterinsights_sitenote_active":false,"_monsterinsights_sitenote_note":"","_monsterinsights_sitenote_category":0},"product_brand":[],"product_cat":[12291,12711],"product_tag":[],"class_list":{"0":"post-744682","1":"product","2":"type-product","3":"status-publish","5":"product_cat-edebiyat","6":"product_cat-roman-oyku","7":"pa_cilt-ciltsiz","8":"pa_tur-kitap","9":"pa_yayinevi-telgrafhane-yayinlari","10":"pa_yazar-fikret-ozkurt","12":"first","13":"instock","14":"sale","15":"shipping-taxable","16":"purchasable","17":"product-type-simple"},"_links":{"self":[{"href":"https:\/\/roveyayinevi.com.tr\/index.php\/wp-json\/wp\/v2\/product\/744682","targetHints":{"allow":["GET"]}}],"collection":[{"href":"https:\/\/roveyayinevi.com.tr\/index.php\/wp-json\/wp\/v2\/product"}],"about":[{"href":"https:\/\/roveyayinevi.com.tr\/index.php\/wp-json\/wp\/v2\/types\/product"}],"wp:attachment":[{"href":"https:\/\/roveyayinevi.com.tr\/index.php\/wp-json\/wp\/v2\/media?parent=744682"}],"wp:term":[{"taxonomy":"product_brand","embeddable":true,"href":"https:\/\/roveyayinevi.com.tr\/index.php\/wp-json\/wp\/v2\/product_brand?post=744682"},{"taxonomy":"product_cat","embeddable":true,"href":"https:\/\/roveyayinevi.com.tr\/index.php\/wp-json\/wp\/v2\/product_cat?post=744682"},{"taxonomy":"product_tag","embeddable":true,"href":"https:\/\/roveyayinevi.com.tr\/index.php\/wp-json\/wp\/v2\/product_tag?post=744682"}],"curies":[{"name":"wp","href":"https:\/\/api.w.org\/{rel}","templated":true}]}}