{"id":744681,"date":"2025-08-28T02:02:34","date_gmt":"2025-08-27T23:02:34","guid":{"rendered":"https:\/\/roveyayinevi.com.tr\/index.php\/urun\/maskeli-balo-4\/"},"modified":"2026-04-16T02:56:38","modified_gmt":"2026-04-15T23:56:38","slug":"maskeli-balo-4","status":"publish","type":"product","link":"https:\/\/roveyayinevi.com.tr\/index.php\/urun\/maskeli-balo-4\/","title":{"rendered":"Maskeli Balo"},"content":{"rendered":"<p>Her insan\u0131n bir maskesi vard\u0131r hayatta, nas\u0131l ki bir pencerenin perdesi varsa i\u00e7ini g\u00f6stermeyen, bir a\u011fac\u0131n g\u00f6vdesindeki kabu\u011fu, bir kaplumba\u011fan\u0131n kabu\u011fu\u2026 D\u00fc\u015f\u00fcnsenize, her \u015feyin somut, saydam ve olabildi\u011fince d\u00fczenli oldu\u011funu&#8230; \u00c7ok s\u0131k\u0131c\u0131 olmaz m\u0131yd\u0131? S\u0131k\u0131c\u0131 olmas\u0131n\u0131 ge\u00e7elim, hi\u00e7bir \u015feyin anlam\u0131 olmadan bir hayat nas\u0131l ge\u00e7er, onu sormam\u0131z laz\u0131m. Tek renk, tek insan tiplemesi, her \u015fey olmas\u0131 gerekti\u011fi gibi ama d\u00fc\u015f\u00fcnmek yasak, duygu yasak\u2026 Bir de bunun tam tersi bir olay var. Her \u015feyin bir k\u0131l\u0131f\u0131 olan, her \u015feyin \u00f6rt\u00fcl\u00fc bir perdesi olan, hi\u00e7bir \u015feyin do\u011fru olmad\u0131\u011f\u0131 ve insanlar\u0131n en ba\u015fta kendileri olmak \u00fczere t\u00fcrl\u00fc insanlar\u0131 kand\u0131r\u0131p s\u00fcrekli yoldu\u011fu, zarar verdi\u011fi, h\u0131rpalad\u0131\u011f\u0131 vb. davran\u0131\u015flar i\u00e7inde kayboldu\u011fu\u2026 \u0130nsano\u011flu i\u015fte, hangi kal\u0131ba koysan s\u0131\u011fm\u0131yor\u2026 <\/p>\n","protected":false},"excerpt":{"rendered":"<p>Her insan\u0131n bir maskesi vard\u0131r hayatta, nas\u0131l ki bir pencerenin perdesi varsa i\u00e7ini g\u00f6stermeyen, bir a\u011fac\u0131n g\u00f6vdesindeki kabu\u011fu, bir kaplumba\u011fan\u0131n kabu\u011fu\u2026 D\u00fc\u015f\u00fcnsenize, her \u015feyin somut, saydam<span class=\"excerpt-hellip\"> [\u2026]<\/span><\/p>\n","protected":false},"featured_media":0,"template":"","meta":{"_monsterinsights_skip_tracking":false,"_monsterinsights_sitenote_active":false,"_monsterinsights_sitenote_note":"","_monsterinsights_sitenote_category":0},"product_brand":[],"product_cat":[12291,12711],"product_tag":[],"class_list":{"0":"post-744681","1":"product","2":"type-product","3":"status-publish","5":"product_cat-edebiyat","6":"product_cat-roman-oyku","7":"pa_cilt-ciltsiz","8":"pa_tur-kitap","9":"pa_yayinevi-karina-yayinevi","10":"pa_yazar-emre-nuri-kartal","12":"first","13":"instock","14":"sale","15":"shipping-taxable","16":"purchasable","17":"product-type-simple"},"_links":{"self":[{"href":"https:\/\/roveyayinevi.com.tr\/index.php\/wp-json\/wp\/v2\/product\/744681","targetHints":{"allow":["GET"]}}],"collection":[{"href":"https:\/\/roveyayinevi.com.tr\/index.php\/wp-json\/wp\/v2\/product"}],"about":[{"href":"https:\/\/roveyayinevi.com.tr\/index.php\/wp-json\/wp\/v2\/types\/product"}],"wp:attachment":[{"href":"https:\/\/roveyayinevi.com.tr\/index.php\/wp-json\/wp\/v2\/media?parent=744681"}],"wp:term":[{"taxonomy":"product_brand","embeddable":true,"href":"https:\/\/roveyayinevi.com.tr\/index.php\/wp-json\/wp\/v2\/product_brand?post=744681"},{"taxonomy":"product_cat","embeddable":true,"href":"https:\/\/roveyayinevi.com.tr\/index.php\/wp-json\/wp\/v2\/product_cat?post=744681"},{"taxonomy":"product_tag","embeddable":true,"href":"https:\/\/roveyayinevi.com.tr\/index.php\/wp-json\/wp\/v2\/product_tag?post=744681"}],"curies":[{"name":"wp","href":"https:\/\/api.w.org\/{rel}","templated":true}]}}