{"id":744680,"date":"2025-08-28T02:02:32","date_gmt":"2025-08-27T23:02:32","guid":{"rendered":"https:\/\/roveyayinevi.com.tr\/index.php\/urun\/golgende-bir-kis\/"},"modified":"2026-04-16T02:56:38","modified_gmt":"2026-04-15T23:56:38","slug":"golgende-bir-kis","status":"publish","type":"product","link":"https:\/\/roveyayinevi.com.tr\/index.php\/urun\/golgende-bir-kis\/","title":{"rendered":"G\u00f6lgende Bir K\u0131\u015f"},"content":{"rendered":"<p>\u015eair hep bir merak i\u00e7indedir, sorar, toplum ise onu garipser. \u015eair \u015f\u00fcpheli bak\u0131\u015flara d\u00fc\u015fer, \u00e7\u00fcnk\u00fc do\u011fadaki canl\u0131lar\u0131, \u00e7evresindeki insanlar\u0131, \u00f6yk\u00fcleri, mitolojiyi, a\u015fk\u0131 merak ediyordur, sohbete toplumu da katarak cevap almak istese de dilde akreplere rastlar, yaln\u0131zla\u015f\u0131r, i\u015fte o zaman sezgileri sincap gibidir, kendi ger\u00e7e\u011fini yarat\u0131r. \u201cG\u00f6lgende Bir K\u0131\u015f\u201d  kitab\u0131, bunun en g\u00fczel \u00f6rne\u011fidir. <\/p>\n","protected":false},"excerpt":{"rendered":"<p>\u015eair hep bir merak i\u00e7indedir, sorar, toplum ise onu garipser. \u015eair \u015f\u00fcpheli bak\u0131\u015flara d\u00fc\u015fer, \u00e7\u00fcnk\u00fc do\u011fadaki canl\u0131lar\u0131, \u00e7evresindeki insanlar\u0131, \u00f6yk\u00fcleri, mitolojiyi, a\u015fk\u0131 merak ediyordur, sohbete toplumu<span class=\"excerpt-hellip\"> [\u2026]<\/span><\/p>\n","protected":false},"featured_media":0,"template":"","meta":{"_monsterinsights_skip_tracking":false,"_monsterinsights_sitenote_active":false,"_monsterinsights_sitenote_note":"","_monsterinsights_sitenote_category":0},"product_brand":[],"product_cat":[12291,12509],"product_tag":[],"class_list":{"0":"post-744680","1":"product","2":"type-product","3":"status-publish","5":"product_cat-edebiyat","6":"product_cat-siir","7":"pa_cilt-ciltsiz","8":"pa_tur-kitap","9":"pa_yayinevi-karina-yayinevi","10":"pa_yazar-fatih-erdal","12":"first","13":"instock","14":"sale","15":"shipping-taxable","16":"purchasable","17":"product-type-simple"},"_links":{"self":[{"href":"https:\/\/roveyayinevi.com.tr\/index.php\/wp-json\/wp\/v2\/product\/744680","targetHints":{"allow":["GET"]}}],"collection":[{"href":"https:\/\/roveyayinevi.com.tr\/index.php\/wp-json\/wp\/v2\/product"}],"about":[{"href":"https:\/\/roveyayinevi.com.tr\/index.php\/wp-json\/wp\/v2\/types\/product"}],"wp:attachment":[{"href":"https:\/\/roveyayinevi.com.tr\/index.php\/wp-json\/wp\/v2\/media?parent=744680"}],"wp:term":[{"taxonomy":"product_brand","embeddable":true,"href":"https:\/\/roveyayinevi.com.tr\/index.php\/wp-json\/wp\/v2\/product_brand?post=744680"},{"taxonomy":"product_cat","embeddable":true,"href":"https:\/\/roveyayinevi.com.tr\/index.php\/wp-json\/wp\/v2\/product_cat?post=744680"},{"taxonomy":"product_tag","embeddable":true,"href":"https:\/\/roveyayinevi.com.tr\/index.php\/wp-json\/wp\/v2\/product_tag?post=744680"}],"curies":[{"name":"wp","href":"https:\/\/api.w.org\/{rel}","templated":true}]}}