{"id":744679,"date":"2025-08-28T02:02:31","date_gmt":"2025-08-27T23:02:31","guid":{"rendered":"https:\/\/roveyayinevi.com.tr\/index.php\/urun\/gecmis-baharin-cicekleri\/"},"modified":"2026-04-16T02:56:38","modified_gmt":"2026-04-15T23:56:38","slug":"gecmis-baharin-cicekleri","status":"publish","type":"product","link":"https:\/\/roveyayinevi.com.tr\/index.php\/urun\/gecmis-baharin-cicekleri\/","title":{"rendered":"Ge\u00e7mi\u015f Bahar\u0131n \u00c7i\u00e7ekleri"},"content":{"rendered":"<p>\u015eiirler gibiyiz i\u015fte, \u201crastla\u015f\u0131yoruz bir yerlerde\u201d. Bir par\u00e7a umut, biraz sevgi, bolca h\u00fcz\u00fcn, belki \u00e7ok\u00e7a \u00f6fke bir iklim gibi sar\u0131yor \u00e7evremizi. Sonra yine \u015fiirler eliyle, s\u00f6zc\u00fckler diliyle bulu\u015fuyoruz bir yerlerde. Sedas\u0131 kendinde gizli sesler dokunuyor yosun kokulu sabahlar\u0131n serinli\u011finde, tenimize. O sesler ki bir \u201can\u201d duygusundan yola \u00e7\u0131km\u0131\u015f oluyor belki epeyce bir vakit \u00f6ncesinde. Sonra yine rastla\u015f\u0131yoruz bir yerlerde ve \u201cge\u00e7mi\u015f bir bahar\u0131n \u00e7i\u00e7ekleri\u201d misali yeniden umut oluyoruz hayatlara, eskinin esiri olmu\u015f \u00f6m\u00fcrlere, g\u00f6n\u00fcllere. Ge\u00e7mi\u015f, gecikmi\u015f bahar\u0131n \u00e7i\u00e7ekleri i\u015fte bunlar, Bir g\u00fcl\u00fc\u015ften medet bulup a\u00e7maya duranlar, Er ya da ge\u00e7 demeden zaman\u0131 yeniden kuranlar, Ge\u00e7mi\u015f bahar\u0131n \u00e7i\u00e7ekleri i\u015fte \u015fimdi h\u00e2l hat\u0131r soranlar. Sayfalar aras\u0131nda \u015fiirden \u015fiire akarken, derinle\u015fen \u00fcslubuyla \u015e\u0131k\u2019\u0131n hislerinize terc\u00fcman oldu\u011funu hissedecek, kalbinizin tozlu raflar\u0131n\u0131 aralarken bir\u00e7ok duyguya yeniden selam vereceksiniz. Ge\u00e7mi\u015f bahar\u0131n \u00e7i\u00e7ekleri size de bin umut vaat edecek sat\u0131r sat\u0131r. <\/p>\n","protected":false},"excerpt":{"rendered":"<p>\u015eiirler gibiyiz i\u015fte, \u201crastla\u015f\u0131yoruz bir yerlerde\u201d. Bir par\u00e7a umut, biraz sevgi, bolca h\u00fcz\u00fcn, belki \u00e7ok\u00e7a \u00f6fke bir iklim gibi sar\u0131yor \u00e7evremizi. Sonra yine \u015fiirler eliyle, s\u00f6zc\u00fckler<span class=\"excerpt-hellip\"> [\u2026]<\/span><\/p>\n","protected":false},"featured_media":0,"template":"","meta":{"_monsterinsights_skip_tracking":false,"_monsterinsights_sitenote_active":false,"_monsterinsights_sitenote_note":"","_monsterinsights_sitenote_category":0},"product_brand":[],"product_cat":[12291,12509],"product_tag":[],"class_list":{"0":"post-744679","1":"product","2":"type-product","3":"status-publish","5":"product_cat-edebiyat","6":"product_cat-siir","7":"pa_cilt-ciltsiz","8":"pa_tur-kitap","9":"pa_yayinevi-karina-yayinevi","10":"pa_yazar-levent-sik","12":"first","13":"instock","14":"sale","15":"shipping-taxable","16":"purchasable","17":"product-type-simple"},"_links":{"self":[{"href":"https:\/\/roveyayinevi.com.tr\/index.php\/wp-json\/wp\/v2\/product\/744679","targetHints":{"allow":["GET"]}}],"collection":[{"href":"https:\/\/roveyayinevi.com.tr\/index.php\/wp-json\/wp\/v2\/product"}],"about":[{"href":"https:\/\/roveyayinevi.com.tr\/index.php\/wp-json\/wp\/v2\/types\/product"}],"wp:attachment":[{"href":"https:\/\/roveyayinevi.com.tr\/index.php\/wp-json\/wp\/v2\/media?parent=744679"}],"wp:term":[{"taxonomy":"product_brand","embeddable":true,"href":"https:\/\/roveyayinevi.com.tr\/index.php\/wp-json\/wp\/v2\/product_brand?post=744679"},{"taxonomy":"product_cat","embeddable":true,"href":"https:\/\/roveyayinevi.com.tr\/index.php\/wp-json\/wp\/v2\/product_cat?post=744679"},{"taxonomy":"product_tag","embeddable":true,"href":"https:\/\/roveyayinevi.com.tr\/index.php\/wp-json\/wp\/v2\/product_tag?post=744679"}],"curies":[{"name":"wp","href":"https:\/\/api.w.org\/{rel}","templated":true}]}}