{"id":744676,"date":"2025-08-28T02:02:27","date_gmt":"2025-08-27T23:02:27","guid":{"rendered":"https:\/\/roveyayinevi.com.tr\/index.php\/urun\/volkanik-patlamalar-ve-tasan-okyanuslar-ciltli\/"},"modified":"2026-04-16T02:56:38","modified_gmt":"2026-04-15T23:56:38","slug":"volkanik-patlamalar-ve-tasan-okyanuslar-ciltli","status":"publish","type":"product","link":"https:\/\/roveyayinevi.com.tr\/index.php\/urun\/volkanik-patlamalar-ve-tasan-okyanuslar-ciltli\/","title":{"rendered":"Volkanik Patlamalar ve Ta\u015fan Okyanuslar (Ciltli)"},"content":{"rendered":"<p>Bir insan hayata nas\u0131l d\u00f6nd\u00fcr\u00fcl\u00fcr?   Bir orman yang\u0131n\u0131n\u0131n yakla\u015fmakta oldu\u011funu nas\u0131l anlar\u0131z?   Bug\u00fcne dek ya\u015fanan en \u015fiddetli deprem hangisiydi?   Bir felaket ya\u015fand\u0131\u011f\u0131nda, evinizde ya da semtinizde neler yapabilece\u011finizi biliyor musunuz?   Jesse Goossens, irili ufakl\u0131 otuz d\u00f6rt afetle ilgili bir k\u0131lavuz haz\u0131rlad\u0131 ve olas\u0131 b\u00fct\u00fcn felaketler hakk\u0131nda tuhaf, t\u00fcyler \u00fcrpertici ve m\u00fcthi\u015f bilgiler derledi.   Linde Faas ise bu bilgileri capcanl\u0131 ve ne\u015feli desenleriyle sayfalar\u0131n\u0131 \u00e7evirmekten keyif alaca\u011f\u0131n\u0131z bir kitaba d\u00f6n\u00fc\u015ft\u00fcrd\u00fc.   Volkanik Patlamalar ve Ta\u015fan Okyanuslar, d\u00fcnyay\u0131 daha iyi bir yer haline getirmek isteyen her ya\u015ftan \u00e7ocuk i\u00e7in son derece yararl\u0131 bir k\u0131lavuz!<\/p>\n","protected":false},"excerpt":{"rendered":"<p>Bir insan hayata nas\u0131l d\u00f6nd\u00fcr\u00fcl\u00fcr? Bir orman yang\u0131n\u0131n\u0131n yakla\u015fmakta oldu\u011funu nas\u0131l anlar\u0131z? Bug\u00fcne dek ya\u015fanan en \u015fiddetli deprem hangisiydi? Bir felaket ya\u015fand\u0131\u011f\u0131nda, evinizde ya da semtinizde<span class=\"excerpt-hellip\"> [\u2026]<\/span><\/p>\n","protected":false},"featured_media":0,"template":"","meta":{"_monsterinsights_skip_tracking":false,"_monsterinsights_sitenote_active":false,"_monsterinsights_sitenote_note":"","_monsterinsights_sitenote_category":0},"product_brand":[],"product_cat":[12274,15842],"product_tag":[],"class_list":{"0":"post-744676","1":"product","2":"type-product","3":"status-publish","5":"product_cat-cocuk-ve-genclik-kitaplari","6":"product_cat-egitici-kitaplar","7":"pa_cilt-ciltli","8":"pa_tur-kitap","9":"pa_yayinevi-can-cocuk-yayinlari","10":"pa_yazar-jesse-goossens","12":"first","13":"instock","14":"sale","15":"shipping-taxable","16":"purchasable","17":"product-type-simple"},"_links":{"self":[{"href":"https:\/\/roveyayinevi.com.tr\/index.php\/wp-json\/wp\/v2\/product\/744676","targetHints":{"allow":["GET"]}}],"collection":[{"href":"https:\/\/roveyayinevi.com.tr\/index.php\/wp-json\/wp\/v2\/product"}],"about":[{"href":"https:\/\/roveyayinevi.com.tr\/index.php\/wp-json\/wp\/v2\/types\/product"}],"wp:attachment":[{"href":"https:\/\/roveyayinevi.com.tr\/index.php\/wp-json\/wp\/v2\/media?parent=744676"}],"wp:term":[{"taxonomy":"product_brand","embeddable":true,"href":"https:\/\/roveyayinevi.com.tr\/index.php\/wp-json\/wp\/v2\/product_brand?post=744676"},{"taxonomy":"product_cat","embeddable":true,"href":"https:\/\/roveyayinevi.com.tr\/index.php\/wp-json\/wp\/v2\/product_cat?post=744676"},{"taxonomy":"product_tag","embeddable":true,"href":"https:\/\/roveyayinevi.com.tr\/index.php\/wp-json\/wp\/v2\/product_tag?post=744676"}],"curies":[{"name":"wp","href":"https:\/\/api.w.org\/{rel}","templated":true}]}}