{"id":744675,"date":"2025-08-28T02:02:25","date_gmt":"2025-08-27T23:02:25","guid":{"rendered":"https:\/\/roveyayinevi.com.tr\/index.php\/urun\/yeni-hayat-5\/"},"modified":"2026-04-16T02:56:38","modified_gmt":"2026-04-15T23:56:38","slug":"yeni-hayat-5","status":"publish","type":"product","link":"https:\/\/roveyayinevi.com.tr\/index.php\/urun\/yeni-hayat-5\/","title":{"rendered":"Yeni Hayat"},"content":{"rendered":"<p>Siz kad\u0131nlar, iyi bilirsiniz a\u015fk\u0131, Konu\u015fal\u0131m sizinle sevdi\u011fim kad\u0131n\u0131, Ona \u00f6vg\u00fclerin sonu yoktur elbette, Yine de rahatlamak isterim bir nebze. Ne zaman d\u00fc\u015f\u00fcnsem onun letafetini, A\u015fk i\u00e7imde \u00f6yle bir lezzet yarat\u0131r ki, Ya\u015fayan her insan\u0131 \u00e2\u015f\u0131k edebilirdim.     Dante Alighieri daha ziyade edebiyat ve sanat d\u00fcnyas\u0131na arma\u011fan etti\u011fi \u0130lahi Komedya\u2019yla ve Beatrice\u2019ye duydu\u011fu dillere destan a\u015fk\u0131yla tan\u0131n\u0131r. Yeni Hayat\u2019ta i\u015fte bu \u00f6l\u00fcms\u00fcz a\u015fk dizelere d\u00f6k\u00fcl\u00fcr. Dante, Beatrice\u2019yi ilk kez g\u00f6rd\u00fc\u011f\u00fcnde dokuz ya\u015f\u0131ndad\u0131r, on sekiz ya\u015f\u0131ndayken ise onu ikinci kez g\u00f6recektir. Bu kar\u015f\u0131la\u015fma \u015fairin ifadesiyle yeni bir hayat\u0131n ba\u015flang\u0131c\u0131d\u0131r ayn\u0131 zamanda: \u201cO dakikadan itibaren A\u015fk t\u00fcm ruhuma h\u00e2kim oldu.\u201d Ne var ki \u015fairin a\u015fk\u0131 bu d\u00fcnyada kar\u015f\u0131l\u0131k bulamaz, Beatrice\u2019nin \u00f6l\u00fcm\u00fcyle ise ruhani bir boyuta evrilir. Sevdi\u011fi kad\u0131na \u0130lahi Komedya\u2019n\u0131n Cennet kitab\u0131nda kavu\u015facak olan \u015fairin gen\u00e7lik y\u0131llar\u0131nda kaleme ald\u0131\u011f\u0131 bu lirik a\u015fk ilan\u0131 sonraki y\u0131llarda yazaca\u011f\u0131 ba\u015fyap\u0131t\u0131n\u0131n temelini olu\u015fturur. <\/p>\n","protected":false},"excerpt":{"rendered":"<p>Siz kad\u0131nlar, iyi bilirsiniz a\u015fk\u0131, Konu\u015fal\u0131m sizinle sevdi\u011fim kad\u0131n\u0131, Ona \u00f6vg\u00fclerin sonu yoktur elbette, Yine de rahatlamak isterim bir nebze. Ne zaman d\u00fc\u015f\u00fcnsem onun letafetini, A\u015fk<span class=\"excerpt-hellip\"> [\u2026]<\/span><\/p>\n","protected":false},"featured_media":0,"template":"","meta":{"_monsterinsights_skip_tracking":false,"_monsterinsights_sitenote_active":false,"_monsterinsights_sitenote_note":"","_monsterinsights_sitenote_category":0},"product_brand":[],"product_cat":[12291,12509],"product_tag":[],"class_list":{"0":"post-744675","1":"product","2":"type-product","3":"status-publish","5":"product_cat-edebiyat","6":"product_cat-siir","7":"pa_cilt-ciltsiz","8":"pa_tur-kitap","9":"pa_yayinevi-can-yayinlari","10":"pa_yazar-dante-alighieri","12":"first","13":"instock","14":"sale","15":"shipping-taxable","16":"purchasable","17":"product-type-simple"},"_links":{"self":[{"href":"https:\/\/roveyayinevi.com.tr\/index.php\/wp-json\/wp\/v2\/product\/744675","targetHints":{"allow":["GET"]}}],"collection":[{"href":"https:\/\/roveyayinevi.com.tr\/index.php\/wp-json\/wp\/v2\/product"}],"about":[{"href":"https:\/\/roveyayinevi.com.tr\/index.php\/wp-json\/wp\/v2\/types\/product"}],"wp:attachment":[{"href":"https:\/\/roveyayinevi.com.tr\/index.php\/wp-json\/wp\/v2\/media?parent=744675"}],"wp:term":[{"taxonomy":"product_brand","embeddable":true,"href":"https:\/\/roveyayinevi.com.tr\/index.php\/wp-json\/wp\/v2\/product_brand?post=744675"},{"taxonomy":"product_cat","embeddable":true,"href":"https:\/\/roveyayinevi.com.tr\/index.php\/wp-json\/wp\/v2\/product_cat?post=744675"},{"taxonomy":"product_tag","embeddable":true,"href":"https:\/\/roveyayinevi.com.tr\/index.php\/wp-json\/wp\/v2\/product_tag?post=744675"}],"curies":[{"name":"wp","href":"https:\/\/api.w.org\/{rel}","templated":true}]}}