{"id":744673,"date":"2025-08-28T02:02:22","date_gmt":"2025-08-27T23:02:22","guid":{"rendered":"https:\/\/roveyayinevi.com.tr\/index.php\/urun\/iste-boyle-oldu\/"},"modified":"2026-04-16T02:56:38","modified_gmt":"2026-04-15T23:56:38","slug":"iste-boyle-oldu","status":"publish","type":"product","link":"https:\/\/roveyayinevi.com.tr\/index.php\/urun\/iste-boyle-oldu\/","title":{"rendered":"\u0130\u015fte B\u00f6yle Oldu"},"content":{"rendered":"<p>\u201cYaz\u0131 masas\u0131n\u0131n \u00e7ekmecesinden tabancay\u0131 ald\u0131m ve ate\u015f ettim. Aln\u0131n\u0131n ortas\u0131na ate\u015f ettim.\u201d   Bir pansiyonda yaln\u0131z ba\u015f\u0131na ya\u015fayan gen\u00e7 bir kad\u0131n, kendisinden ya\u015f\u00e7a b\u00fcy\u00fck bir adam\u0131n cazibesine kap\u0131l\u0131r. Tan\u0131mad\u0131\u011f\u0131 bu adama \u00e2\u015f\u0131k oldu\u011funa kendisini ikna eder. Evlenirler, \u00e7ocuk sahibi olurlar. Ancak kocas\u0131n\u0131n ilgisizli\u011fi \u00e7ok ge\u00e7meden sadakatsizli\u011fe d\u00f6n\u00fc\u015fecek ve kad\u0131n, kimsesizli\u011finin ve \u00e7aresizli\u011finin tek bir \u00e7\u00f6z\u00fcm\u00fc olabilece\u011fini fark edecektir.   Natalia Ginzburg, toplumun kay\u0131ts\u0131zca azap \u00e7ekmeye terk etti\u011fi bir kad\u0131n\u0131n \u00e7ekmecedeki tabancaya uzan\u0131\u015f\u0131n\u0131n hik\u00e2yesini, \u00f6fkesini hi\u00e7 gizlemeden ya da tatland\u0131rmadan, olduk\u00e7a yal\u0131n bir \u015fekilde ifade ediyor: \u0130\u015fte B\u00f6yle Oldu.     \u201cNatalia Ginzburg yery\u00fcz\u00fcnde kalan son kad\u0131n. \u00d6b\u00fcr insanlar\u0131n t\u00fcm\u00fc erkek.\u201d  Italo Calvino   \u201cGinzburg bize kad\u0131n ifadesine ve nas\u0131l bir ses oldu\u011funa dair yeni bir \u015fablon sunuyor.\u201d  Rachel Cusk, \u00c7er\u00e7eve\u2019nin yazar\u0131     \u201cGinzburg\u2019un tarz\u0131, esrarl\u0131 a\u00e7\u0131ks\u00f6zl\u00fcl\u00fc\u011f\u00fc, zorlama ya da so\u011fuk g\u00f6z\u00fckmeden \u015feyleri gerekli, d\u00fcr\u00fcst ve a\u00e7\u0131k bir \u015fekilde ortaya d\u00f6kmeye y\u00f6nelik sa\u011fl\u0131kl\u0131 becerisi akl\u0131m\u0131 ba\u015f\u0131mdan ald\u0131.\u201d   Maggie Nelson, Argonautlar\u2019\u0131n yazar\u0131 <\/p>\n","protected":false},"excerpt":{"rendered":"<p>\u201cYaz\u0131 masas\u0131n\u0131n \u00e7ekmecesinden tabancay\u0131 ald\u0131m ve ate\u015f ettim. Aln\u0131n\u0131n ortas\u0131na ate\u015f ettim.\u201d Bir pansiyonda yaln\u0131z ba\u015f\u0131na ya\u015fayan gen\u00e7 bir kad\u0131n, kendisinden ya\u015f\u00e7a b\u00fcy\u00fck bir adam\u0131n cazibesine<span class=\"excerpt-hellip\"> [\u2026]<\/span><\/p>\n","protected":false},"featured_media":0,"template":"","meta":{"_monsterinsights_skip_tracking":false,"_monsterinsights_sitenote_active":false,"_monsterinsights_sitenote_note":"","_monsterinsights_sitenote_category":0},"product_brand":[],"product_cat":[12291,12711],"product_tag":[],"class_list":{"0":"post-744673","1":"product","2":"type-product","3":"status-publish","5":"product_cat-edebiyat","6":"product_cat-roman-oyku","7":"pa_cilt-ciltsiz","8":"pa_tur-kitap","9":"pa_yayinevi-can-yayinlari","10":"pa_yazar-natalia-ginzburg","12":"first","13":"instock","14":"sale","15":"shipping-taxable","16":"purchasable","17":"product-type-simple"},"_links":{"self":[{"href":"https:\/\/roveyayinevi.com.tr\/index.php\/wp-json\/wp\/v2\/product\/744673","targetHints":{"allow":["GET"]}}],"collection":[{"href":"https:\/\/roveyayinevi.com.tr\/index.php\/wp-json\/wp\/v2\/product"}],"about":[{"href":"https:\/\/roveyayinevi.com.tr\/index.php\/wp-json\/wp\/v2\/types\/product"}],"wp:attachment":[{"href":"https:\/\/roveyayinevi.com.tr\/index.php\/wp-json\/wp\/v2\/media?parent=744673"}],"wp:term":[{"taxonomy":"product_brand","embeddable":true,"href":"https:\/\/roveyayinevi.com.tr\/index.php\/wp-json\/wp\/v2\/product_brand?post=744673"},{"taxonomy":"product_cat","embeddable":true,"href":"https:\/\/roveyayinevi.com.tr\/index.php\/wp-json\/wp\/v2\/product_cat?post=744673"},{"taxonomy":"product_tag","embeddable":true,"href":"https:\/\/roveyayinevi.com.tr\/index.php\/wp-json\/wp\/v2\/product_tag?post=744673"}],"curies":[{"name":"wp","href":"https:\/\/api.w.org\/{rel}","templated":true}]}}