{"id":744671,"date":"2025-08-28T02:02:19","date_gmt":"2025-08-27T23:02:19","guid":{"rendered":"https:\/\/roveyayinevi.com.tr\/index.php\/urun\/madam-arthur-bey-ve-hayatindaki-her-sey\/"},"modified":"2026-04-16T02:56:38","modified_gmt":"2026-04-15T23:56:38","slug":"madam-arthur-bey-ve-hayatindaki-her-sey","status":"publish","type":"product","link":"https:\/\/roveyayinevi.com.tr\/index.php\/urun\/madam-arthur-bey-ve-hayatindaki-her-sey\/","title":{"rendered":"Madam Arthur Bey ve Hayat\u0131ndaki Her \u015eey"},"content":{"rendered":"<p>Y\u0131ld\u0131r\u0131mlar d\u00fc\u015f\u00fcren, topra\u011f\u0131 \u00e7atlatan, karalar\u0131 denizlere, denizleri karalara ak\u0131tan o kadim irade madem kaosu seviyor, insan\u0131n tek kurtulu\u015fu bu kaosla uyum i\u00e7inde devinmektir. Madam Arthur Bey d\u00fcnyada cennet hayali kurman\u0131n bir ahmakl\u0131k oldu\u011funu d\u00fc\u015f\u00fcn\u00fcyor. Ger\u00e7ek insan cehennemde hayatta kalman\u0131n yollar\u0131n\u0131 kollayabilendir. O kadar k\u00f6t\u00fc. O kadar k\u00f6t\u00fcyd\u00fc. O kadar k\u00f6t\u00fc olacak. Cesaretini yeniden toplayacak. Hayatta kalabilmek i\u00e7in. \u0130\u00e7indeki varolu\u015f h\u0131rs\u0131n\u0131 ba\u015fka bir bedene devredebilmek i\u00e7in. Tuzaklar kurdu. Kuruyor. Kuracak. O hep k\u00f6t\u00fc olacak.   Ger\u00e7ek\u00fcst\u00fc \u00f6zellikleriyle Madam Arthur Bey, yazar Olcayto Ran, \u201cbir sava\u015f art\u0131\u011f\u0131\u201d olan dilsiz Maria, bilge hayat kad\u0131n\u0131 Nagehan ve kalbi k\u0131r\u0131k eski sevgililer, kimli\u011finin pe\u015findekiler, kay\u0131p babalar, s\u0131rlar\u0131n pen\u00e7esinde ya\u015fayanlar\u2026 Yollar\u0131 Kara Yal\u0131\u2019da kesi\u015fen bu birbirinden renkli, birbirinden karanl\u0131k ve yaral\u0131 karakterler ya\u015fam denen lanetle ba\u015f etme \u00e7abas\u0131ndad\u0131r.   Sahaflardan toplad\u0131\u011f\u0131 eski foto\u011fraflardan hayatlar kurgulayan Olcayto Ran\u2019\u0131n benli\u011finde kad\u0131nla erke\u011fi birle\u015ftiren Madam Arthur\u2019la tan\u0131\u015fmas\u0131, kendi karanl\u0131k ge\u00e7mi\u015fine de kap\u0131 aralar. Ge\u00e7mi\u015fteki cinayetler nedeniyle Madam Arthur Bey\u2019den \u00f6lesiyle korkan Kedile\u015f\u2019e kulak veren Olcayto, zamanla yolunu kaybetme tehlikesiyle kar\u015f\u0131 kar\u015f\u0131ya kal\u0131r.     Mine S\u00f6\u011f\u00fct s\u0131ra d\u0131\u015f\u0131 roman\u0131 Madam Arthur Bey ve Hayat\u0131ndaki Her \u015eey\u2019de okurlar\u0131 Kara Yal\u0131\u2019n\u0131n karanl\u0131k odalar\u0131nda dola\u015ft\u0131rarak kimlik bunal\u0131mlar\u0131, iktidarla ili\u015fkileri, karabasanlar\u0131 ve korkular\u0131yla y\u00fczle\u015fmeye, varolu\u015fun temeli olan kaosun i\u00e7inden ge\u00e7meye davet ediyor. <\/p>\n","protected":false},"excerpt":{"rendered":"<p>Y\u0131ld\u0131r\u0131mlar d\u00fc\u015f\u00fcren, topra\u011f\u0131 \u00e7atlatan, karalar\u0131 denizlere, denizleri karalara ak\u0131tan o kadim irade madem kaosu seviyor, insan\u0131n tek kurtulu\u015fu bu kaosla uyum i\u00e7inde devinmektir. Madam Arthur Bey<span class=\"excerpt-hellip\"> [\u2026]<\/span><\/p>\n","protected":false},"featured_media":0,"template":"","meta":{"_monsterinsights_skip_tracking":false,"_monsterinsights_sitenote_active":false,"_monsterinsights_sitenote_note":"","_monsterinsights_sitenote_category":0},"product_brand":[],"product_cat":[12291,12711],"product_tag":[],"class_list":{"0":"post-744671","1":"product","2":"type-product","3":"status-publish","5":"product_cat-edebiyat","6":"product_cat-roman-oyku","7":"pa_cilt-ciltsiz","8":"pa_tur-kitap","9":"pa_yayinevi-can-yayinlari","10":"pa_yazar-mine-sogut","12":"first","13":"instock","14":"sale","15":"shipping-taxable","16":"purchasable","17":"product-type-simple"},"_links":{"self":[{"href":"https:\/\/roveyayinevi.com.tr\/index.php\/wp-json\/wp\/v2\/product\/744671","targetHints":{"allow":["GET"]}}],"collection":[{"href":"https:\/\/roveyayinevi.com.tr\/index.php\/wp-json\/wp\/v2\/product"}],"about":[{"href":"https:\/\/roveyayinevi.com.tr\/index.php\/wp-json\/wp\/v2\/types\/product"}],"wp:attachment":[{"href":"https:\/\/roveyayinevi.com.tr\/index.php\/wp-json\/wp\/v2\/media?parent=744671"}],"wp:term":[{"taxonomy":"product_brand","embeddable":true,"href":"https:\/\/roveyayinevi.com.tr\/index.php\/wp-json\/wp\/v2\/product_brand?post=744671"},{"taxonomy":"product_cat","embeddable":true,"href":"https:\/\/roveyayinevi.com.tr\/index.php\/wp-json\/wp\/v2\/product_cat?post=744671"},{"taxonomy":"product_tag","embeddable":true,"href":"https:\/\/roveyayinevi.com.tr\/index.php\/wp-json\/wp\/v2\/product_tag?post=744671"}],"curies":[{"name":"wp","href":"https:\/\/api.w.org\/{rel}","templated":true}]}}