{"id":744669,"date":"2025-08-28T02:02:16","date_gmt":"2025-08-27T23:02:16","guid":{"rendered":"https:\/\/roveyayinevi.com.tr\/index.php\/urun\/bu-ne-bicim-pinokyo\/"},"modified":"2026-04-16T02:56:37","modified_gmt":"2026-04-15T23:56:37","slug":"bu-ne-bicim-pinokyo","status":"publish","type":"product","link":"https:\/\/roveyayinevi.com.tr\/index.php\/urun\/bu-ne-bicim-pinokyo\/","title":{"rendered":"Bu Ne Bi\u00e7im Pinokyo"},"content":{"rendered":"<p>\u00c7emberin \u00e7evresinin \u00e7ap\u0131na b\u00f6l\u00fcm\u00fc, 3,14 o da bir b\u00f6l\u00fcm\u00fc, Sen hi\u00e7 burnu uzamayan Pinokyo g\u00f6rd\u00fcn m\u00fc?   Elvira\u2019yla Pinokyo\u2019nun kukla tiyatrosunda ba\u015flatt\u0131klar\u0131 e\u011flenceli matematik oyunu onlar\u0131 kurtarmak zorunda olduklar\u0131 kuklalar\u0131n pe\u015finden s\u00fcr\u00fckler. Bu e\u011flenceli ser\u00fcvende: \u201cHer kim ki soruyu bilirse, \u2018Biliyorum!\u2019 der parolay\u0131 s\u00f6ylerse, T\u00fcm kuklalar\u0131n sahibi olur, Bil ki matematik dehas\u0131 odur.\u201d   Matemati\u011fi oyun gibi g\u00f6ren Pinokyo\u2019yla birlikte sen de kuklalar\u0131 kurtarmak i\u00e7in sorular\u0131 keyifle \u00e7\u00f6zeceksin. <\/p>\n","protected":false},"excerpt":{"rendered":"<p>\u00c7emberin \u00e7evresinin \u00e7ap\u0131na b\u00f6l\u00fcm\u00fc, 3,14 o da bir b\u00f6l\u00fcm\u00fc, Sen hi\u00e7 burnu uzamayan Pinokyo g\u00f6rd\u00fcn m\u00fc? Elvira\u2019yla Pinokyo\u2019nun kukla tiyatrosunda ba\u015flatt\u0131klar\u0131 e\u011flenceli matematik oyunu onlar\u0131 kurtarmak<span class=\"excerpt-hellip\"> [\u2026]<\/span><\/p>\n","protected":false},"featured_media":0,"template":"","meta":{"_monsterinsights_skip_tracking":false,"_monsterinsights_sitenote_active":false,"_monsterinsights_sitenote_note":"","_monsterinsights_sitenote_category":0},"product_brand":[],"product_cat":[12689,12274],"product_tag":[],"class_list":{"0":"post-744669","1":"product","2":"type-product","3":"status-publish","5":"product_cat-cizgi-roman-cocuk-ve-genclik-kitaplari","6":"product_cat-cocuk-ve-genclik-kitaplari","7":"pa_cilt-ciltsiz","8":"pa_tur-kitap","9":"pa_yayinevi-epsilon-ozel-urun","10":"pa_yazar-nurdan-bagriacik","12":"first","13":"instock","14":"sale","15":"shipping-taxable","16":"purchasable","17":"product-type-simple"},"_links":{"self":[{"href":"https:\/\/roveyayinevi.com.tr\/index.php\/wp-json\/wp\/v2\/product\/744669","targetHints":{"allow":["GET"]}}],"collection":[{"href":"https:\/\/roveyayinevi.com.tr\/index.php\/wp-json\/wp\/v2\/product"}],"about":[{"href":"https:\/\/roveyayinevi.com.tr\/index.php\/wp-json\/wp\/v2\/types\/product"}],"wp:attachment":[{"href":"https:\/\/roveyayinevi.com.tr\/index.php\/wp-json\/wp\/v2\/media?parent=744669"}],"wp:term":[{"taxonomy":"product_brand","embeddable":true,"href":"https:\/\/roveyayinevi.com.tr\/index.php\/wp-json\/wp\/v2\/product_brand?post=744669"},{"taxonomy":"product_cat","embeddable":true,"href":"https:\/\/roveyayinevi.com.tr\/index.php\/wp-json\/wp\/v2\/product_cat?post=744669"},{"taxonomy":"product_tag","embeddable":true,"href":"https:\/\/roveyayinevi.com.tr\/index.php\/wp-json\/wp\/v2\/product_tag?post=744669"}],"curies":[{"name":"wp","href":"https:\/\/api.w.org\/{rel}","templated":true}]}}