{"id":744666,"date":"2025-08-28T02:02:12","date_gmt":"2025-08-27T23:02:12","guid":{"rendered":"https:\/\/roveyayinevi.com.tr\/index.php\/urun\/alayci-teoriler\/"},"modified":"2026-04-16T02:56:37","modified_gmt":"2026-04-15T23:56:37","slug":"alayci-teoriler","status":"publish","type":"product","link":"https:\/\/roveyayinevi.com.tr\/index.php\/urun\/alayci-teoriler\/","title":{"rendered":"Alayc\u0131 Teoriler"},"content":{"rendered":"<p>Dilin \u015fiddet ve bilimin cinsiyet\u00e7i oldu\u011funu hi\u00e7 duydunuz mu? Size hi\u00e7 obez olman\u0131n sa\u011fl\u0131kl\u0131 oldu\u011fu, biyolojik cinsiyet diye bir \u015feyin olmad\u0131\u011f\u0131 veya sadece beyazlar\u0131n \u0131rk\u00e7\u0131 olabilece\u011fi s\u00f6ylendi mi? Bu fikirler kafan\u0131z\u0131 kar\u0131\u015ft\u0131rabilir. Bunlar Bat\u0131 toplumunun mant\u0131\u011f\u0131na g\u00fc\u00e7l\u00fc \u015fekilde meydan okumaktad\u0131r. Bu cesaretin nereden kaynakland\u0131\u011f\u0131n\u0131 merak ediyor musunuz? Helen Pluckrose ve James Lindsay, bu kitapta bu fikirleri besleyen dogmalar\u0131n, Frans\u0131z postmodernizmindeki kaba k\u00f6kenlerinden, aktivist akademik alanlardaki inceliklerine kadar nas\u0131l bir evrim ge\u00e7irdi\u011fini g\u00f6zler \u00f6n\u00fcne seriyorlar. Bug\u00fcn bu dogmalar, ana ak\u0131m medyada, sosyal medyada, \u00fcniversite amfilerinde ve kamp\u00fcslerinde kar\u015f\u0131 konulamaz ilke ve de\u011ferler olarak kabul ediliyor: Bilgi sosyal bir in\u015fad\u0131r; bilim ve ak\u0131l, bask\u0131 ara\u00e7lar\u0131d\u0131r; t\u00fcm insan etkile\u015fimleri, bask\u0131c\u0131 g\u00fcc\u00fcn oyun alanlar\u0131d\u0131r ve dil tehlikelidir. Pluckrose ve Lindsay\u2019a g\u00f6re bu Ayd\u0131nlanma kar\u015f\u0131t\u0131 inan\u00e7lar\u0131n kontrols\u00fcz \u00e7o\u011falmas\u0131, sadece liberal demokrasi i\u00e7in de\u011fil, ayn\u0131 zamanda modernli\u011fin kendisi i\u00e7in de bir tehdit olu\u015fturuyor. Alayc\u0131 Teoriler, uygulamal\u0131 postmodernizmin postkolonyal teori, queer teori, ele\u015ftirel \u0131rk teorisi, d\u00f6rd\u00fcnc\u00fc dalga feminizm, toplumsal cinsiyet \u00e7al\u0131\u015fmalar\u0131, \u015fi\u015fmanl\u0131k \u00e7al\u0131\u015fmalar\u0131 ve yetenek\u00e7ilik gibi pek \u00e7ok alandaki akademik yakla\u015f\u0131mlar\u0131n\u0131 a\u015f\u0131r\u0131 ve tutars\u0131z bulmakta ve bunlar\u0131 ele\u015ftirmektedir.  \u201cBir\u00e7ok insan, akademiden ta\u015farak g\u00fcndelik hayat\u0131n di\u011fer alanlar\u0131n\u0131 sular alt\u0131nda b\u0131rakan uyan\u0131kl\u0131k, sosyal adalet sava\u015f\u0131, kesi\u015fimsellik ve kimlik politikalar\u0131n\u0131n y\u00fckseli\u015finden \u015fa\u015fk\u0131na d\u00f6nm\u00fc\u015f durumda. Peki bunlar\u0131n kayna\u011f\u0131 ne? Arkas\u0131nda hangi fikirler var? Bu kitap, k\u00fclt\u00fcr\u00fcm\u00fcz\u00fc saran hareketlerin \u015fa\u015f\u0131rt\u0131c\u0131 derecede s\u0131\u011f entelekt\u00fcel k\u00f6klerini a\u00e7\u0131\u011fa \u00e7\u0131kar\u0131yor.\u201d  Steven Pinker, Johnstone Psikoloji Profes\u00f6r\u00fc, Harvard \u00dcniversitesi ve Enlightenment Now kitab\u0131n\u0131n yazar\u0131    \u201cBu kadar bo\u015f, anlams\u0131z, g\u00f6steri\u015f\u00e7i, ama\u00e7s\u0131z ve gerici hatta bir o kadar da aptalca ve s\u0131k\u0131c\u0131 bir d\u00fc\u015f\u00fcnce ekol\u00fcne y\u00f6nelik kar\u015f\u0131t, ate\u015fli bir sald\u0131r\u0131 bile insan\u0131 hi\u00e7 mi heyecanland\u0131ramaz? Evet, i\u015fte t\u00fcm bunlara kar\u015f\u0131l\u0131k gelen postmodernizmdir. Postmodernizmin ne oldu\u011funu anlamak istiyorsan\u0131z, ayd\u0131nlanma projesinin iki asil kahraman\u0131n\u0131n bilgi ziyafeti niteli\u011findeki bu kitab\u0131n\u0131 okuyun. N\u00f6ronlar\u0131n\u0131z\u0131 ve zaman\u0131n\u0131z daha iyi kullanmak istiyorsan\u0131z, bilime ba\u011fl\u0131 kal\u0131n. As\u0131l mesele bu.\u201d  Richard Dawkins, New College Oxford emekli \u00f6\u011fretim \u00fcyesi\u201cAlayc\u0131 Teoriler, sosyal adalet anlay\u0131\u015f\u0131na sa\u011flam, isabetli ve gerekli bir ele\u015ftiri y\u00f6nelten m\u00fckemmel bir kitap. Yazarlar, sosyal adalet d\u00fc\u015f\u00fcncesinin postmodernizmdeki izlerini titizlikle s\u00fcrerken; bir zamanlar reva\u00e7ta olan teorisyenlerin ana ak\u0131ma nas\u0131l s\u0131zd\u0131\u011f\u0131n\u0131 ve bu durumun liberalizm, e\u015fitlik ve ifade \u00f6zg\u00fcrl\u00fc\u011f\u00fc ilkeleri aleyhine ortaya \u00e7\u0131kard\u0131\u011f\u0131 k\u00f6t\u00fc sonu\u00e7lar\u0131 g\u00f6zler \u00f6n\u00fcne seriyorlar.\u201d  Andrew Doyle, Titania McGrath\u2019\u0131n yarat\u0131c\u0131s\u0131   &#8220;Son derece \u00f6nemli ve g\u00fcncel bir \u00e7al\u0131\u015fma olan bu kitapta, Pluckrose ve Lindsay, g\u00fcn\u00fcm\u00fcz Sosyal Adalet ha\u00e7l\u0131lar\u0131n\u0131n entelekt\u00fcel k\u00f6kenlerinin izini s\u00fcr\u00fcyorlar. Sade bir dil ve adil bir perspektifle, sosyal adalet u\u011fruna verilen m\u00fccadelelerinin ak\u0131l ve g\u00f6zlemin yan\u0131 s\u0131ra \u00f6zg\u00fcr ve sa\u011fduyulu bir tart\u0131\u015fma \u00e7izgisinde y\u00fcr\u00fct\u00fclmesi halinde son derece g\u00fc\u00e7l\u00fc bir kazan\u0131m\u0131 beraberinde getirece\u011fini savunuyorlar. Dar g\u00f6r\u00fc\u015fl\u00fc Sosyal Adalet ideologlar\u0131n\u0131n ise; (k\u00fc\u00e7\u00fck harflerle) sosyal adalet davas\u0131na verdikleri zararlar\u0131 dile getiriyor ve daha iyisini yapmak ad\u0131na pratik stratejiler sunuyorlar.&#8221;  Alan Sokal, University College London Matematik Profes\u00f6r\u00fc ve Fashionable Nonsense: Postmodern Intellectuals\u2019 Abuse of Science kitab\u0131n\u0131n yazarlar\u0131ndan   \u201cK\u00fclt\u00fcr sava\u015f\u0131n\u0131 anlamam\u0131za yard\u0131mc\u0131 olacak b\u00fcy\u00fcleyici bir rehber. Titizlikle ara\u015ft\u0131r\u0131lm\u0131\u015f ve kusursuz bir \u015fekilde kaleme al\u0131nm\u0131\u015f Alayc\u0131 Teoriler, buraya nas\u0131l geldi\u011fimize ve ileriye d\u00f6n\u00fck en iyi \u00e7\u00f6z\u00fcmlere dair a\u00e7\u0131klamalar sunuyor.\u201d  Debra Soh, PhD, cinsiyet n\u00f6robilimcisi ve The End of Gender kitab\u0131n\u0131n yazar\u0131   \u201cLin\u00e7 k\u00fclt\u00fcr\u00fcn\u00fcn ard\u0131ndaki felsefeyi ve neden bu kadar \u00fcrk\u00fct\u00fcc\u00fc oldu\u011funu \u00f6\u011frenmek istiyorsan\u0131z bu kitab\u0131 al\u0131n. Ard\u0131ndan arkada\u015flar\u0131n\u0131za ve ailenize hediye edin.\u201d Ayaan Hirsi Ali, insan haklar\u0131 aktivisti<\/p>\n","protected":false},"excerpt":{"rendered":"<p>Dilin \u015fiddet ve bilimin cinsiyet\u00e7i oldu\u011funu hi\u00e7 duydunuz mu? Size hi\u00e7 obez olman\u0131n sa\u011fl\u0131kl\u0131 oldu\u011fu, biyolojik cinsiyet diye bir \u015feyin olmad\u0131\u011f\u0131 veya sadece beyazlar\u0131n \u0131rk\u00e7\u0131 olabilece\u011fi<span class=\"excerpt-hellip\"> [\u2026]<\/span><\/p>\n","protected":false},"featured_media":0,"template":"","meta":{"_monsterinsights_skip_tracking":false,"_monsterinsights_sitenote_active":false,"_monsterinsights_sitenote_note":"","_monsterinsights_sitenote_category":0},"product_brand":[],"product_cat":[13059,12337],"product_tag":[],"class_list":{"0":"post-744666","1":"product","2":"type-product","3":"status-publish","5":"product_cat-diger-politika-siyaset","6":"product_cat-politika-siyaset","7":"pa_cilt-ciltsiz","8":"pa_tur-kitap","9":"pa_yayinevi-episteme-yayinlari","10":"pa_yazar-helen-pluckrose-james-lindsay","12":"first","13":"instock","14":"sale","15":"shipping-taxable","16":"purchasable","17":"product-type-simple"},"_links":{"self":[{"href":"https:\/\/roveyayinevi.com.tr\/index.php\/wp-json\/wp\/v2\/product\/744666","targetHints":{"allow":["GET"]}}],"collection":[{"href":"https:\/\/roveyayinevi.com.tr\/index.php\/wp-json\/wp\/v2\/product"}],"about":[{"href":"https:\/\/roveyayinevi.com.tr\/index.php\/wp-json\/wp\/v2\/types\/product"}],"wp:attachment":[{"href":"https:\/\/roveyayinevi.com.tr\/index.php\/wp-json\/wp\/v2\/media?parent=744666"}],"wp:term":[{"taxonomy":"product_brand","embeddable":true,"href":"https:\/\/roveyayinevi.com.tr\/index.php\/wp-json\/wp\/v2\/product_brand?post=744666"},{"taxonomy":"product_cat","embeddable":true,"href":"https:\/\/roveyayinevi.com.tr\/index.php\/wp-json\/wp\/v2\/product_cat?post=744666"},{"taxonomy":"product_tag","embeddable":true,"href":"https:\/\/roveyayinevi.com.tr\/index.php\/wp-json\/wp\/v2\/product_tag?post=744666"}],"curies":[{"name":"wp","href":"https:\/\/api.w.org\/{rel}","templated":true}]}}