{"id":744665,"date":"2025-08-28T02:02:11","date_gmt":"2025-08-27T23:02:11","guid":{"rendered":"https:\/\/roveyayinevi.com.tr\/index.php\/urun\/duzyazi-kurami\/"},"modified":"2026-04-16T02:56:37","modified_gmt":"2026-04-15T23:56:37","slug":"duzyazi-kurami","status":"publish","type":"product","link":"https:\/\/roveyayinevi.com.tr\/index.php\/urun\/duzyazi-kurami\/","title":{"rendered":"D\u00fczyaz\u0131 Kuram\u0131"},"content":{"rendered":"<p>Sanat\u0131n i\u015flevi nedir? Bir \u00fcr\u00fcn hangi \u00f6zellikleri ta\u015f\u0131d\u0131\u011f\u0131 i\u00e7in \u201ceser\u201d olarak de\u011ferlendirilir? Edeb\u00ee t\u00fcrler neden s\u00fcrekli evrim ge\u00e7irir? Neden edeb\u00ee anlay\u0131\u015flarda, ekollerde s\u00fcrekli bir yenilenme olmaktad\u0131r? Don Ki\u015fot i\u00e7in neden \u201cilk roman\u201d denir? Okuru merak i\u00e7inde b\u0131rakmak, heyecanland\u0131rmak i\u00e7in roman yazarlar\u0131 hangi stratejileri kullan\u0131rlar?  D\u00fczyaz\u0131 Kuram\u0131, d\u00fczyaz\u0131 t\u00fcr\u00fcn\u00fcn masaldan romana evrilen maceras\u0131n\u0131 Tolstoy, Dostoyevski, \u00c7ehov, Charles Dickens, Conan Doyle, Laurence Stern gibi d\u00fcnyaca tan\u0131nm\u0131\u015f yazarlar\u0131n eserlerinden \u00f6rneklerle izah etmekle kalm\u0131yor; bir\u00e7ok ulusun halk edebiyat\u0131 \u00fcr\u00fcnlerine dair ilgili \u00e7ekici bilgiler de veriyor.  <\/p>\n","protected":false},"excerpt":{"rendered":"<p>Sanat\u0131n i\u015flevi nedir? Bir \u00fcr\u00fcn hangi \u00f6zellikleri ta\u015f\u0131d\u0131\u011f\u0131 i\u00e7in \u201ceser\u201d olarak de\u011ferlendirilir? Edeb\u00ee t\u00fcrler neden s\u00fcrekli evrim ge\u00e7irir? Neden edeb\u00ee anlay\u0131\u015flarda, ekollerde s\u00fcrekli bir yenilenme olmaktad\u0131r?<span class=\"excerpt-hellip\"> [\u2026]<\/span><\/p>\n","protected":false},"featured_media":0,"template":"","meta":{"_monsterinsights_skip_tracking":false,"_monsterinsights_sitenote_active":false,"_monsterinsights_sitenote_note":"","_monsterinsights_sitenote_category":0},"product_brand":[],"product_cat":[13072,12291],"product_tag":[],"class_list":{"0":"post-744665","1":"product","2":"type-product","3":"status-publish","5":"product_cat-arastirma-inceleme-referans","6":"product_cat-edebiyat","7":"pa_cilt-ciltsiz","8":"pa_tur-kitap","9":"pa_yayinevi-bilge-kultur-sanat","10":"pa_yazar-viktor-sklovski","12":"first","13":"instock","14":"sale","15":"shipping-taxable","16":"purchasable","17":"product-type-simple"},"_links":{"self":[{"href":"https:\/\/roveyayinevi.com.tr\/index.php\/wp-json\/wp\/v2\/product\/744665","targetHints":{"allow":["GET"]}}],"collection":[{"href":"https:\/\/roveyayinevi.com.tr\/index.php\/wp-json\/wp\/v2\/product"}],"about":[{"href":"https:\/\/roveyayinevi.com.tr\/index.php\/wp-json\/wp\/v2\/types\/product"}],"wp:attachment":[{"href":"https:\/\/roveyayinevi.com.tr\/index.php\/wp-json\/wp\/v2\/media?parent=744665"}],"wp:term":[{"taxonomy":"product_brand","embeddable":true,"href":"https:\/\/roveyayinevi.com.tr\/index.php\/wp-json\/wp\/v2\/product_brand?post=744665"},{"taxonomy":"product_cat","embeddable":true,"href":"https:\/\/roveyayinevi.com.tr\/index.php\/wp-json\/wp\/v2\/product_cat?post=744665"},{"taxonomy":"product_tag","embeddable":true,"href":"https:\/\/roveyayinevi.com.tr\/index.php\/wp-json\/wp\/v2\/product_tag?post=744665"}],"curies":[{"name":"wp","href":"https:\/\/api.w.org\/{rel}","templated":true}]}}