{"id":744664,"date":"2025-08-28T02:02:09","date_gmt":"2025-08-27T23:02:09","guid":{"rendered":"https:\/\/roveyayinevi.com.tr\/index.php\/urun\/babam-huseyin\/"},"modified":"2026-04-03T03:00:09","modified_gmt":"2026-04-03T00:00:09","slug":"babam-huseyin","status":"publish","type":"product","link":"https:\/\/roveyayinevi.com.tr\/index.php\/urun\/babam-huseyin\/","title":{"rendered":"Babam H\u00fcseyin"},"content":{"rendered":"<p>Hi\u00e7 pes etmeyen, barda\u011f\u0131n hep dolu taraf\u0131n\u0131 g\u00f6ren, y\u00fcz\u00fcnden g\u00fcl\u00fcmsemesi eksik olmayan, kendiyle bar\u0131\u015f\u0131k, sakin ama sonuna kadar m\u00fccadeleci, 68 ku\u015fa\u011f\u0131ndan bir adam. Mara\u015f\u2019\u0131n suyu, elektri\u011fi, ilkokulu, yolu bile olmayan bir k\u00f6y\u00fcnde yoksul bir ailenin on bir \u00e7ocu\u011fundan be\u015fincisi olarak d\u00fcnyaya gelen, sekiz ya\u015f\u0131na kadar T\u00fcrk\u00e7e bilmeyen, \u00e7ocuk ya\u015fta \u00e7al\u0131\u015farak daha \u00e7ocukken b\u00fcy\u00fcyen, \u015fans\u0131n\u0131 kendi yaratan H\u00fcseyin \u00c7amak\u2026 Cumhuriyet gazetesine yazd\u0131\u011f\u0131 mektupla gelen burs sayesinde ya\u015fam\u0131n\u0131n ak\u0131\u015f\u0131n\u0131 de\u011fi\u015ftiren, \u00e7ocuklu\u011funun doktor olma hayalini ger\u00e7ekle\u015ftiren, mesle\u011fine \u00e2\u015f\u0131k, hastalar\u0131n\u0131 vaka olarak de\u011fil insan olarak g\u00f6ren vicdanl\u0131 bir doktor. Kimi zaman Alevi, kimi zaman K\u00fcrt, kimi zaman solcu oldu\u011fu i\u00e7in ayr\u0131mc\u0131l\u0131\u011fa u\u011fruyor, hor g\u00f6r\u00fcl\u00fcyor, d\u00f6v\u00fcl\u00fcyor, g\u00f6zalt\u0131na al\u0131n\u0131yor, tutuklan\u0131yor. Dr. \u00c7amak, k\u0131z\u0131 Zeynep\u2019in kalemiyle, cem t\u00fcrk\u00fclerinden Adalet Y\u00fcr\u00fcy\u00fc\u015f\u00fc\u2019ne, 12 Mart ve 12 Eyl\u00fcl darbelerinden 15 Temmuz darbe giri\u015fimine \u00e7ok renkli bir yolculuk yapt\u0131r\u0131yor bize. Hem do\u011fup b\u00fcy\u00fcd\u00fc\u011f\u00fc co\u011frafya, hem maddi ko\u015fullar, hem de mesle\u011fi nedeniyle kar\u015f\u0131la\u015ft\u0131\u011f\u0131, T\u00fcrkiye\u2019nin yar\u0131m y\u00fczy\u0131ll\u0131k ger\u00e7eklerini s\u0131k s\u0131k y\u00fcz\u00fcm\u00fcze \u00e7arp\u0131yor.                                                                                MERAL TAMER <\/p>\n","protected":false},"excerpt":{"rendered":"<p>Hi\u00e7 pes etmeyen, barda\u011f\u0131n hep dolu taraf\u0131n\u0131 g\u00f6ren, y\u00fcz\u00fcnden g\u00fcl\u00fcmsemesi eksik olmayan, kendiyle bar\u0131\u015f\u0131k, sakin ama sonuna kadar m\u00fccadeleci, 68 ku\u015fa\u011f\u0131ndan bir adam. Mara\u015f\u2019\u0131n suyu, elektri\u011fi,<span class=\"excerpt-hellip\"> [\u2026]<\/span><\/p>\n","protected":false},"featured_media":0,"template":"","meta":{"_monsterinsights_skip_tracking":false,"_monsterinsights_sitenote_active":false,"_monsterinsights_sitenote_note":"","_monsterinsights_sitenote_category":0},"product_brand":[],"product_cat":[14009,12291],"product_tag":[],"class_list":{"0":"post-744664","1":"product","2":"type-product","3":"status-publish","5":"product_cat-biyografi-otobiyografi-edebiyat","6":"product_cat-edebiyat","7":"pa_cilt-ciltsiz","8":"pa_tur-kitap","9":"pa_yayinevi-cumhuriyet-kitaplari","10":"pa_yazar-zeynep-camak-atis","12":"first","13":"instock","14":"sale","15":"shipping-taxable","16":"purchasable","17":"product-type-simple"},"_links":{"self":[{"href":"https:\/\/roveyayinevi.com.tr\/index.php\/wp-json\/wp\/v2\/product\/744664","targetHints":{"allow":["GET"]}}],"collection":[{"href":"https:\/\/roveyayinevi.com.tr\/index.php\/wp-json\/wp\/v2\/product"}],"about":[{"href":"https:\/\/roveyayinevi.com.tr\/index.php\/wp-json\/wp\/v2\/types\/product"}],"wp:attachment":[{"href":"https:\/\/roveyayinevi.com.tr\/index.php\/wp-json\/wp\/v2\/media?parent=744664"}],"wp:term":[{"taxonomy":"product_brand","embeddable":true,"href":"https:\/\/roveyayinevi.com.tr\/index.php\/wp-json\/wp\/v2\/product_brand?post=744664"},{"taxonomy":"product_cat","embeddable":true,"href":"https:\/\/roveyayinevi.com.tr\/index.php\/wp-json\/wp\/v2\/product_cat?post=744664"},{"taxonomy":"product_tag","embeddable":true,"href":"https:\/\/roveyayinevi.com.tr\/index.php\/wp-json\/wp\/v2\/product_tag?post=744664"}],"curies":[{"name":"wp","href":"https:\/\/api.w.org\/{rel}","templated":true}]}}