{"id":744663,"date":"2025-08-28T02:02:08","date_gmt":"2025-08-27T23:02:08","guid":{"rendered":"https:\/\/roveyayinevi.com.tr\/index.php\/urun\/ataturkun-izmit-basin-toplantisi-100-yil\/"},"modified":"2026-04-16T02:56:37","modified_gmt":"2026-04-15T23:56:37","slug":"ataturkun-izmit-basin-toplantisi-100-yil","status":"publish","type":"product","link":"https:\/\/roveyayinevi.com.tr\/index.php\/urun\/ataturkun-izmit-basin-toplantisi-100-yil\/","title":{"rendered":"Atat\u00fcrk&#8217;\u00fcn \u0130zmit Bas\u0131n Toplant\u0131s\u0131 100. Y\u0131l"},"content":{"rendered":"<p>9 Eyl\u00fcl 1922\u2019de Kuvay\u0131 Milliye ordusu \u0130zmir\u2019e girmi\u015f ve zafere ula\u015fm\u0131\u015ft\u0131r. Bu zaferden 50 g\u00fcn sonra, 1 Kas\u0131m 1922\u2019de Saltanat kald\u0131r\u0131ld\u0131. Lozan Konferans\u0131 devam ediyordu. Hi\u00e7bir \u015fey belli de\u011fildi\u2026 Halifelik ne olacakt\u0131? Cumhuriyet kurulacak m\u0131yd\u0131? Devletin dini ne olacakt\u0131? K\u00fcrt sorunu nas\u0131l \u00e7\u00f6z\u00fclecekti? Atat\u00fcrk, 100 y\u0131l \u00f6nce bug\u00fcn de ge\u00e7erli bu sorulara yan\u0131t vermi\u015ftir. \u0130zmit\u2019te \u0130stanbul gazetelerinin ba\u015fyazarlar\u0131yla yap\u0131lan toplant\u0131 5 bu\u00e7uk saat s\u00fcrd\u00fc. Bu son derece \u00f6nemli toplant\u0131da konu\u015fulanlar\u0131 sunuyoruz. <\/p>\n","protected":false},"excerpt":{"rendered":"<p>9 Eyl\u00fcl 1922\u2019de Kuvay\u0131 Milliye ordusu \u0130zmir\u2019e girmi\u015f ve zafere ula\u015fm\u0131\u015ft\u0131r. Bu zaferden 50 g\u00fcn sonra, 1 Kas\u0131m 1922\u2019de Saltanat kald\u0131r\u0131ld\u0131. Lozan Konferans\u0131 devam ediyordu. Hi\u00e7bir<span class=\"excerpt-hellip\"> [\u2026]<\/span><\/p>\n","protected":false},"featured_media":0,"template":"","meta":{"_monsterinsights_skip_tracking":false,"_monsterinsights_sitenote_active":false,"_monsterinsights_sitenote_note":"","_monsterinsights_sitenote_category":0},"product_brand":[],"product_cat":[12304,13493],"product_tag":[],"class_list":{"0":"post-744663","1":"product","2":"type-product","3":"status-publish","5":"product_cat-tarih","6":"product_cat-turkiye-ve-cumhuriyet-tarihi","7":"pa_cilt-ciltsiz","8":"pa_tur-kitap","9":"pa_yayinevi-cumhuriyet-kitaplari","10":"pa_yazar-alev-coskun-isik-kansu","12":"first","13":"instock","14":"sale","15":"shipping-taxable","16":"purchasable","17":"product-type-simple"},"_links":{"self":[{"href":"https:\/\/roveyayinevi.com.tr\/index.php\/wp-json\/wp\/v2\/product\/744663","targetHints":{"allow":["GET"]}}],"collection":[{"href":"https:\/\/roveyayinevi.com.tr\/index.php\/wp-json\/wp\/v2\/product"}],"about":[{"href":"https:\/\/roveyayinevi.com.tr\/index.php\/wp-json\/wp\/v2\/types\/product"}],"wp:attachment":[{"href":"https:\/\/roveyayinevi.com.tr\/index.php\/wp-json\/wp\/v2\/media?parent=744663"}],"wp:term":[{"taxonomy":"product_brand","embeddable":true,"href":"https:\/\/roveyayinevi.com.tr\/index.php\/wp-json\/wp\/v2\/product_brand?post=744663"},{"taxonomy":"product_cat","embeddable":true,"href":"https:\/\/roveyayinevi.com.tr\/index.php\/wp-json\/wp\/v2\/product_cat?post=744663"},{"taxonomy":"product_tag","embeddable":true,"href":"https:\/\/roveyayinevi.com.tr\/index.php\/wp-json\/wp\/v2\/product_tag?post=744663"}],"curies":[{"name":"wp","href":"https:\/\/api.w.org\/{rel}","templated":true}]}}