{"id":744662,"date":"2025-08-28T02:02:07","date_gmt":"2025-08-27T23:02:07","guid":{"rendered":"https:\/\/roveyayinevi.com.tr\/index.php\/urun\/karma-bir-sebep-sonuc-kilavuzu\/"},"modified":"2026-04-16T02:56:37","modified_gmt":"2026-04-15T23:56:37","slug":"karma-bir-sebep-sonuc-kilavuzu","status":"publish","type":"product","link":"https:\/\/roveyayinevi.com.tr\/index.php\/urun\/karma-bir-sebep-sonuc-kilavuzu\/","title":{"rendered":"Karma Bir Sebep Sonu\u00e7 K\u0131lavuzu"},"content":{"rendered":"<p>\u201cAtt\u0131\u011f\u0131n her ad\u0131m, sana geri d\u00f6ner.\u201d Vedik gelene\u011fin kadim bilgeli\u011fini ve modern \u00e7a\u011flar\u0131n spirit\u00fcel bak\u0131\u015f a\u00e7\u0131s\u0131n\u0131 bir araya getiren Karma: Bir Sebep Sonu\u00e7 K\u0131lavuzu bizlere, bazen rastgele ve kontrolden \u00e7\u0131km\u0131\u015f gibi gelen ya\u015famlar\u0131m\u0131zda anlam ve amac\u0131 nas\u0131l bulabilece\u011fimizi g\u00f6steriyor. Spirit\u00fcel \u00f6\u011fretmen ve \u00f6d\u00fcll\u00fc yazar Jeffrey Armstrong, karma kavram\u0131na y\u00f6nelik bu ilgi \u00e7ekici ve etkileyici kitab\u0131nda reenkarnasyonu, ruhun derin gizemlerini, do\u011fa yasalar\u0131n\u0131, neden ve sonucun ya\u015famlar\u0131m\u0131z\u0131 nas\u0131l etkiledi\u011fini ele al\u0131yor. Bu kitap, var olan her \u015feyin birbiriyle ba\u011flant\u0131l\u0131 do\u011fas\u0131n\u0131 ortaya \u00e7\u0131karmak i\u00e7in, sebepler ve sonu\u00e7lar\u0131n birbirini izleyen gizemli do\u011fas\u0131 \u00fcst\u00fcndeki \u00f6rt\u00fcy\u00fc aral\u0131yor.<\/p>\n","protected":false},"excerpt":{"rendered":"<p>\u201cAtt\u0131\u011f\u0131n her ad\u0131m, sana geri d\u00f6ner.\u201d Vedik gelene\u011fin kadim bilgeli\u011fini ve modern \u00e7a\u011flar\u0131n spirit\u00fcel bak\u0131\u015f a\u00e7\u0131s\u0131n\u0131 bir araya getiren Karma: Bir Sebep Sonu\u00e7 K\u0131lavuzu bizlere, bazen<span class=\"excerpt-hellip\"> [\u2026]<\/span><\/p>\n","protected":false},"featured_media":0,"template":"","meta":{"_monsterinsights_skip_tracking":false,"_monsterinsights_sitenote_active":false,"_monsterinsights_sitenote_note":"","_monsterinsights_sitenote_category":0},"product_brand":[],"product_cat":[14787,13488],"product_tag":[],"class_list":{"0":"post-744662","1":"product","2":"type-product","3":"status-publish","5":"product_cat-diger-toplum-ve-insan","6":"product_cat-toplum-ve-insan","7":"pa_cilt-ciltsiz","8":"pa_tur-kitap","9":"pa_yayinevi-say-yayinlari","10":"pa_yazar-jeffrey-armstrong","12":"first","13":"instock","14":"sale","15":"shipping-taxable","16":"purchasable","17":"product-type-simple"},"_links":{"self":[{"href":"https:\/\/roveyayinevi.com.tr\/index.php\/wp-json\/wp\/v2\/product\/744662","targetHints":{"allow":["GET"]}}],"collection":[{"href":"https:\/\/roveyayinevi.com.tr\/index.php\/wp-json\/wp\/v2\/product"}],"about":[{"href":"https:\/\/roveyayinevi.com.tr\/index.php\/wp-json\/wp\/v2\/types\/product"}],"wp:attachment":[{"href":"https:\/\/roveyayinevi.com.tr\/index.php\/wp-json\/wp\/v2\/media?parent=744662"}],"wp:term":[{"taxonomy":"product_brand","embeddable":true,"href":"https:\/\/roveyayinevi.com.tr\/index.php\/wp-json\/wp\/v2\/product_brand?post=744662"},{"taxonomy":"product_cat","embeddable":true,"href":"https:\/\/roveyayinevi.com.tr\/index.php\/wp-json\/wp\/v2\/product_cat?post=744662"},{"taxonomy":"product_tag","embeddable":true,"href":"https:\/\/roveyayinevi.com.tr\/index.php\/wp-json\/wp\/v2\/product_tag?post=744662"}],"curies":[{"name":"wp","href":"https:\/\/api.w.org\/{rel}","templated":true}]}}