{"id":744661,"date":"2025-08-28T02:02:07","date_gmt":"2025-08-27T23:02:07","guid":{"rendered":"https:\/\/roveyayinevi.com.tr\/index.php\/urun\/bilim-ve-modern-dunya\/"},"modified":"2026-04-16T02:56:37","modified_gmt":"2026-04-15T23:56:37","slug":"bilim-ve-modern-dunya","status":"publish","type":"product","link":"https:\/\/roveyayinevi.com.tr\/index.php\/urun\/bilim-ve-modern-dunya\/","title":{"rendered":"Bilim ve Modern D\u00fcnya"},"content":{"rendered":"<p>Bilim ve Modern D\u00fcnyaWhitehead\u2019in belki de en \u00e7ok okunan felsefi eseri olan Bilim ve Modern D\u00fcnya, ana hatlar\u0131 itibar\u0131yla, 1925 y\u0131l\u0131nda Harvard \u00dcniversitesi\u2019nde verilen sekiz derslik Lowell Dersleri dizisine dayan\u0131r. Whitehead\u2019in kendisi bu kitab\u0131n \u201cge\u00e7ti\u011fimiz \u00fc\u00e7 y\u00fcz y\u0131l boyunca Bat\u0131 k\u00fclt\u00fcr\u00fcn\u00fcn, bilimin geli\u015fiminden etkilenen birtak\u0131m y\u00f6nlerine ili\u015fkin bir \u00e7al\u0131\u015fmay\u0131 somutla\u015ft\u0131rd\u0131\u011f\u0131\u201dn\u0131 yazar. \u201cKitab\u0131n p\u00fcf noktas\u0131\u201d der, \u201ch\u00e2kim bir felsefenin kar\u015f\u0131 koyulamaz \u00f6neminin duyumsanmas\u0131d\u0131r.\u201d John Dewey, Bilim ve Modern D\u00fcnya\u2019y\u0131 \u201cbilim, felsefe ve ya\u015fam\u0131n hen\u00fcz yeni beliren meseleleri aras\u0131ndaki mevcut ili\u015fkiler konusunda, genel okur a\u00e7\u0131s\u0131ndan en \u00f6nemli yeniden de\u011ferlendirme\u201d olarak adland\u0131r\u0131r. Herbert Read \u015f\u00f6yle yazar: \u201cBu, Descartes\u2019\u0131nY\u00f6ntem \u00dczerine Konu\u015fma\u2019s\u0131ndan bu yana, bilim ile felsefenin ortak sahas\u0131nda yay\u0131mlanm\u0131\u015f en \u00f6nemli kitapt\u0131r. B\u00fct\u00fcn ya\u015fam ve varl\u0131k kavram\u0131m\u0131zda bir devrimin i\u00e7eri\u011fini somutla\u015ft\u0131rmakta, sadece bilim ve felsefenin de\u011fil, dinin ve sanat\u0131n kategorilerini de yeniden yorumlamaya \u00e7al\u0131\u015fmaktad\u0131r.\u201d Ve JulianHuxley, \u201cbir d\u00f6neme damga vuran kitaplardan biri\u201d der.<\/p>\n","protected":false},"excerpt":{"rendered":"<p>Bilim ve Modern D\u00fcnyaWhitehead\u2019in belki de en \u00e7ok okunan felsefi eseri olan Bilim ve Modern D\u00fcnya, ana hatlar\u0131 itibar\u0131yla, 1925 y\u0131l\u0131nda Harvard \u00dcniversitesi\u2019nde verilen sekiz derslik<span class=\"excerpt-hellip\"> [\u2026]<\/span><\/p>\n","protected":false},"featured_media":0,"template":"","meta":{"_monsterinsights_skip_tracking":false,"_monsterinsights_sitenote_active":false,"_monsterinsights_sitenote_note":"","_monsterinsights_sitenote_category":0},"product_brand":[],"product_cat":[13005,15998],"product_tag":[],"class_list":{"0":"post-744661","1":"product","2":"type-product","3":"status-publish","5":"product_cat-bilim-muhendislik","6":"product_cat-bilim-tarihi","7":"pa_cilt-ciltsiz","8":"pa_tur-kitap","9":"pa_yayinevi-say-yayinlari","10":"pa_yazar-alfred-north-whitehead","12":"first","13":"instock","14":"sale","15":"shipping-taxable","16":"purchasable","17":"product-type-simple"},"_links":{"self":[{"href":"https:\/\/roveyayinevi.com.tr\/index.php\/wp-json\/wp\/v2\/product\/744661","targetHints":{"allow":["GET"]}}],"collection":[{"href":"https:\/\/roveyayinevi.com.tr\/index.php\/wp-json\/wp\/v2\/product"}],"about":[{"href":"https:\/\/roveyayinevi.com.tr\/index.php\/wp-json\/wp\/v2\/types\/product"}],"wp:attachment":[{"href":"https:\/\/roveyayinevi.com.tr\/index.php\/wp-json\/wp\/v2\/media?parent=744661"}],"wp:term":[{"taxonomy":"product_brand","embeddable":true,"href":"https:\/\/roveyayinevi.com.tr\/index.php\/wp-json\/wp\/v2\/product_brand?post=744661"},{"taxonomy":"product_cat","embeddable":true,"href":"https:\/\/roveyayinevi.com.tr\/index.php\/wp-json\/wp\/v2\/product_cat?post=744661"},{"taxonomy":"product_tag","embeddable":true,"href":"https:\/\/roveyayinevi.com.tr\/index.php\/wp-json\/wp\/v2\/product_tag?post=744661"}],"curies":[{"name":"wp","href":"https:\/\/api.w.org\/{rel}","templated":true}]}}