{"id":744660,"date":"2025-08-28T02:02:06","date_gmt":"2025-08-27T23:02:06","guid":{"rendered":"https:\/\/roveyayinevi.com.tr\/index.php\/urun\/akademik-erkeklikler\/"},"modified":"2026-04-16T02:56:37","modified_gmt":"2026-04-15T23:56:37","slug":"akademik-erkeklikler","status":"publish","type":"product","link":"https:\/\/roveyayinevi.com.tr\/index.php\/urun\/akademik-erkeklikler\/","title":{"rendered":"Akademik Erkeklikler"},"content":{"rendered":"<p>T\u00fcrkiye\u2019de evde, okulda, sokakta, siyasette\u2026 erke\u011fin hegemonyas\u0131n\u0131n oldu\u011funu g\u00f6rmekteyiz. Genel olarak, e\u011fitim seviyesi y\u00fckseldik\u00e7e toplumsal cinsiyete ili\u015fkin tutum ve davran\u0131\u015flar\u0131n modernize oldu\u011fu ve cinsiyet rolleri fark\u0131n\u0131n azald\u0131\u011f\u0131 d\u00fc\u015f\u00fcncesi yayg\u0131nd\u0131r. O halde e\u011fitim seviyesinin en \u201cy\u00fcksek\u201d oldu\u011fu alan olarak akademide toplumsal cinsiyet rolleri nas\u0131l i\u015fliyor? \u0130\u015fte Duygu Alt\u0131noluk bu \u00e7al\u0131\u015fmas\u0131nda \u201cakademide erkeklerin nas\u0131l hegemonyalar\u0131n\u0131 dayatt\u0131klar\u0131na\u201d odaklanmaktad\u0131r. Erkeklik, en kestirmeden, toplumsal olarak in\u015fa edilen ve devinim halinde olan bir olgudur. Ele\u015ftirel erkeklik \u00e7al\u0131\u015fmalar\u0131, Bat\u0131 ile k\u0131yaslay\u0131nca T\u00fcrkiye\u2019de olduk\u00e7a yeni bir aland\u0131r. T\u00fcrkiye\u2019deki erkeklik \u00e7al\u0131\u015fmalar\u0131 literat\u00fcr\u00fcne bak\u0131ld\u0131\u011f\u0131nda da genellikle alt sosyo-ekonomik konumda bulunan ve e\u011fitim d\u00fczeyi d\u00fc\u015f\u00fck erkekler ile onlar\u0131n erkeklik kimli\u011finin do\u011fas\u0131 \u00fczerine \u00e7al\u0131\u015f\u0131lm\u0131\u015ft\u0131r. Bu ba\u011flamda Alt\u0131noluk\u2019un akademideki erkekli\u011fi \u00e7al\u0131\u015fmas\u0131, literat\u00fcre \u00f6nemli bir katk\u0131y\u0131 ifade etmektedir.<\/p>\n","protected":false},"excerpt":{"rendered":"<p>T\u00fcrkiye\u2019de evde, okulda, sokakta, siyasette\u2026 erke\u011fin hegemonyas\u0131n\u0131n oldu\u011funu g\u00f6rmekteyiz. Genel olarak, e\u011fitim seviyesi y\u00fckseldik\u00e7e toplumsal cinsiyete ili\u015fkin tutum ve davran\u0131\u015flar\u0131n modernize oldu\u011fu ve cinsiyet rolleri fark\u0131n\u0131n<span class=\"excerpt-hellip\"> [\u2026]<\/span><\/p>\n","protected":false},"featured_media":0,"template":"","meta":{"_monsterinsights_skip_tracking":false,"_monsterinsights_sitenote_active":false,"_monsterinsights_sitenote_note":"","_monsterinsights_sitenote_category":0},"product_brand":[],"product_cat":[12325,12324],"product_tag":[],"class_list":{"0":"post-744660","1":"product","2":"type-product","3":"status-publish","5":"product_cat-diger-sosyoloji","6":"product_cat-sosyoloji","7":"pa_cilt-ciltsiz","8":"pa_tur-kitap","9":"pa_yayinevi-toz-yayinlari","10":"pa_yazar-duygu-altinoluk","12":"first","13":"instock","14":"sale","15":"shipping-taxable","16":"purchasable","17":"product-type-simple"},"_links":{"self":[{"href":"https:\/\/roveyayinevi.com.tr\/index.php\/wp-json\/wp\/v2\/product\/744660","targetHints":{"allow":["GET"]}}],"collection":[{"href":"https:\/\/roveyayinevi.com.tr\/index.php\/wp-json\/wp\/v2\/product"}],"about":[{"href":"https:\/\/roveyayinevi.com.tr\/index.php\/wp-json\/wp\/v2\/types\/product"}],"wp:attachment":[{"href":"https:\/\/roveyayinevi.com.tr\/index.php\/wp-json\/wp\/v2\/media?parent=744660"}],"wp:term":[{"taxonomy":"product_brand","embeddable":true,"href":"https:\/\/roveyayinevi.com.tr\/index.php\/wp-json\/wp\/v2\/product_brand?post=744660"},{"taxonomy":"product_cat","embeddable":true,"href":"https:\/\/roveyayinevi.com.tr\/index.php\/wp-json\/wp\/v2\/product_cat?post=744660"},{"taxonomy":"product_tag","embeddable":true,"href":"https:\/\/roveyayinevi.com.tr\/index.php\/wp-json\/wp\/v2\/product_tag?post=744660"}],"curies":[{"name":"wp","href":"https:\/\/api.w.org\/{rel}","templated":true}]}}