{"id":744658,"date":"2025-08-28T02:02:03","date_gmt":"2025-08-27T23:02:03","guid":{"rendered":"https:\/\/roveyayinevi.com.tr\/index.php\/urun\/ay-paramparca\/"},"modified":"2026-04-03T03:00:08","modified_gmt":"2026-04-03T00:00:08","slug":"ay-paramparca","status":"publish","type":"product","link":"https:\/\/roveyayinevi.com.tr\/index.php\/urun\/ay-paramparca\/","title":{"rendered":"Ay Parampar\u00e7a"},"content":{"rendered":"<p>Ay parampar\u00e7aYaral\u0131 bir ceylan A\u00e7 kurtlar gibi Sarm\u0131\u015f d\u00f6rt yan\u0131n\u0131 Bulutlar Ay parampar\u00e7a Yaral\u0131 bir ceylan gibi.<\/p>\n","protected":false},"excerpt":{"rendered":"<p>Ay parampar\u00e7aYaral\u0131 bir ceylan A\u00e7 kurtlar gibi Sarm\u0131\u015f d\u00f6rt yan\u0131n\u0131 Bulutlar Ay parampar\u00e7a Yaral\u0131 bir ceylan gibi.<\/p>\n","protected":false},"featured_media":0,"template":"","meta":{"_monsterinsights_skip_tracking":false,"_monsterinsights_sitenote_active":false,"_monsterinsights_sitenote_note":"","_monsterinsights_sitenote_category":0},"product_brand":[],"product_cat":[12291,12509],"product_tag":[],"class_list":{"0":"post-744658","1":"product","2":"type-product","3":"status-publish","5":"product_cat-edebiyat","6":"product_cat-siir","7":"pa_cilt-ciltsiz","8":"pa_tur-kitap","9":"pa_yayinevi-kuytu-yayinlari","10":"pa_yazar-dunyasi-guzel-ergun","12":"first","13":"instock","14":"sale","15":"shipping-taxable","16":"purchasable","17":"product-type-simple"},"_links":{"self":[{"href":"https:\/\/roveyayinevi.com.tr\/index.php\/wp-json\/wp\/v2\/product\/744658","targetHints":{"allow":["GET"]}}],"collection":[{"href":"https:\/\/roveyayinevi.com.tr\/index.php\/wp-json\/wp\/v2\/product"}],"about":[{"href":"https:\/\/roveyayinevi.com.tr\/index.php\/wp-json\/wp\/v2\/types\/product"}],"wp:attachment":[{"href":"https:\/\/roveyayinevi.com.tr\/index.php\/wp-json\/wp\/v2\/media?parent=744658"}],"wp:term":[{"taxonomy":"product_brand","embeddable":true,"href":"https:\/\/roveyayinevi.com.tr\/index.php\/wp-json\/wp\/v2\/product_brand?post=744658"},{"taxonomy":"product_cat","embeddable":true,"href":"https:\/\/roveyayinevi.com.tr\/index.php\/wp-json\/wp\/v2\/product_cat?post=744658"},{"taxonomy":"product_tag","embeddable":true,"href":"https:\/\/roveyayinevi.com.tr\/index.php\/wp-json\/wp\/v2\/product_tag?post=744658"}],"curies":[{"name":"wp","href":"https:\/\/api.w.org\/{rel}","templated":true}]}}