{"id":744657,"date":"2025-08-28T02:02:02","date_gmt":"2025-08-27T23:02:02","guid":{"rendered":"https:\/\/roveyayinevi.com.tr\/index.php\/urun\/defne-yolu\/"},"modified":"2026-04-16T02:56:37","modified_gmt":"2026-04-15T23:56:37","slug":"defne-yolu","status":"publish","type":"product","link":"https:\/\/roveyayinevi.com.tr\/index.php\/urun\/defne-yolu\/","title":{"rendered":"Defne Yolu"},"content":{"rendered":"<p>Sevgi, bar\u0131\u015f ve karde\u015flik \u015fehri Hatay!8 bin y\u0131ll\u0131k ge\u00e7mi\u015fiyle 13 medeniyete ev sahipli\u011fi yapm\u0131\u015f, kaz\u0131lan her bir kar\u0131\u015f topra\u011f\u0131n alt\u0131ndan tarih ve k\u00fclt\u00fcr f\u0131\u015fk\u0131ran medeniyetler \u015fehri! Gezip g\u00f6r\u00fclmeye de\u011fer yerler\u2026 Sakl\u0131 kalm\u0131\u015f g\u00fczellikler\u2026 Milattan \u00f6ncesine dayanan zengin bir tarih\u2026 Asi Nehri\u2019nin bereketlendirdi\u011fi topraklarda ya\u015fanm\u0131\u015f efsaneler\u2026 Sadece k\u00fclt\u00fcr\u00fc de\u011fil sanatsal de\u011ferleri de belirleyerek Hatay insan\u0131na kimli\u011fini veren Akdeniz. Kimi zaman yak\u0131p kavuran kimi zaman k\u00fcllenip durulan ama hi\u00e7 ge\u00e7meyen bir a\u015fk. Tutkulu a\u015fklar\u0131n dans etti\u011fi bu gizemli ve efsanevi topraklar\u0131n havas\u0131n\u0131 ci\u011ferleriyle de\u011fil y\u00fcrekleriyle soluyanlar, \u00e2\u015f\u0131k olman\u0131n nefes almak kadar do\u011fal bir eylem oldu\u011funu ayr\u0131msarlar. Ve Hatay onlar i\u00e7in vaz ge\u00e7ilmez bir tutkudur. <\/p>\n","protected":false},"excerpt":{"rendered":"<p>Sevgi, bar\u0131\u015f ve karde\u015flik \u015fehri Hatay!8 bin y\u0131ll\u0131k ge\u00e7mi\u015fiyle 13 medeniyete ev sahipli\u011fi yapm\u0131\u015f, kaz\u0131lan her bir kar\u0131\u015f topra\u011f\u0131n alt\u0131ndan tarih ve k\u00fclt\u00fcr f\u0131\u015fk\u0131ran medeniyetler \u015fehri!<span class=\"excerpt-hellip\"> [\u2026]<\/span><\/p>\n","protected":false},"featured_media":0,"template":"","meta":{"_monsterinsights_skip_tracking":false,"_monsterinsights_sitenote_active":false,"_monsterinsights_sitenote_note":"","_monsterinsights_sitenote_category":0},"product_brand":[],"product_cat":[13054,88605],"product_tag":[],"class_list":{"0":"post-744657","1":"product","2":"type-product","3":"status-publish","5":"product_cat-gezi-ve-rehber-kitaplari","6":"product_cat-turkiye-rehberi","7":"pa_cilt-ciltsiz","8":"pa_tur-kitap","9":"pa_yayinevi-kuytu-yayinlari","10":"pa_yazar-semra-b-l-tras","12":"first","13":"instock","14":"sale","15":"shipping-taxable","16":"purchasable","17":"product-type-simple"},"_links":{"self":[{"href":"https:\/\/roveyayinevi.com.tr\/index.php\/wp-json\/wp\/v2\/product\/744657","targetHints":{"allow":["GET"]}}],"collection":[{"href":"https:\/\/roveyayinevi.com.tr\/index.php\/wp-json\/wp\/v2\/product"}],"about":[{"href":"https:\/\/roveyayinevi.com.tr\/index.php\/wp-json\/wp\/v2\/types\/product"}],"wp:attachment":[{"href":"https:\/\/roveyayinevi.com.tr\/index.php\/wp-json\/wp\/v2\/media?parent=744657"}],"wp:term":[{"taxonomy":"product_brand","embeddable":true,"href":"https:\/\/roveyayinevi.com.tr\/index.php\/wp-json\/wp\/v2\/product_brand?post=744657"},{"taxonomy":"product_cat","embeddable":true,"href":"https:\/\/roveyayinevi.com.tr\/index.php\/wp-json\/wp\/v2\/product_cat?post=744657"},{"taxonomy":"product_tag","embeddable":true,"href":"https:\/\/roveyayinevi.com.tr\/index.php\/wp-json\/wp\/v2\/product_tag?post=744657"}],"curies":[{"name":"wp","href":"https:\/\/api.w.org\/{rel}","templated":true}]}}