{"id":744656,"date":"2025-08-28T02:02:02","date_gmt":"2025-08-27T23:02:02","guid":{"rendered":"https:\/\/roveyayinevi.com.tr\/index.php\/urun\/aski-bulmanin-yolu\/"},"modified":"2026-04-16T02:56:37","modified_gmt":"2026-04-15T23:56:37","slug":"aski-bulmanin-yolu","status":"publish","type":"product","link":"https:\/\/roveyayinevi.com.tr\/index.php\/urun\/aski-bulmanin-yolu\/","title":{"rendered":"A\u015fk\u0131 Bulman\u0131n Yolu"},"content":{"rendered":"<p>Nas\u0131l bir hayat ya\u015fayaca\u011f\u0131m\u0131za dair alaca\u011f\u0131m\u0131z en \u00f6nemli kararlardan biri, ku\u015fkusuz hayat arkada\u015f\u0131m\u0131z\u0131 se\u00e7mek. Partnerimizi se\u00e7erken duygular\u0131m\u0131z, ge\u00e7mi\u015ften bug\u00fcne ta\u015f\u0131d\u0131\u011f\u0131m\u0131z \u00fcst\u00fc kabuk ba\u011flam\u0131\u015f ama i\u00e7eride h\u00e2l\u00e2 taze yaralar\u0131m\u0131z ve hatta i\u00e7g\u00fcd\u00fclerimiz \u00f6ylesine bask\u0131n geliyor ki mutluluk yolunda do\u011fru ad\u0131mlar\u0131 bir t\u00fcrl\u00fc atam\u0131yoruz. Her yanl\u0131\u015f denemenin sonucunda, en iyi ihtimalle bir miktar hayal k\u0131r\u0131kl\u0131\u011f\u0131ndan, en k\u00f6t\u00fc durumda ise kay\u0131p uzun y\u0131llardan ve a\u015fka dair derin umutsuzluktan mustarip oluyoruz. Bu kitap, neden baz\u0131 insanlar\u0131n bize uygun olmasa bile \u00e7ekici geldi\u011fini, al\u0131\u015fkanl\u0131k kal\u0131plar\u0131m\u0131z\u0131n bizi hatalara nas\u0131l s\u00fcr\u00fckledi\u011fini, a\u015fkta fark etmeden kendimizi nas\u0131l \u00e7\u0131kmazlara soktu\u011fumuzu t\u00fcm y\u00f6nleriyle anlat\u0131yor. A\u015fkta daha yarat\u0131c\u0131 ve g\u00fcvenli se\u00e7imler yap\u0131p uzun s\u00fcreli mutlulu\u011fa ad\u0131m atman\u0131n haritas\u0131n\u0131 \u00e7iziyor. A\u015fk\u0131 Bulman\u0131n Yolu, mutluluk ihtimalimizi kendi ellerimizle nas\u0131l sabote etti\u011fimizi a\u00e7\u0131klayan, a\u015fkta bilin\u00e7li ve ak\u0131lc\u0131 tercihler yapmam\u0131za yard\u0131m eden kapsaml\u0131 bir rehber.   Alain de Botton \u00f6nc\u00fcl\u00fc\u011f\u00fcnde kurulan, en kal\u0131c\u0131 sorunlar\u0131m\u0131z\u0131n kendimizi yeterince anlayamamaktan, \u015fefkat ve ileti\u015fim eksikli\u011finden kaynakland\u0131\u011f\u0131na inanan The School of Life\u2019\u0131n (Hayat Okulu) amac\u0131 duygusal zek\u00e2y\u0131 geli\u015ftirmek, okurlar\u0131 e\u011flendirmek, e\u011fitmek, avutmak ve de\u011fi\u015ftirmektir. A\u015fk\u0131 Bulman\u0131n Yolu, hayat arkada\u015flar\u0131m\u0131z\u0131 se\u00e7erken yapt\u0131\u011f\u0131m\u0131z yanl\u0131\u015flar\u0131 ortadan kald\u0131rmay\u0131, bize daha ger\u00e7ek\u00e7i ve s\u00fcrd\u00fcr\u00fclebilir mutlulu\u011fa y\u00f6nelik bir yol haritas\u0131 \u00e7izmeyi hedefliyor. Kendimizle y\u00fczle\u015firken ili\u015fkilerimizdeki sorunlar\u0131 ortadan kald\u0131racak e\u011flenceli ve ufuk a\u00e7\u0131c\u0131 bir rehber. <\/p>\n","protected":false},"excerpt":{"rendered":"<p>Nas\u0131l bir hayat ya\u015fayaca\u011f\u0131m\u0131za dair alaca\u011f\u0131m\u0131z en \u00f6nemli kararlardan biri, ku\u015fkusuz hayat arkada\u015f\u0131m\u0131z\u0131 se\u00e7mek. Partnerimizi se\u00e7erken duygular\u0131m\u0131z, ge\u00e7mi\u015ften bug\u00fcne ta\u015f\u0131d\u0131\u011f\u0131m\u0131z \u00fcst\u00fc kabuk ba\u011flam\u0131\u015f ama i\u00e7eride h\u00e2l\u00e2<span class=\"excerpt-hellip\"> [\u2026]<\/span><\/p>\n","protected":false},"featured_media":0,"template":"","meta":{"_monsterinsights_skip_tracking":false,"_monsterinsights_sitenote_active":false,"_monsterinsights_sitenote_note":"","_monsterinsights_sitenote_category":0},"product_brand":[],"product_cat":[12364,12376],"product_tag":[],"class_list":{"0":"post-744656","1":"product","2":"type-product","3":"status-publish","5":"product_cat-genel-konular","6":"product_cat-kisisel-gelisim","7":"pa_cilt-ciltsiz","8":"pa_tur-kitap","9":"pa_yayinevi-artemis-yayinlari","10":"pa_yazar-alain-de-botton","12":"first","13":"instock","14":"sale","15":"shipping-taxable","16":"purchasable","17":"product-type-simple"},"_links":{"self":[{"href":"https:\/\/roveyayinevi.com.tr\/index.php\/wp-json\/wp\/v2\/product\/744656","targetHints":{"allow":["GET"]}}],"collection":[{"href":"https:\/\/roveyayinevi.com.tr\/index.php\/wp-json\/wp\/v2\/product"}],"about":[{"href":"https:\/\/roveyayinevi.com.tr\/index.php\/wp-json\/wp\/v2\/types\/product"}],"wp:attachment":[{"href":"https:\/\/roveyayinevi.com.tr\/index.php\/wp-json\/wp\/v2\/media?parent=744656"}],"wp:term":[{"taxonomy":"product_brand","embeddable":true,"href":"https:\/\/roveyayinevi.com.tr\/index.php\/wp-json\/wp\/v2\/product_brand?post=744656"},{"taxonomy":"product_cat","embeddable":true,"href":"https:\/\/roveyayinevi.com.tr\/index.php\/wp-json\/wp\/v2\/product_cat?post=744656"},{"taxonomy":"product_tag","embeddable":true,"href":"https:\/\/roveyayinevi.com.tr\/index.php\/wp-json\/wp\/v2\/product_tag?post=744656"}],"curies":[{"name":"wp","href":"https:\/\/api.w.org\/{rel}","templated":true}]}}