{"id":744653,"date":"2025-08-28T02:01:57","date_gmt":"2025-08-27T23:01:57","guid":{"rendered":"https:\/\/roveyayinevi.com.tr\/index.php\/urun\/koy-hekimi-ciltli\/"},"modified":"2026-04-16T02:56:37","modified_gmt":"2026-04-15T23:56:37","slug":"koy-hekimi-ciltli","status":"publish","type":"product","link":"https:\/\/roveyayinevi.com.tr\/index.php\/urun\/koy-hekimi-ciltli\/","title":{"rendered":"K\u00f6y Hekimi (Ciltli)"},"content":{"rendered":"<p>Burhan Cahit Morkaya\u2019n\u0131n ilk kez 1932 y\u0131l\u0131nda \u0130stanbul\u2019daki \u0130kbal Matbaas\u0131\u2019nda bas\u0131lan roman\u0131 K\u00f6y Hekimi, Suat Naci isimli gen\u00e7 bir doktorun Isparta\u2019n\u0131n Bademli kasabas\u0131nda ba\u015f\u0131ndan ge\u00e7enleri okurla bulu\u015fturur.   Burhan Cahit\u2019in Mill\u00ee M\u00fccadele\u2019ye odakland\u0131\u011f\u0131 ve b\u00fct\u00fcn bir sava\u015f s\u00fcrecini Bademli kasabas\u0131n\u0131n sakinleri \u00fczerinden anlatt\u0131\u011f\u0131 K\u00f6y Hekimi, babas\u0131z b\u00fcy\u00fcyen \u00e7ocuklar\u0131, kendi kendine yetme m\u00fccadelesi veren insanlar\u0131, erkeklerin cepheye s\u00fcr\u00fcklendi\u011fi bir ortamda b\u00fct\u00fcn i\u015f y\u00fck\u00fcn\u00fc \u00fcstlenmek zorunda kalan kad\u0131nlar\u0131n m\u00fccadelesini ve sava\u015f\u0131n halk \u00fczerindeki y\u0131k\u0131c\u0131 tesirlerini incelikli bir \u015fekilde anlat\u0131r.   \u015eehir ile kasaban\u0131n, I. Cihan Harbi ile Mill\u00ee M\u00fccadele\u2019nin, m\u00fctevazilik ile hamasetin, cehalet ile kibrin s\u0131k s\u0131k kar\u015f\u0131 kar\u015f\u0131ya geldi\u011fi bir eser olan K\u00f6y Hekimi, okurlara \u00fclkenin kurulu\u015f y\u0131llar\u0131nda Anadolu\u2019da neler ya\u015fand\u0131\u011f\u0131n\u0131 Anadolular \u00fczerinden anlatan bir roman\u2026<\/p>\n","protected":false},"excerpt":{"rendered":"<p>Burhan Cahit Morkaya\u2019n\u0131n ilk kez 1932 y\u0131l\u0131nda \u0130stanbul\u2019daki \u0130kbal Matbaas\u0131\u2019nda bas\u0131lan roman\u0131 K\u00f6y Hekimi, Suat Naci isimli gen\u00e7 bir doktorun Isparta\u2019n\u0131n Bademli kasabas\u0131nda ba\u015f\u0131ndan ge\u00e7enleri okurla<span class=\"excerpt-hellip\"> [\u2026]<\/span><\/p>\n","protected":false},"featured_media":0,"template":"","meta":{"_monsterinsights_skip_tracking":false,"_monsterinsights_sitenote_active":false,"_monsterinsights_sitenote_note":"","_monsterinsights_sitenote_category":0},"product_brand":[],"product_cat":[12291,12711],"product_tag":[],"class_list":{"0":"post-744653","1":"product","2":"type-product","3":"status-publish","5":"product_cat-edebiyat","6":"product_cat-roman-oyku","7":"pa_cilt-ciltli","8":"pa_tur-kitap","9":"pa_yayinevi-otuken-nesriyat","10":"pa_yazar-burhan-cahit-morkaya","12":"first","13":"instock","14":"sale","15":"shipping-taxable","16":"purchasable","17":"product-type-simple"},"_links":{"self":[{"href":"https:\/\/roveyayinevi.com.tr\/index.php\/wp-json\/wp\/v2\/product\/744653","targetHints":{"allow":["GET"]}}],"collection":[{"href":"https:\/\/roveyayinevi.com.tr\/index.php\/wp-json\/wp\/v2\/product"}],"about":[{"href":"https:\/\/roveyayinevi.com.tr\/index.php\/wp-json\/wp\/v2\/types\/product"}],"wp:attachment":[{"href":"https:\/\/roveyayinevi.com.tr\/index.php\/wp-json\/wp\/v2\/media?parent=744653"}],"wp:term":[{"taxonomy":"product_brand","embeddable":true,"href":"https:\/\/roveyayinevi.com.tr\/index.php\/wp-json\/wp\/v2\/product_brand?post=744653"},{"taxonomy":"product_cat","embeddable":true,"href":"https:\/\/roveyayinevi.com.tr\/index.php\/wp-json\/wp\/v2\/product_cat?post=744653"},{"taxonomy":"product_tag","embeddable":true,"href":"https:\/\/roveyayinevi.com.tr\/index.php\/wp-json\/wp\/v2\/product_tag?post=744653"}],"curies":[{"name":"wp","href":"https:\/\/api.w.org\/{rel}","templated":true}]}}