{"id":744650,"date":"2025-08-28T02:01:53","date_gmt":"2025-08-27T23:01:53","guid":{"rendered":"https:\/\/roveyayinevi.com.tr\/index.php\/urun\/robinson-crusoe-fleksi-kapak\/"},"modified":"2026-04-16T02:56:37","modified_gmt":"2026-04-15T23:56:37","slug":"robinson-crusoe-fleksi-kapak","status":"publish","type":"product","link":"https:\/\/roveyayinevi.com.tr\/index.php\/urun\/robinson-crusoe-fleksi-kapak\/","title":{"rendered":"Robinson Crusoe (Fleksi Kapak)"},"content":{"rendered":"<p>Maceray\u0131 seven ve deniz tutkunu olan gen\u00e7 Robinson iki kez ge\u00e7irdi\u011fi f\u0131rt\u0131nal\u0131 deniz kazas\u0131ndan sonra yolculuklar\u0131na ara verir.   Ama k\u0131sa bir s\u00fcre sonra tutkusuna engel olamad\u0131\u011f\u0131 i\u00e7in tekrar denizlere a\u00e7\u0131l\u0131r. Bu kez yine b\u00fcy\u00fck bir f\u0131rt\u0131naya kap\u0131l\u0131r. Sonu\u00e7ta gemiden tek kurtulan kendisi olur ve \u0131ss\u0131z bir adaya d\u00fc\u015fer. Burada hayatta kalma m\u00fccadelesi ba\u015flar.   Robinson Crusoe, klasik Bat\u0131 edebiyat\u0131n\u0131n \u00f6nemli eserlerindendir ve \u0130ngiliz edebiyat\u0131n\u0131n ilk yetkin eseri olarak kabul edilmektedir. Ayn\u0131 zamanda \u201c\u0131ss\u0131z ada\u201d konusunu i\u015fleyen ilk roman olma \u00f6zelli\u011fine de sahiptir. Don Ki\u015fot\u2019tan sonra en \u00e7ok okunan edebiyat yap\u0131tlar\u0131ndan olan Robinson Crusoe, anlat\u0131m\u0131yla, olaylar\u0131n ser\u00fcven \u015feklinde geli\u015fmesiyle d\u00fcnya klasikleri aras\u0131nda se\u00e7kin bir yer edinmi\u015ftir. <\/p>\n","protected":false},"excerpt":{"rendered":"<p>Maceray\u0131 seven ve deniz tutkunu olan gen\u00e7 Robinson iki kez ge\u00e7irdi\u011fi f\u0131rt\u0131nal\u0131 deniz kazas\u0131ndan sonra yolculuklar\u0131na ara verir. Ama k\u0131sa bir s\u00fcre sonra tutkusuna engel olamad\u0131\u011f\u0131<span class=\"excerpt-hellip\"> [\u2026]<\/span><\/p>\n","protected":false},"featured_media":0,"template":"","meta":{"_monsterinsights_skip_tracking":false,"_monsterinsights_sitenote_active":false,"_monsterinsights_sitenote_note":"","_monsterinsights_sitenote_category":0},"product_brand":[],"product_cat":[12689,12274],"product_tag":[],"class_list":{"0":"post-744650","1":"product","2":"type-product","3":"status-publish","5":"product_cat-cizgi-roman-cocuk-ve-genclik-kitaplari","6":"product_cat-cocuk-ve-genclik-kitaplari","7":"pa_cilt-ciltsiz","8":"pa_tur-kitap","9":"pa_yayinevi-remzi-kitabevi","10":"pa_yazar-daniel-defoe","12":"first","13":"instock","14":"sale","15":"shipping-taxable","16":"purchasable","17":"product-type-simple"},"_links":{"self":[{"href":"https:\/\/roveyayinevi.com.tr\/index.php\/wp-json\/wp\/v2\/product\/744650","targetHints":{"allow":["GET"]}}],"collection":[{"href":"https:\/\/roveyayinevi.com.tr\/index.php\/wp-json\/wp\/v2\/product"}],"about":[{"href":"https:\/\/roveyayinevi.com.tr\/index.php\/wp-json\/wp\/v2\/types\/product"}],"wp:attachment":[{"href":"https:\/\/roveyayinevi.com.tr\/index.php\/wp-json\/wp\/v2\/media?parent=744650"}],"wp:term":[{"taxonomy":"product_brand","embeddable":true,"href":"https:\/\/roveyayinevi.com.tr\/index.php\/wp-json\/wp\/v2\/product_brand?post=744650"},{"taxonomy":"product_cat","embeddable":true,"href":"https:\/\/roveyayinevi.com.tr\/index.php\/wp-json\/wp\/v2\/product_cat?post=744650"},{"taxonomy":"product_tag","embeddable":true,"href":"https:\/\/roveyayinevi.com.tr\/index.php\/wp-json\/wp\/v2\/product_tag?post=744650"}],"curies":[{"name":"wp","href":"https:\/\/api.w.org\/{rel}","templated":true}]}}