{"id":744648,"date":"2025-08-28T02:01:50","date_gmt":"2025-08-27T23:01:50","guid":{"rendered":"https:\/\/roveyayinevi.com.tr\/index.php\/urun\/masalsi\/"},"modified":"2026-04-16T02:56:37","modified_gmt":"2026-04-15T23:56:37","slug":"masalsi","status":"publish","type":"product","link":"https:\/\/roveyayinevi.com.tr\/index.php\/urun\/masalsi\/","title":{"rendered":"Masals\u0131"},"content":{"rendered":"<p>Su\u00e7un ve pi\u015fmanl\u0131k duygusunun tarihiyle yaz\u0131n\u0131n tarihi ayn\u0131 g\u00fcn ba\u015flam\u0131\u015f olmal\u0131yd\u0131. Ah benim suskun kahramanl\u0131\u011f\u0131m\u2026 Telleri kopar\u0131lm\u0131\u015f bir keman gibi suskun kalmak\u2026 \u0130\u00e7indeki ses olma ta\u015fk\u0131n\u0131n\u0131 susarak d\u00fc\u015f\u00fcnmeyi ba\u015farabilmek\u2026 G\u00f6z, s\u00f6z, yaz\u0131, d\u00fc\u015f, d\u00fc\u015flem, tutku, heyecan, eylem\u2026 Yan\u0131lg\u0131, su\u00e7luluk duygusu, pi\u015fmanl\u0131k&#8230; Bask\u0131lanm\u0131\u015f bir isyan; g\u00f6ren g\u00f6z, yasaklanm\u0131\u015f bir dilin kekemeli\u011fi\u2026 Suskunluk\u2026 Nas\u0131l s\u0131\u011far bunca duygu bir ruhun karanl\u0131k kuyusuna\u2026 Unutulmak istenen en unutulmayacak oland\u0131r belki\u2026 Yaz\u0131, para, devlet\u2026 Uygarl\u0131\u011f\u0131n \u00f6\u011feleri. Do\u011fu toplumlar\u0131 i\u00e7in ayak ba\u011f\u0131. Hayat i\u015fte\u2026 Kuruntu olmamal\u0131. S\u00f6z. Yaz\u0131. Yan\u0131lg\u0131. Hop! Hadi bakal\u0131m, kurtul \u015fimdi bu kuyudan. Bir do\u011fa m\u00fccadelesiyle ba\u015f ba\u015fa giden yazma hik\u00e2yesi; masals\u0131 bir a\u015fkla donan\u0131nca, b\u00f6yle bir roman do\u011fuyor i\u015fte\u2026 <\/p>\n","protected":false},"excerpt":{"rendered":"<p>Su\u00e7un ve pi\u015fmanl\u0131k duygusunun tarihiyle yaz\u0131n\u0131n tarihi ayn\u0131 g\u00fcn ba\u015flam\u0131\u015f olmal\u0131yd\u0131. Ah benim suskun kahramanl\u0131\u011f\u0131m\u2026 Telleri kopar\u0131lm\u0131\u015f bir keman gibi suskun kalmak\u2026 \u0130\u00e7indeki ses olma ta\u015fk\u0131n\u0131n\u0131<span class=\"excerpt-hellip\"> [\u2026]<\/span><\/p>\n","protected":false},"featured_media":0,"template":"","meta":{"_monsterinsights_skip_tracking":false,"_monsterinsights_sitenote_active":false,"_monsterinsights_sitenote_note":"","_monsterinsights_sitenote_category":0},"product_brand":[],"product_cat":[12291,12711],"product_tag":[],"class_list":{"0":"post-744648","1":"product","2":"type-product","3":"status-publish","5":"product_cat-edebiyat","6":"product_cat-roman-oyku","7":"pa_cilt-ciltsiz","8":"pa_tur-kitap","9":"pa_yayinevi-abis-yayincilik","10":"pa_yazar-alper-akcam","12":"first","13":"instock","14":"sale","15":"shipping-taxable","16":"purchasable","17":"product-type-simple"},"_links":{"self":[{"href":"https:\/\/roveyayinevi.com.tr\/index.php\/wp-json\/wp\/v2\/product\/744648","targetHints":{"allow":["GET"]}}],"collection":[{"href":"https:\/\/roveyayinevi.com.tr\/index.php\/wp-json\/wp\/v2\/product"}],"about":[{"href":"https:\/\/roveyayinevi.com.tr\/index.php\/wp-json\/wp\/v2\/types\/product"}],"wp:attachment":[{"href":"https:\/\/roveyayinevi.com.tr\/index.php\/wp-json\/wp\/v2\/media?parent=744648"}],"wp:term":[{"taxonomy":"product_brand","embeddable":true,"href":"https:\/\/roveyayinevi.com.tr\/index.php\/wp-json\/wp\/v2\/product_brand?post=744648"},{"taxonomy":"product_cat","embeddable":true,"href":"https:\/\/roveyayinevi.com.tr\/index.php\/wp-json\/wp\/v2\/product_cat?post=744648"},{"taxonomy":"product_tag","embeddable":true,"href":"https:\/\/roveyayinevi.com.tr\/index.php\/wp-json\/wp\/v2\/product_tag?post=744648"}],"curies":[{"name":"wp","href":"https:\/\/api.w.org\/{rel}","templated":true}]}}