{"id":744647,"date":"2025-08-28T02:01:48","date_gmt":"2025-08-27T23:01:48","guid":{"rendered":"https:\/\/roveyayinevi.com.tr\/index.php\/urun\/gule-gule-sevgilim\/"},"modified":"2026-04-16T02:56:37","modified_gmt":"2026-04-15T23:56:37","slug":"gule-gule-sevgilim","status":"publish","type":"product","link":"https:\/\/roveyayinevi.com.tr\/index.php\/urun\/gule-gule-sevgilim\/","title":{"rendered":"G\u00fcle G\u00fcle Sevgilim"},"content":{"rendered":"<p>d\u00fcn gece ya\u011fmur ya\u011fm\u0131\u015f perdeleri s\u0131k\u0131 s\u0131k\u0131ya kapal\u0131 kapkara trenler ge\u00e7erken i\u00e7imden a\u011f\u0131rdan a\u011far\u0131rken tan \/ sessiz ve derinden bilemedim \/ nas\u0131l ve nereden selam\u0131n \u00e7\u0131k\u0131p geldi \/ \u00f6l\u00fc bir ku\u015fun t\u00fcylerinden yaln\u0131zl\u0131klar\u0131n sar\u0131p sarmalad\u0131\u011f\u0131 bir geceden bir sapan lasti\u011finde ta\u015f oldu y\u00fcre\u011fim sonu gelmeyecek bir g\u00fcnah\u0131n tela\u015f\u0131 doldu i\u00e7ime a\u011flad\u0131m \/ i\u00e7imdeki tutsakl\u0131\u011f\u0131na a\u00e7t\u0131m yery\u00fcz\u00fcn\u00fcn t\u00fcm pencerelerini g\u00fcle g\u00fcle sevgilim\u2026 <\/p>\n","protected":false},"excerpt":{"rendered":"<p>d\u00fcn gece ya\u011fmur ya\u011fm\u0131\u015f perdeleri s\u0131k\u0131 s\u0131k\u0131ya kapal\u0131 kapkara trenler ge\u00e7erken i\u00e7imden a\u011f\u0131rdan a\u011far\u0131rken tan \/ sessiz ve derinden bilemedim \/ nas\u0131l ve nereden selam\u0131n \u00e7\u0131k\u0131p<span class=\"excerpt-hellip\"> [\u2026]<\/span><\/p>\n","protected":false},"featured_media":0,"template":"","meta":{"_monsterinsights_skip_tracking":false,"_monsterinsights_sitenote_active":false,"_monsterinsights_sitenote_note":"","_monsterinsights_sitenote_category":0},"product_brand":[],"product_cat":[12291,12509],"product_tag":[],"class_list":{"0":"post-744647","1":"product","2":"type-product","3":"status-publish","5":"product_cat-edebiyat","6":"product_cat-siir","7":"pa_cilt-ciltsiz","8":"pa_tur-kitap","9":"pa_yayinevi-abis-yayincilik","10":"pa_yazar-alper-akcam","12":"first","13":"instock","14":"sale","15":"shipping-taxable","16":"purchasable","17":"product-type-simple"},"_links":{"self":[{"href":"https:\/\/roveyayinevi.com.tr\/index.php\/wp-json\/wp\/v2\/product\/744647","targetHints":{"allow":["GET"]}}],"collection":[{"href":"https:\/\/roveyayinevi.com.tr\/index.php\/wp-json\/wp\/v2\/product"}],"about":[{"href":"https:\/\/roveyayinevi.com.tr\/index.php\/wp-json\/wp\/v2\/types\/product"}],"wp:attachment":[{"href":"https:\/\/roveyayinevi.com.tr\/index.php\/wp-json\/wp\/v2\/media?parent=744647"}],"wp:term":[{"taxonomy":"product_brand","embeddable":true,"href":"https:\/\/roveyayinevi.com.tr\/index.php\/wp-json\/wp\/v2\/product_brand?post=744647"},{"taxonomy":"product_cat","embeddable":true,"href":"https:\/\/roveyayinevi.com.tr\/index.php\/wp-json\/wp\/v2\/product_cat?post=744647"},{"taxonomy":"product_tag","embeddable":true,"href":"https:\/\/roveyayinevi.com.tr\/index.php\/wp-json\/wp\/v2\/product_tag?post=744647"}],"curies":[{"name":"wp","href":"https:\/\/api.w.org\/{rel}","templated":true}]}}