{"id":744646,"date":"2025-08-28T02:01:47","date_gmt":"2025-08-27T23:01:47","guid":{"rendered":"https:\/\/roveyayinevi.com.tr\/index.php\/urun\/eylul-ciltli\/"},"modified":"2026-04-16T02:56:37","modified_gmt":"2026-04-15T23:56:37","slug":"eylul-ciltli","status":"publish","type":"product","link":"https:\/\/roveyayinevi.com.tr\/index.php\/urun\/eylul-ciltli\/","title":{"rendered":"Eyl\u00fcl (Ciltli)"},"content":{"rendered":"<p>Eyl\u00fcl gerek konusu gerek yap\u0131s\u0131 gerekse metinde ge\u00e7en kahramanlar\u0131n ruh tahlillerine yer verilmesi gibi \u00f6zellikleri bak\u0131m\u0131ndan T\u00fcrk edebiyat\u0131n\u0131n \u00f6nemli romanlar\u0131 aras\u0131nda yer al\u0131r. Mehmed Rauf, bu roman\u0131nda esas\u0131nda basit bir yasak a\u015fk hik\u00e2yesini anlatm\u0131\u015ft\u0131r. Fakat Eyl\u00fcl\u2019\u00fc farkl\u0131 yapan en \u00f6nemli \u00f6zellik, eserin temas\u0131 veya konusu de\u011fil; anlat\u0131m tarz\u0131, yani \u00fcslubudur. Roman, \u00fcsl\u00fbbundaki etkileyicilikten dolay\u0131, y\u00fczy\u0131ldan fazla bir s\u00fcredir, T\u00fcrk okurunun daima g\u00fcndeminde kalm\u0131\u015f; be\u011fenilerek okunmu\u015ftur. Yazar, roman\u0131nda a\u015fk konusunu geli\u015ftirirken, roman kahramanlar\u0131n\u0131n ya\u015fad\u0131klar\u0131 yasak a\u015fk\u0131n onlar\u0131n ruhlar\u0131nda b\u0131rakt\u0131\u011f\u0131 derin etkiyi ba\u015far\u0131l\u0131 bir \u015fekilde anlatm\u0131\u015ft\u0131r. Bu bak\u0131mdan Eyl\u00fcl, edebiyat tarihimizde ilk psikolojik roman olarak tan\u0131nmaktad\u0131r.<\/p>\n","protected":false},"excerpt":{"rendered":"<p>Eyl\u00fcl gerek konusu gerek yap\u0131s\u0131 gerekse metinde ge\u00e7en kahramanlar\u0131n ruh tahlillerine yer verilmesi gibi \u00f6zellikleri bak\u0131m\u0131ndan T\u00fcrk edebiyat\u0131n\u0131n \u00f6nemli romanlar\u0131 aras\u0131nda yer al\u0131r. Mehmed Rauf, bu<span class=\"excerpt-hellip\"> [\u2026]<\/span><\/p>\n","protected":false},"featured_media":0,"template":"","meta":{"_monsterinsights_skip_tracking":false,"_monsterinsights_sitenote_active":false,"_monsterinsights_sitenote_note":"","_monsterinsights_sitenote_category":0},"product_brand":[],"product_cat":[12291,12711],"product_tag":[],"class_list":{"0":"post-744646","1":"product","2":"type-product","3":"status-publish","5":"product_cat-edebiyat","6":"product_cat-roman-oyku","7":"pa_cilt-ciltli","8":"pa_tur-kitap","9":"pa_yayinevi-otuken-nesriyat","10":"pa_yazar-mehmed-rauf","12":"first","13":"instock","14":"sale","15":"shipping-taxable","16":"purchasable","17":"product-type-simple"},"_links":{"self":[{"href":"https:\/\/roveyayinevi.com.tr\/index.php\/wp-json\/wp\/v2\/product\/744646","targetHints":{"allow":["GET"]}}],"collection":[{"href":"https:\/\/roveyayinevi.com.tr\/index.php\/wp-json\/wp\/v2\/product"}],"about":[{"href":"https:\/\/roveyayinevi.com.tr\/index.php\/wp-json\/wp\/v2\/types\/product"}],"wp:attachment":[{"href":"https:\/\/roveyayinevi.com.tr\/index.php\/wp-json\/wp\/v2\/media?parent=744646"}],"wp:term":[{"taxonomy":"product_brand","embeddable":true,"href":"https:\/\/roveyayinevi.com.tr\/index.php\/wp-json\/wp\/v2\/product_brand?post=744646"},{"taxonomy":"product_cat","embeddable":true,"href":"https:\/\/roveyayinevi.com.tr\/index.php\/wp-json\/wp\/v2\/product_cat?post=744646"},{"taxonomy":"product_tag","embeddable":true,"href":"https:\/\/roveyayinevi.com.tr\/index.php\/wp-json\/wp\/v2\/product_tag?post=744646"}],"curies":[{"name":"wp","href":"https:\/\/api.w.org\/{rel}","templated":true}]}}