{"id":744643,"date":"2025-08-28T02:01:44","date_gmt":"2025-08-27T23:01:44","guid":{"rendered":"https:\/\/roveyayinevi.com.tr\/index.php\/urun\/faslul-makal\/"},"modified":"2026-04-16T02:56:37","modified_gmt":"2026-04-15T23:56:37","slug":"faslul-makal","status":"publish","type":"product","link":"https:\/\/roveyayinevi.com.tr\/index.php\/urun\/faslul-makal\/","title":{"rendered":"Faslu\u2019l-Makal"},"content":{"rendered":"<p>Do\u011fu ve Bat\u0131 d\u00fcnyas\u0131 i\u00e7in bir d\u00f6n\u00fcm ve referans noktas\u0131. G\u00fcn\u00fcm\u00fcz i\u00e7in tekrar tekrar ke\u015ffedilmesi gereken bir klasik.<\/p>\n","protected":false},"excerpt":{"rendered":"<p>Do\u011fu ve Bat\u0131 d\u00fcnyas\u0131 i\u00e7in bir d\u00f6n\u00fcm ve referans noktas\u0131. G\u00fcn\u00fcm\u00fcz i\u00e7in tekrar tekrar ke\u015ffedilmesi gereken bir klasik.<\/p>\n","protected":false},"featured_media":0,"template":"","meta":{"_monsterinsights_skip_tracking":false,"_monsterinsights_sitenote_active":false,"_monsterinsights_sitenote_note":"","_monsterinsights_sitenote_category":0},"product_brand":[],"product_cat":[12718,12719],"product_tag":[],"class_list":{"0":"post-744643","1":"product","2":"type-product","3":"status-publish","5":"product_cat-din","6":"product_cat-islam","7":"pa_cilt-ciltsiz","8":"pa_tur-kitap","9":"pa_yayinevi-ilav-yayinlari","10":"pa_yazar-ibn-rusd","12":"first","13":"instock","14":"sale","15":"shipping-taxable","16":"purchasable","17":"product-type-simple"},"_links":{"self":[{"href":"https:\/\/roveyayinevi.com.tr\/index.php\/wp-json\/wp\/v2\/product\/744643","targetHints":{"allow":["GET"]}}],"collection":[{"href":"https:\/\/roveyayinevi.com.tr\/index.php\/wp-json\/wp\/v2\/product"}],"about":[{"href":"https:\/\/roveyayinevi.com.tr\/index.php\/wp-json\/wp\/v2\/types\/product"}],"wp:attachment":[{"href":"https:\/\/roveyayinevi.com.tr\/index.php\/wp-json\/wp\/v2\/media?parent=744643"}],"wp:term":[{"taxonomy":"product_brand","embeddable":true,"href":"https:\/\/roveyayinevi.com.tr\/index.php\/wp-json\/wp\/v2\/product_brand?post=744643"},{"taxonomy":"product_cat","embeddable":true,"href":"https:\/\/roveyayinevi.com.tr\/index.php\/wp-json\/wp\/v2\/product_cat?post=744643"},{"taxonomy":"product_tag","embeddable":true,"href":"https:\/\/roveyayinevi.com.tr\/index.php\/wp-json\/wp\/v2\/product_tag?post=744643"}],"curies":[{"name":"wp","href":"https:\/\/api.w.org\/{rel}","templated":true}]}}